{"id":1710,"date":"2019-03-27T12:51:21","date_gmt":"2019-03-27T16:51:21","guid":{"rendered":"http:\/\/convention.cpa.ca\/assistez-au-congres\/benevolat\/"},"modified":"2026-03-23T14:14:08","modified_gmt":"2026-03-23T18:14:08","slug":"benevolat","status":"publish","type":"page","link":"https:\/\/convention.cpa.ca\/fr\/a-propos\/benevolat\/","title":{"rendered":"B\u00e9n\u00e9volat"},"content":{"rendered":"<p>[et_pb_section fb_built=\u00a0\u00bb1&Prime; admin_label=\u00a0\u00bbsection\u00a0\u00bb _builder_version=\u00a0\u00bb4.16&Prime; global_colors_info=\u00a0\u00bb{}\u00a0\u00bb][et_pb_row admin_label=\u00a0\u00bbrow\u00a0\u00bb _builder_version=\u00a0\u00bb4.16&Prime; background_size=\u00a0\u00bbinitial\u00a0\u00bb background_position=\u00a0\u00bbtop_left\u00a0\u00bb background_repeat=\u00a0\u00bbrepeat\u00a0\u00bb global_colors_info=\u00a0\u00bb{}\u00a0\u00bb][et_pb_column type=\u00a0\u00bb4_4&Prime; _builder_version=\u00a0\u00bb4.16&Prime; custom_padding=\u00a0\u00bb|||\u00a0\u00bb global_colors_info=\u00a0\u00bb{}\u00a0\u00bb custom_padding__hover=\u00a0\u00bb|||\u00a0\u00bb][et_pb_text admin_label=\u00a0\u00bbText\u00a0\u00bb _builder_version=\u00a0\u00bb4.27.6&Prime; background_size=\u00a0\u00bbinitial\u00a0\u00bb background_position=\u00a0\u00bbtop_left\u00a0\u00bb background_repeat=\u00a0\u00bbrepeat\u00a0\u00bb hover_enabled=\u00a0\u00bb0&Prime; use_border_color=\u00a0\u00bboff\u00a0\u00bb border_color=\u00a0\u00bb#ffffff\u00a0\u00bb border_style=\u00a0\u00bbsolid\u00a0\u00bb global_colors_info=\u00a0\u00bb{}\u00a0\u00bb sticky_enabled=\u00a0\u00bb0&Prime;]<\/p>\n<h1><img decoding=\"async\" class=\"wp-image-899 aligncenter\" src=\"http:\/\/convention.cpa.ca\/wp-content\/uploads\/2022\/03\/Volunteer.jpg\" alt=\"B\u00e9n\u00e9volat\" \/><\/h1>\n<h1><strong>B\u00e9n\u00e9volat<\/strong><\/h1>\n<p>Les b\u00e9n\u00e9voles jouent un r\u00f4le cl\u00e9 dans le succ\u00e8s de tout congr\u00e8s et dans l\u2019exp\u00e9rience globale des participants. Nous avons besoin de b\u00e9n\u00e9voles enthousiastes pour aider dans diverses t\u00e2ches. Veuillez consulter le lien ci-dessous pour conna\u00eetre les disponibilit\u00e9s.<\/p>\n<p><a href=\"https:\/\/cpa.ca\/machform\/view.php?id=164613\" target=\"_blank\" rel=\"noopener noreferrer\"><strong>FORMULAIRE D\u2019OFFRE DE B\u00c9N\u00c9VOLAT<\/strong><\/a><\/p>\n<p>[\/et_pb_text][et_pb_text _builder_version=\u00a0\u00bb4.27.6&Prime; _module_preset=\u00a0\u00bbdefault\u00a0\u00bb hover_enabled=\u00a0\u00bb0&Prime; sticky_enabled=\u00a0\u00bb0&Prime;]<\/p>\n<p style=\"font-style: italic;\">*Veuillez noter que si vous \u00eates psychologue, \u00e9tudiant en psychologie, membre de la SCP, membre honoraire \u00e0 vie de la SCP, \u00e9tudiant affili\u00e9 de la SCP ou membre \u00e9tudiant d\u2019une association provinciale, ou intervenant au congr\u00e8s, vous devrez \u00eatre inscrit au congr\u00e8s national annuel de la SCP pour pouvoir faire du b\u00e9n\u00e9volat.<\/p>\n<p>[\/et_pb_text][\/et_pb_column][\/et_pb_row][\/et_pb_section]<\/p>\n","protected":false},"excerpt":{"rendered":"<p>B\u00e9n\u00e9volat Les b\u00e9n\u00e9voles jouent un r\u00f4le cl\u00e9 dans le succ\u00e8s de tout congr\u00e8s et dans l\u2019exp\u00e9rience globale des participants. Nous avons besoin de b\u00e9n\u00e9voles enthousiastes pour aider dans diverses t\u00e2ches. Veuillez consulter le lien ci-dessous pour conna\u00eetre les disponibilit\u00e9s. FORMULAIRE D\u2019OFFRE DE B\u00c9N\u00c9VOLAT*Veuillez noter que si vous \u00eates psychologue, \u00e9tudiant en psychologie, membre de la [&hellip;]<\/p>\n","protected":false},"author":1,"featured_media":0,"parent":548,"menu_order":0,"comment_status":"closed","ping_status":"closed","template":"","meta":{"_et_pb_use_builder":"on","_et_pb_old_content":"","_et_gb_content_width":"","_monsterinsights_skip_tracking":false,"_monsterinsights_sitenote_active":false,"_monsterinsights_sitenote_note":"","_monsterinsights_sitenote_category":0,"footnotes":""},"class_list":["post-1710","page","type-page","status-publish","hentry"],"aioseo_notices":[],"publishpress_future_action":{"enabled":false,"date":"2026-04-26 07:31:24","action":"change-status","newStatus":"draft","terms":[],"taxonomy":"translation_priority","extraData":[]},"publishpress_future_workflow_manual_trigger":{"enabledWorkflows":[]},"_links":{"self":[{"href":"https:\/\/convention.cpa.ca\/fr\/wp-json\/wp\/v2\/pages\/1710","targetHints":{"allow":["GET"]}}],"collection":[{"href":"https:\/\/convention.cpa.ca\/fr\/wp-json\/wp\/v2\/pages"}],"about":[{"href":"https:\/\/convention.cpa.ca\/fr\/wp-json\/wp\/v2\/types\/page"}],"author":[{"embeddable":true,"href":"https:\/\/convention.cpa.ca\/fr\/wp-json\/wp\/v2\/users\/1"}],"replies":[{"embeddable":true,"href":"https:\/\/convention.cpa.ca\/fr\/wp-json\/wp\/v2\/comments?post=1710"}],"version-history":[{"count":20,"href":"https:\/\/convention.cpa.ca\/fr\/wp-json\/wp\/v2\/pages\/1710\/revisions"}],"predecessor-version":[{"id":17729,"href":"https:\/\/convention.cpa.ca\/fr\/wp-json\/wp\/v2\/pages\/1710\/revisions\/17729"}],"up":[{"embeddable":true,"href":"https:\/\/convention.cpa.ca\/fr\/wp-json\/wp\/v2\/pages\/548"}],"wp:attachment":[{"href":"https:\/\/convention.cpa.ca\/fr\/wp-json\/wp\/v2\/media?parent=1710"}],"curies":[{"name":"wp","href":"https:\/\/api.w.org\/{rel}","templated":true}]}}