{"id":17361,"date":"2026-02-04T15:56:37","date_gmt":"2026-02-04T20:56:37","guid":{"rendered":"https:\/\/convention.cpa.ca\/a-propos\/cpa-student-travel-bursary\/"},"modified":"2026-02-04T16:24:19","modified_gmt":"2026-02-04T21:24:19","slug":"cpa-student-travel-bursary","status":"publish","type":"page","link":"https:\/\/convention.cpa.ca\/fr\/a-propos\/cpa-student-travel-bursary\/","title":{"rendered":"Subvention de voyage \u00e9tudiante pour le congr\u00e8s de la SCP 2026"},"content":{"rendered":"<p>[et_pb_section fb_built=\u00a0\u00bb1&Prime; admin_label=\u00a0\u00bbsection\u00a0\u00bb _builder_version=\u00a0\u00bb4.16&Prime; global_colors_info=\u00a0\u00bb{}\u00a0\u00bb][et_pb_row admin_label=\u00a0\u00bbrow\u00a0\u00bb _builder_version=\u00a0\u00bb4.16&Prime; background_size=\u00a0\u00bbinitial\u00a0\u00bb background_position=\u00a0\u00bbtop_left\u00a0\u00bb background_repeat=\u00a0\u00bbrepeat\u00a0\u00bb global_colors_info=\u00a0\u00bb{}\u00a0\u00bb][et_pb_column type=\u00a0\u00bb4_4&Prime; _builder_version=\u00a0\u00bb4.16&Prime; custom_padding=\u00a0\u00bb|||\u00a0\u00bb global_colors_info=\u00a0\u00bb{}\u00a0\u00bb custom_padding__hover=\u00a0\u00bb|||\u00a0\u00bb][et_pb_text admin_label=\u00a0\u00bbText\u00a0\u00bb _builder_version=\u00a0\u00bb4.27.4&Prime; background_size=\u00a0\u00bbinitial\u00a0\u00bb background_position=\u00a0\u00bbtop_left\u00a0\u00bb background_repeat=\u00a0\u00bbrepeat\u00a0\u00bb hover_enabled=\u00a0\u00bb0&Prime; global_colors_info=\u00a0\u00bb{}\u00a0\u00bb sticky_enabled=\u00a0\u00bb0&Prime;]<\/p>\n<h2>Subvention de voyage \u00e9tudiante pour le congr\u00e8s de la SCP 2026<\/h2>\n<p>La Subvention de voyage \u00e9tudiante pour le congr\u00e8s de la SCP, d\u2019une valeur pouvant atteindre 250 $, sera attribu\u00e9e \u00e0 10 \u00e9tudiant\u00b7e\u00b7s affili\u00e9\u00b7e\u00b7s \u00e0 la SCP inscrit\u00b7e\u00b7s pour assister au Congr\u00e8s national annuel 2026 de la SCP, qui se tiendra \u00e0 Montr\u00e9al (Qu\u00e9bec) du 4 au 6 juin 2026. <strong>La date limite pour soumettre une demande est le 4 mai 2026.<\/strong><\/p>\n<p><a href=\"https:\/\/cpa.ca\/machform\/view.php?id=162949\" target=\"_blank\" rel=\"noopener\">Subvention de voyage \u00e9tudiante pour le congr\u00e8s de la SCP 2026<\/a><\/p>\n<hr \/>\n<h2>Bourse de voyage pour les \u00e9tudiants qui \u00e9tudient la psychologie de l\u2019enfant, la psychologie clinique et\/ou la psychologie du d\u00e9veloppement<\/h2>\n<p>Appel de demandes de bourse : Bourse de voyage pour les \u00e9tudiants qui \u00e9tudient la psychologie de l\u2019enfant, la psychologie clinique et\/ou la psychologie du d\u00e9veloppement.<\/p>\n<p>La Soci\u00e9t\u00e9 canadienne de psychologie (SCP) est heureuse d\u2019annoncer la cr\u00e9ation d\u2019une nouvelle bourse de voyage pour les \u00e9tudiants affili\u00e9s dipl\u00f4m\u00e9s, financ\u00e9e par la Banff International Conference on Behavioural Science. <strong>La date limite pour soumettre une demande est le 4 mai 2026.<\/strong><\/p>\n<p><a href=\"https:\/\/cpa.ca\/machform\/view.php?id=161991\" target=\"_blank\" rel=\"noopener\">https:\/\/cpa.ca\/machform\/view.php?id=161991<\/a><\/p>\n<h3>&nbsp;<\/h3>\n<h3>&nbsp;<\/h3>\n<h3>&nbsp;<\/h3>\n<p>[\/et_pb_text][\/et_pb_column][\/et_pb_row][\/et_pb_section]<\/p>\n","protected":false},"excerpt":{"rendered":"<p><!--more--><\/p>\n","protected":false},"author":5,"featured_media":0,"parent":548,"menu_order":0,"comment_status":"closed","ping_status":"closed","template":"","meta":{"_et_pb_use_builder":"on","_et_pb_old_content":"","_et_gb_content_width":"","_monsterinsights_skip_tracking":false,"_monsterinsights_sitenote_active":false,"_monsterinsights_sitenote_note":"","_monsterinsights_sitenote_category":0,"footnotes":""},"class_list":["post-17361","page","type-page","status-publish","hentry"],"aioseo_notices":[],"publishpress_future_action":{"enabled":false,"date":"2026-04-19 22:05:17","action":"change-status","newStatus":"draft","terms":[],"taxonomy":"translation_priority","extraData":[]},"publishpress_future_workflow_manual_trigger":{"enabledWorkflows":[]},"_links":{"self":[{"href":"https:\/\/convention.cpa.ca\/fr\/wp-json\/wp\/v2\/pages\/17361","targetHints":{"allow":["GET"]}}],"collection":[{"href":"https:\/\/convention.cpa.ca\/fr\/wp-json\/wp\/v2\/pages"}],"about":[{"href":"https:\/\/convention.cpa.ca\/fr\/wp-json\/wp\/v2\/types\/page"}],"author":[{"embeddable":true,"href":"https:\/\/convention.cpa.ca\/fr\/wp-json\/wp\/v2\/users\/5"}],"replies":[{"embeddable":true,"href":"https:\/\/convention.cpa.ca\/fr\/wp-json\/wp\/v2\/comments?post=17361"}],"version-history":[{"count":6,"href":"https:\/\/convention.cpa.ca\/fr\/wp-json\/wp\/v2\/pages\/17361\/revisions"}],"predecessor-version":[{"id":17392,"href":"https:\/\/convention.cpa.ca\/fr\/wp-json\/wp\/v2\/pages\/17361\/revisions\/17392"}],"up":[{"embeddable":true,"href":"https:\/\/convention.cpa.ca\/fr\/wp-json\/wp\/v2\/pages\/548"}],"wp:attachment":[{"href":"https:\/\/convention.cpa.ca\/fr\/wp-json\/wp\/v2\/media?parent=17361"}],"curies":[{"name":"wp","href":"https:\/\/api.w.org\/{rel}","templated":true}]}}