{"id":2507,"date":"2019-10-08T15:52:21","date_gmt":"2019-10-08T19:52:21","guid":{"rendered":"http:\/\/convention.cpa.ca\/scientific-program-2\/"},"modified":"2025-02-10T10:06:22","modified_gmt":"2025-02-10T15:06:22","slug":"scientific-program","status":"publish","type":"page","link":"https:\/\/convention.cpa.ca\/fr\/scientific-program\/","title":{"rendered":"Programme scientifique"},"content":{"rendered":"<p>[et_pb_section fb_built=\u00a0\u00bb1&Prime; _builder_version=\u00a0\u00bb3.25.1&Prime; global_colors_info=\u00a0\u00bb{}\u00a0\u00bb][et_pb_row column_structure=\u00a0\u00bb3_5,2_5&Prime; disabled_on=\u00a0\u00bboff|off|off\u00a0\u00bb _builder_version=\u00a0\u00bb4.4.6&Prime; global_colors_info=\u00a0\u00bb{}\u00a0\u00bb][et_pb_column type=\u00a0\u00bb3_5&Prime; _builder_version=\u00a0\u00bb3.25.1&Prime; global_colors_info=\u00a0\u00bb{}\u00a0\u00bb][et_pb_text _builder_version=\u00a0\u00bb4.14.1&Prime; global_colors_info=\u00a0\u00bb{}\u00a0\u00bb]<\/p>\n<h1>Programme scientifique<\/h1>\n<h3>Th\u00e8me du congr\u00e8s<\/h3>\n<p>Se d\u00e9roulant sur trois jours, du 12 au 14 juin, et organis\u00e9 autour de 12 domaines th\u00e9matiques et des domaines d\u2019int\u00e9r\u00eat des 34 sections de la SCP, le congr\u00e8s national annuel de la SCP de 2024 offrira de nombreuses possibilit\u00e9s de d\u00e9veloppement personnel et professionnel, et mettra en valeur les multiples fa\u00e7ons dont la recherche en psychologie, la pratique et l\u2019enseignement de la psychologie sont b\u00e9n\u00e9fiques \u00e0 la soci\u00e9t\u00e9, am\u00e9liorent la vie des gens et font progresser la discipline.<\/p>\n<p>[\/et_pb_text][\/et_pb_column][et_pb_column type=\u00a0\u00bb2_5&Prime; _builder_version=\u00a0\u00bb3.25.1&Prime; global_colors_info=\u00a0\u00bb{}\u00a0\u00bb][et_pb_text disabled_on=\u00a0\u00bboff|off|off\u00a0\u00bb _builder_version=\u00a0\u00bb4.14.1&Prime; global_colors_info=\u00a0\u00bb{}\u00a0\u00bb]<\/p>\n<h3><a class=\"buttonmenu\" href=\"\/fr\/scientific-program\/presentation-types\/\" style=\"float:right; width:300px;\">Types de pr\u00e9sentation<\/a><\/h3>\n<h3><a class=\"buttonmenu\" style=\"float: right; width: 300px;\" href=\"\/fr\/conference-pleniere\/\">Conf\u00e9rence pl\u00e9ni\u00e8re<\/a><\/h3>\n<h3><a class=\"buttonmenu\" style=\"float: right; width: 300px;\" href=\"https:\/\/convention.cpa.ca\/fr\/scientific-program\/section-and-thematic-featured-speakers\/\">Conf\u00e9rences et symposiums organis\u00e9s par les sections<\/a><\/h3>\n<h3><a class=\"buttonmenu\" style=\"float: right; width: 300px;\" href=\"https:\/\/convention.cpa.ca\/fr\/scientific-program\/program-schedule-and-themes\/\">Calendrier et th\u00e8mes du programme<\/a><\/h3>\n<p><!-----\n\n\n<div style=\"float: right; text-align:center;width:300px; padding-top:15px;\">\n<a target=\"_blank\" href=\"https:\/\/cpa.ca\/docs\/File\/Convention\/2022\/CPA Convention Guide 2022_FINAL.pdf\" rel=\"noopener noreferrer\"><img decoding=\"async\" src=\"https:\/\/cpa.ca\/docs\/File\/Convention\/2022\/ConventionGuide2022Cover.png\" alt=\"2022 CPA Convention Guide (PDF)\" style=\"max-width:200px; border:thin gray solid;\" \/>\nGuide du Congr\u00e8s \nSCP 2022 (PDF)<\/a>\n<\/div>\n\n------>[\/et_pb_text][\/et_pb_column][\/et_pb_row][et_pb_row disabled_on=\u00a0\u00bboff|off|off\u00a0\u00bb _builder_version=\u00a0\u00bb4.4.6&Prime; global_colors_info=\u00a0\u00bb{}\u00a0\u00bb][et_pb_column type=\u00a0\u00bb4_4&Prime; _builder_version=\u00a0\u00bb3.25.1&Prime; global_colors_info=\u00a0\u00bb{}\u00a0\u00bb][et_pb_text _builder_version=\u00a0\u00bb4.14.1&Prime; global_colors_info=\u00a0\u00bb{}\u00a0\u00bb]<\/p>\n<p>Les domaines th\u00e9matiques couverts dans le programme scientifique sont les suivants\u00a0:<\/p>\n<table cellspacing=\"0\" cellpadding=\"5\">\n<tbody>\n<tr valign=\"top\">\n<th width=\"30%\">Sous-domaines th\u00e9matiques<\/th>\n<th>Description<\/th>\n<\/tr>\n<tr valign=\"top\">\n<td style=\"font-weight: bolder;\">Comprendre et am\u00e9liorer le milieu de travail<\/td>\n<td>Comprendre les facteurs qui contribuent \u00e0 la qualit\u00e9 du milieu de travail et l\u2019impact du milieu de travail sur nos vies et notre bien-\u00eatre<\/td>\n<\/tr>\n<tr valign=\"top\">\n<td style=\"font-weight: bolder;\">Comprendre l\u2019esprit et le cerveau<\/td>\n<td>Comprendre ce qui contribue \u2013 et ne contribue pas \u2013 au fonctionnement de l\u2019esprit et du cerveau<\/td>\n<\/tr>\n<tr valign=\"top\">\n<td style=\"font-weight: bolder;\">Am\u00e9liorer et promouvoir la sant\u00e9<\/td>\n<td>Aider les gens \u00e0 adopter un mode de vie sain, faciliter la performance humaine de pointe et am\u00e9liorer le traitement de probl\u00e8mes humains complexes<\/td>\n<\/tr>\n<tr valign=\"top\">\n<td style=\"font-weight: bolder;\">Am\u00e9liorer la sant\u00e9 de la plan\u00e8te<\/td>\n<td>Travailler \u00e0 modifier les comportements humains pour restaurer notre environnement<\/td>\n<\/tr>\n<tr valign=\"top\">\n<td style=\"font-weight: bolder;\">Servir les collectivit\u00e9s<\/td>\n<td>Renforcer les collectivit\u00e9s en cherchant \u00e0 comprendre les besoins particuliers d\u2019une collectivit\u00e9 donn\u00e9e et \u00e0 y r\u00e9pondre<\/td>\n<\/tr>\n<tr valign=\"top\">\n<td style=\"font-weight: bolder;\">Comprendre la soci\u00e9t\u00e9 et le monde qui nous entoure<\/td>\n<td>Aider les gens \u00e0 comprendre le monde et \u00e0 am\u00e9liorer nos interactions au sein de la soci\u00e9t\u00e9 et avec les personnes qui font partie de notre vie.<\/td>\n<\/tr>\n<tr valign=\"top\">\n<td style=\"font-weight: bolder;\">Examiner quand, o\u00f9, pourquoi et comment nous apprenons et performons, et ce que nous apprenons et accomplissons<\/td>\n<td>Examiner comment les gens apprennent et aider \u00e0 faciliter la performance de pointe \u00e0 l\u2019\u00e9cole, sur le terrain de jeu et dans d\u2019autres situations qui exigent une performance physique et mentale<\/td>\n<\/tr>\n<tr valign=\"top\">\n<td style=\"font-weight: bolder;\">Promouvoir l\u2019\u00e9quit\u00e9, la diversit\u00e9 et l\u2019inclusion<\/td>\n<td>Explorer les fa\u00e7ons dont la psychologie \u2013 selon le point de vue de la pratique, de la recherche et de l\u2019enseignement \u2013 favorise l\u2019\u00e9quit\u00e9, la diversit\u00e9 et l\u2019inclusivit\u00e9, et comment elle peut et devrait le faire<\/td>\n<\/tr>\n<tr valign=\"top\">\n<td style=\"font-weight: bolder;\">Explorer les \u00e9tapes de la vie<\/td>\n<td>Explorer le d\u00e9veloppement de la personne tout au long de la vie, de la petite enfance \u00e0 l\u2019enfance, l\u2019adolescence, l\u2019\u00e2ge adulte et le troisi\u00e8me \u00e2ge, jusqu\u2019\u00e0 la retraite<\/td>\n<\/tr>\n<tr valign=\"top\">\n<td style=\"font-weight: bolder;\">Questions professionnelles et questions relatives \u00e0 la formation<\/td>\n<td>Examiner les questions relatives \u00e0 notre discipline en tant que profession, y compris l\u2019agr\u00e9ment, l\u2019\u00e9thique, le financement, la formation<\/td>\n<\/tr>\n<tr valign=\"top\">\n<td style=\"font-weight: bolder;\">Explorer les racines intellectuelles<\/td>\n<td>Examiner notre discipline et les diverses composantes psychologiques selon une perspective th\u00e9orique, historique ou philosophique<\/td>\n<\/tr>\n<tr valign=\"top\">\n<td style=\"font-weight: bolder;\">Orienter les politiques publiques<\/td>\n<td>Mettre en \u00e9vidence les fa\u00e7ons dont la psychologie peut orienter les politiques publiques, et comment elle le fait<\/td>\n<\/tr>\n<tr valign=\"top\">\n<td style=\"font-weight: bolder;\">Am\u00e9liorer la recherche en psychologie<\/td>\n<td>Mettre en \u00e9vidence les fa\u00e7ons dont la recherche en psychologie \u2013 m\u00e9thodes, analyses, conception \u2013 peut \u00eatre am\u00e9lior\u00e9e et mieux utilis\u00e9e pour orienter la science, la pratique et l\u2019enseignement de la psychologie<\/td>\n<\/tr>\n<\/tbody>\n<\/table>\n<p>[\/et_pb_text][et_pb_text _builder_version=\u00a0\u00bb4.14.1&Prime; _module_preset=\u00a0\u00bbdefault\u00a0\u00bb hover_enabled=\u00a0\u00bb0&Prime; global_colors_info=\u00a0\u00bb{}\u00a0\u00bb sticky_enabled=\u00a0\u00bb0&Prime;]<\/p>\n<h3>Ateliers de perfectionnement professionnel<\/h3>\n<p>Le congr\u00e8s de la SCP de 2025 offrira diverses possibilit\u00e9s de perfectionnement professionnel avant et pendant le congr\u00e8s.<\/p>\n<p>Le 11 juin, plusieurs ateliers pr\u00e9congr\u00e8s de trois heures et six heures donnant droit \u00e0 des cr\u00e9dits de formation continue sont au programme. <a href=\"https:\/\/convention.cpa.ca\/fr\/workshops\/pre-convention-program\/\">Cliquez ici<\/a> pour obtenir des informations suppl\u00e9mentaires sur ces ateliers. Veuillez noter que ces ateliers comporteront des frais qui s\u2019ajouteront aux frais d\u2019inscription au congr\u00e8s.<\/p>\n<p>Tout au long du congr\u00e8s, divers ateliers de 85\u00a0minutes, dont certains donnent droit \u00e0 des cr\u00e9dits de formation continue, seront offerts. L\u2019inscription \u00e0 ces ateliers sera incluse dans les frais d\u2019inscription au congr\u00e8s. Revenez ici en mars pour consulter la liste des ateliers offerts.<\/p>\n<h3>Certificats attestant l\u2019obtention de cr\u00e9dits de formation continue<\/h3>\n<p>Les certificats de participation aux ateliers admissibles seront d\u00e9livr\u00e9s aux participants apr\u00e8s la congr\u00e9s.<\/p>\n<h3>Conf\u00e9rences et symposiums organis\u00e9s par les sections<\/h3>\n<p><a href=\"https:\/\/convention.cpa.ca\/fr\/scientific-program\/section-and-thematic-featured-speakers\/\">Conf\u00e9rences et symposiums organis\u00e9s par les sections<\/a><\/p>\n<h3>Formats de pr\u00e9sentation<\/h3>\n<p>Le Comit\u00e9 du congr\u00e8s de la SCP est heureux d\u2019offrir un large \u00e9ventail de formats de pr\u00e9sentation \u00e0 envisager pour le programme scientifique. <a href=\"https:\/\/convention.cpa.ca\/fr\/scientific-program\/presentation-types\/\">Cliquez ici<\/a> pour en afficher la liste.<\/p>\n<h3>Autres \u00e9v\u00e9nements pr\u00e9-conf\u00e9rence<\/h3>\n<p><a href=\"https:\/\/convention.cpa.ca\/fr\/scientific-program\/pre-conference-events\/\">http:\/\/convention.cpa.ca\/scientific-program\/pre-conference-events\/<\/a>[\/et_pb_text][\/et_pb_column][\/et_pb_row][\/et_pb_section]<\/p>\n","protected":false},"excerpt":{"rendered":"<p>[et_pb_section fb_built=\u00a0\u00bb1&Prime; _builder_version=\u00a0\u00bb3.25.1&Prime; global_colors_info=\u00a0\u00bb{}\u00a0\u00bb][et_pb_row column_structure=\u00a0\u00bb3_5,2_5&Prime; disabled_on=\u00a0\u00bboff|off|off\u00a0\u00bb _builder_version=\u00a0\u00bb4.4.6&Prime; global_colors_info=\u00a0\u00bb{}\u00a0\u00bb][et_pb_column type=\u00a0\u00bb3_5&Prime; _builder_version=\u00a0\u00bb3.25.1&Prime; global_colors_info=\u00a0\u00bb{}\u00a0\u00bb][et_pb_text _builder_version=\u00a0\u00bb4.14.1&Prime; global_colors_info=\u00a0\u00bb{}\u00a0\u00bb] Programme scientifique Th\u00e8me du congr\u00e8s Se d\u00e9roulant sur trois jours, du 12 au 14 juin, et organis\u00e9 autour de 12 domaines th\u00e9matiques et des domaines d\u2019int\u00e9r\u00eat des 34 sections de la SCP, le congr\u00e8s national annuel de la SCP de 2024 offrira [&hellip;]<\/p>\n","protected":false},"author":5,"featured_media":0,"parent":0,"menu_order":0,"comment_status":"closed","ping_status":"closed","template":"","meta":{"_et_pb_use_builder":"on","_et_pb_old_content":"","_et_gb_content_width":"","_monsterinsights_skip_tracking":false,"_monsterinsights_sitenote_active":false,"_monsterinsights_sitenote_note":"","_monsterinsights_sitenote_category":0,"footnotes":""},"class_list":["post-2507","page","type-page","status-publish","hentry"],"aioseo_notices":[],"publishpress_future_action":{"enabled":false,"date":"2026-04-18 11:38:36","action":"change-status","newStatus":"draft","terms":[],"taxonomy":"translation_priority","extraData":[]},"publishpress_future_workflow_manual_trigger":{"enabledWorkflows":[]},"_links":{"self":[{"href":"https:\/\/convention.cpa.ca\/fr\/wp-json\/wp\/v2\/pages\/2507","targetHints":{"allow":["GET"]}}],"collection":[{"href":"https:\/\/convention.cpa.ca\/fr\/wp-json\/wp\/v2\/pages"}],"about":[{"href":"https:\/\/convention.cpa.ca\/fr\/wp-json\/wp\/v2\/types\/page"}],"author":[{"embeddable":true,"href":"https:\/\/convention.cpa.ca\/fr\/wp-json\/wp\/v2\/users\/5"}],"replies":[{"embeddable":true,"href":"https:\/\/convention.cpa.ca\/fr\/wp-json\/wp\/v2\/comments?post=2507"}],"version-history":[{"count":48,"href":"https:\/\/convention.cpa.ca\/fr\/wp-json\/wp\/v2\/pages\/2507\/revisions"}],"predecessor-version":[{"id":14829,"href":"https:\/\/convention.cpa.ca\/fr\/wp-json\/wp\/v2\/pages\/2507\/revisions\/14829"}],"wp:attachment":[{"href":"https:\/\/convention.cpa.ca\/fr\/wp-json\/wp\/v2\/media?parent=2507"}],"curies":[{"name":"wp","href":"https:\/\/api.w.org\/{rel}","templated":true}]}}