{"id":2868,"date":"2019-11-22T10:35:03","date_gmt":"2019-11-22T15:35:03","guid":{"rendered":"http:\/\/convention.cpa.ca\/a-propos\/important-dates\/"},"modified":"2025-09-18T13:35:51","modified_gmt":"2025-09-18T17:35:51","slug":"important-dates","status":"publish","type":"page","link":"https:\/\/convention.cpa.ca\/fr\/a-propos\/important-dates\/","title":{"rendered":"Dates importantes &#8211; Congr\u00e8s de la SCP de 2026, Montr\u00e9al, Qu\u00e9bec"},"content":{"rendered":"<p>[et_pb_section fb_built=\u00a0\u00bb1&Prime; admin_label=\u00a0\u00bbsection\u00a0\u00bb _builder_version=\u00a0\u00bb4.16&Prime; global_colors_info=\u00a0\u00bb{}\u00a0\u00bb][et_pb_row admin_label=\u00a0\u00bbrow\u00a0\u00bb _builder_version=\u00a0\u00bb4.16&Prime; background_size=\u00a0\u00bbinitial\u00a0\u00bb background_position=\u00a0\u00bbtop_left\u00a0\u00bb background_repeat=\u00a0\u00bbrepeat\u00a0\u00bb global_colors_info=\u00a0\u00bb{}\u00a0\u00bb][et_pb_column type=\u00a0\u00bb4_4&Prime; _builder_version=\u00a0\u00bb4.16&Prime; custom_padding=\u00a0\u00bb|||\u00a0\u00bb global_colors_info=\u00a0\u00bb{}\u00a0\u00bb custom_padding__hover=\u00a0\u00bb|||\u00a0\u00bb][et_pb_slider _builder_version=\u00a0\u00bb4.27.4&Prime; _module_preset=\u00a0\u00bbdefault\u00a0\u00bb global_colors_info=\u00a0\u00bb{}\u00a0\u00bb][et_pb_slide _builder_version=\u00a0\u00bb4.27.4&Prime; _module_preset=\u00a0\u00bbdefault\u00a0\u00bb background_image=\u00a0\u00bbhttps:\/\/convention.cpa.ca\/wp-content\/uploads\/2025\/08\/Convention-page-Banner-FR-2026.jpg\u00a0\u00bb background_enable_image=\u00a0\u00bbon\u00a0\u00bb global_colors_info=\u00a0\u00bb{}\u00a0\u00bb sticky_transition=\u00a0\u00bbon\u00a0\u00bb][\/et_pb_slide][\/et_pb_slider][et_pb_text admin_label=\u00a0\u00bbText\u00a0\u00bb _builder_version=\u00a0\u00bb4.27.4&Prime; background_size=\u00a0\u00bbinitial\u00a0\u00bb background_position=\u00a0\u00bbtop_left\u00a0\u00bb background_repeat=\u00a0\u00bbrepeat\u00a0\u00bb hover_enabled=\u00a0\u00bb0&Prime; global_colors_info=\u00a0\u00bb{}\u00a0\u00bb sticky_enabled=\u00a0\u00bb0&Prime;]<\/p>\n<h1>\u00a0<\/h1>\n<h1>Dates important, &#8211; Congr\u00e8s de la SCP de 2026, Montr\u00e9al, Qu\u00e9bec<\/h1>\n<p><em>*Veuillez noter que toutes les heures sont indiqu\u00e9es en heure de l\u2019Est. <\/em><\/p>\n<table border=\"0\" cellspacing=\"0\" cellpadding=\"5\">\n<tbody>\n<tr valign=\"top\">\n<td><strong>Ouverture du syst\u00e8me de proposition de r\u00e9sum\u00e9s pour le congr\u00e8s de 2026<\/strong><\/td>\n<td>lundi 6 octobre 2025<\/td>\n<\/tr>\n<tr valign=\"top\">\n<td><strong>Fermeture du syst\u00e8me de proposition de r\u00e9sum\u00e9s pour le congr\u00e8s de 2026<\/strong><\/td>\n<td>jeudi 4 decembre 2025<\/td>\n<\/tr>\n<tr valign=\"top\">\n<td><strong>Envoi des avis d\u2019acceptation et de refus<\/strong><\/td>\n<td>f\u00e9vrier 2026<\/td>\n<\/tr>\n<tr valign=\"top\">\n<td><strong>D\u00e9but de la p\u00e9riode d\u2019inscription<\/strong><\/td>\n<td>f\u00e9vrier 2026<\/td>\n<\/tr>\n<tr valign=\"top\">\n<td><strong>Date limite pour l\u2019inscription des pr\u00e9sentateurs d\u2019une communication orale <\/strong><\/td>\n<td>vendredi 3 avril 2026<\/td>\n<\/tr>\n<tr valign=\"top\">\n<td><strong>Fin de la p\u00e9riode de pr\u00e9inscription \u00e0 tarif <\/strong><\/td>\n<td>vendredi 3 avril 2026<\/td>\n<\/tr>\n<tr valign=\"top\">\n<td><strong>Date limite pour retirer une proposition<\/strong><\/td>\n<td>vendredi 13 mars 2026<\/td>\n<\/tr>\n<tr valign=\"top\">\n<td><strong>Date limite pour proc\u00e9der au remplacement d\u2019un auteur<\/strong><\/td>\n<td>vendredi 20 mars 2026<\/td>\n<\/tr>\n<tr valign=\"top\">\n<td><strong>Date limite de t\u00e9l\u00e9chargement des pr\u00e9sentations par affiches virtuelles<\/strong><\/td>\n<td>mercredi 27 mai 2026<\/td>\n<\/tr>\n<tr valign=\"top\">\n<td><strong>Ateliers pr\u00e9congr\u00e8s<\/strong><\/td>\n<td>mercredi 3 juin 2026<\/td>\n<\/tr>\n<tr valign=\"top\">\n<td><strong>Tenue du congr\u00e8s<\/strong><\/td>\n<td>jeudi 4 juin au samedi 6 juin 2026<\/td>\n<\/tr>\n<tr valign=\"top\">\n<td>\u00a0<\/td>\n<td>\u00a0<\/td>\n<\/tr>\n<tr valign=\"top\">\n<td>\u00a0<\/td>\n<td>\u00a0<\/td>\n<\/tr>\n<\/tbody>\n<\/table>\n<p>&nbsp;<\/p>\n<p>[\/et_pb_text][\/et_pb_column][\/et_pb_row][\/et_pb_section]<\/p>\n","protected":false},"excerpt":{"rendered":"<p>[et_pb_section fb_built=\u00a0\u00bb1&Prime; admin_label=\u00a0\u00bbsection\u00a0\u00bb _builder_version=\u00a0\u00bb4.16&Prime; global_colors_info=\u00a0\u00bb{}\u00a0\u00bb][et_pb_row admin_label=\u00a0\u00bbrow\u00a0\u00bb _builder_version=\u00a0\u00bb4.16&Prime; background_size=\u00a0\u00bbinitial\u00a0\u00bb background_position=\u00a0\u00bbtop_left\u00a0\u00bb background_repeat=\u00a0\u00bbrepeat\u00a0\u00bb global_colors_info=\u00a0\u00bb{}\u00a0\u00bb][et_pb_column type=\u00a0\u00bb4_4&Prime; _builder_version=\u00a0\u00bb4.16&Prime; custom_padding=\u00a0\u00bb|||\u00a0\u00bb global_colors_info=\u00a0\u00bb{}\u00a0\u00bb custom_padding__hover=\u00a0\u00bb|||\u00a0\u00bb][et_pb_slider _builder_version=\u00a0\u00bb4.27.4&Prime; _module_preset=\u00a0\u00bbdefault\u00a0\u00bb global_colors_info=\u00a0\u00bb{}\u00a0\u00bb][et_pb_slide _builder_version=\u00a0\u00bb4.27.4&Prime; _module_preset=\u00a0\u00bbdefault\u00a0\u00bb background_image=\u00a0\u00bbhttps:\/\/convention.cpa.ca\/wp-content\/uploads\/2025\/08\/Convention-page-Banner-FR-2026.jpg\u00a0\u00bb background_enable_image=\u00a0\u00bbon\u00a0\u00bb global_colors_info=\u00a0\u00bb{}\u00a0\u00bb sticky_transition=\u00a0\u00bbon\u00a0\u00bb][\/et_pb_slide][\/et_pb_slider][et_pb_text admin_label=\u00a0\u00bbText\u00a0\u00bb _builder_version=\u00a0\u00bb4.27.4&Prime; background_size=\u00a0\u00bbinitial\u00a0\u00bb background_position=\u00a0\u00bbtop_left\u00a0\u00bb background_repeat=\u00a0\u00bbrepeat\u00a0\u00bb hover_enabled=\u00a0\u00bb0&Prime; global_colors_info=\u00a0\u00bb{}\u00a0\u00bb sticky_enabled=\u00a0\u00bb0&Prime;] \u00a0 Dates important, &#8211; Congr\u00e8s de la SCP de 2026, Montr\u00e9al, Qu\u00e9bec *Veuillez noter que toutes les heures sont indiqu\u00e9es en heure [&hellip;]<\/p>\n","protected":false},"author":5,"featured_media":0,"parent":548,"menu_order":6,"comment_status":"closed","ping_status":"closed","template":"","meta":{"_et_pb_use_builder":"on","_et_pb_old_content":"<table border=\"0\" cellspacing=\"0\" cellpadding=\"5\">\r\n<tbody>\r\n<tr valign=\"top\">\r\n<td width=\"325\">Abstract Submission of all Presentation Types<\/td>\r\n<td width=\"300\">October 1st, 2019 \u2013 December 2<sup>nd<\/sup>, 2019, 23:59 EST<\/td>\r\n<\/tr>\r\n<tr valign=\"top\">\r\n<td>Review of Abstracts<\/td>\r\n<td>December 3<sup>rd<\/sup>, 2019 \u2013 January 6<sup>th<\/sup>, 2020<\/td>\r\n<\/tr>\r\n<tr valign=\"top\">\r\n<td>Notice of Acceptance<\/td>\r\n<td>End of January 2020<\/td>\r\n<\/tr>\r\n<tr valign=\"top\">\r\n<td>Notice of Scheduled Presentation Time\/Date<\/td>\r\n<td>Mid-March 2020<\/td>\r\n<\/tr>\r\n<tr valign=\"top\">\r\n<td>Early Bird Registration<\/td>\r\n<td>Mid-January 2020 - April 30<sup>th<\/sup>, 2020, 23:59 EST<\/td>\r\n<\/tr>\r\n<tr valign=\"top\">\r\n<td>Regular Registration<\/td>\r\n<td>May 1<sup>st<\/sup>, 2020 \u2013 May 27<sup>th<\/sup>, 2020, 23:59 EST<\/td>\r\n<\/tr>\r\n<tr valign=\"top\">\r\n<td>On-Site Registration<\/td>\r\n<td>May 28<sup>th<\/sup> \u2013 May 30<sup>th<\/sup>, 2020, 23:59 EST<\/td>\r\n<\/tr>\r\n<tr valign=\"top\">\r\n<td>Opening Ceremony<\/td>\r\n<td>May 28<sup>th<\/sup>, 2020<\/td>\r\n<\/tr>\r\n<tr valign=\"top\">\r\n<td>Awards Ceremony and Presidential Reception<\/td>\r\n<td>May 28<sup>th<\/sup>, 2020<\/td>\r\n<\/tr>\r\n<\/tbody>\r\n<\/table>","_et_gb_content_width":"","_monsterinsights_skip_tracking":false,"_monsterinsights_sitenote_active":false,"_monsterinsights_sitenote_note":"","_monsterinsights_sitenote_category":0,"footnotes":""},"class_list":["post-2868","page","type-page","status-publish","hentry"],"aioseo_notices":[],"publishpress_future_action":{"enabled":false,"date":"2026-04-19 21:58:58","action":"change-status","newStatus":"draft","terms":[],"taxonomy":"translation_priority","extraData":[]},"publishpress_future_workflow_manual_trigger":{"enabledWorkflows":[]},"_links":{"self":[{"href":"https:\/\/convention.cpa.ca\/fr\/wp-json\/wp\/v2\/pages\/2868","targetHints":{"allow":["GET"]}}],"collection":[{"href":"https:\/\/convention.cpa.ca\/fr\/wp-json\/wp\/v2\/pages"}],"about":[{"href":"https:\/\/convention.cpa.ca\/fr\/wp-json\/wp\/v2\/types\/page"}],"author":[{"embeddable":true,"href":"https:\/\/convention.cpa.ca\/fr\/wp-json\/wp\/v2\/users\/5"}],"replies":[{"embeddable":true,"href":"https:\/\/convention.cpa.ca\/fr\/wp-json\/wp\/v2\/comments?post=2868"}],"version-history":[{"count":47,"href":"https:\/\/convention.cpa.ca\/fr\/wp-json\/wp\/v2\/pages\/2868\/revisions"}],"predecessor-version":[{"id":16634,"href":"https:\/\/convention.cpa.ca\/fr\/wp-json\/wp\/v2\/pages\/2868\/revisions\/16634"}],"up":[{"embeddable":true,"href":"https:\/\/convention.cpa.ca\/fr\/wp-json\/wp\/v2\/pages\/548"}],"wp:attachment":[{"href":"https:\/\/convention.cpa.ca\/fr\/wp-json\/wp\/v2\/media?parent=2868"}],"curies":[{"name":"wp","href":"https:\/\/api.w.org\/{rel}","templated":true}]}}