{"id":3005,"date":"2019-12-20T15:46:02","date_gmt":"2019-12-20T20:46:02","guid":{"rendered":"http:\/\/convention.cpa.ca\/abstract\/"},"modified":"2025-12-09T14:52:22","modified_gmt":"2025-12-09T19:52:22","slug":"abstract","status":"publish","type":"page","link":"https:\/\/convention.cpa.ca\/fr\/abstract\/","title":{"rendered":"Proposition de r\u00e9sum\u00e9s"},"content":{"rendered":"<p>[et_pb_section fb_built=\u00a0\u00bb1&Prime; _builder_version=\u00a0\u00bb4.16&Prime; global_colors_info=\u00a0\u00bb{}\u00a0\u00bb][et_pb_row column_structure=\u00a0\u00bb2_3,1_3&Prime; _builder_version=\u00a0\u00bb4.16&Prime; global_colors_info=\u00a0\u00bb{}\u00a0\u00bb][et_pb_column type=\u00a0\u00bb2_3&Prime; _builder_version=\u00a0\u00bb4.16&Prime; global_colors_info=\u00a0\u00bb{}\u00a0\u00bb][et_pb_text _builder_version=\u00a0\u00bb4.27.4&Prime; hover_enabled=\u00a0\u00bb0&Prime; global_colors_info=\u00a0\u00bb{}\u00a0\u00bb sticky_enabled=\u00a0\u00bb0&Prime;]<!-----\n\n<h2>L'appel \u00e0 candidatures pour SCP2026 ouvrira en octobre 2025 ! <\/h2>\n\n\n<strong>Check back for the direct link to submit your abstract. <\/strong>---- \n\n\n<h2>L'appel \u00e0 candidatures pour SCP2026 est maintenant ouvrir!<\/h2>\n\n------><\/p>\n<h2>Appel \u00e0 soumission pour SCP2026 est maintenant cl\u00f4tur\u00e9<\/h2>\n<p>Nous tenons \u00e0 remercier tous ceux qui ont soumis des r\u00e9sum\u00e9s pour le 87<sup>e<\/sup>\u00a0Congr\u00e8s national annuel de la SCP, qui se tiendra \u00e0 Montr\u00e9al du 4 au 65 juin 2024 Nous sommes actuellement en processus d&rsquo;examen. Les lettres d&rsquo;acceptation et de refus seront envoy\u00e9es en f\u00e9vrier.<\/p>\n<p><!----------\n\n\n<p><strong>Membres et affili\u00e9s de la SCP :<\/strong><\/p>\n\n\n\n\n<p style=\"padding-left:25px;\">Connectez-vous au portail des membres de la SCP et cliquez sur le lien pour acc\u00e9der au syst\u00e8me de soumission des r\u00e9sum\u00e9s :\n  <a href=\"https:\/\/secure.cpa.ca\/Apps\/frPages\/abstract-submissions\">https:\/\/secure.cpa.ca\/Apps\/frPages\/abstract-submissions<\/a>\n  <em>Vous serez automatiquement connect\u00e9 avec les informations de votre compte.<\/em><\/p>\n\n\n\n\n<p><strong>Non-membres:<\/strong><\/p>\n\n\n\n\n<p style=\"padding-left:25px;\">Connectez-vous directement au syst\u00e8me de soumission des r\u00e9sum\u00e9s : \n  <a href=\"https:\/\/events.decorporate.ca\/CPA2026\/abstract\/login.php\">https:\/\/events.decorporate.ca\/CPA2026\/abstract\/login.php<\/a><\/p>\n\n  -----><\/p>\n<p><strong>La date limite pour toutes les soumissions \u00e9tait le 4 d\u00e9cembre 2025 (23h59 HNE).<\/strong><\/p>\n<p>[\/et_pb_text][\/et_pb_column][et_pb_column type=\u00a0\u00bb1_3&Prime; _builder_version=\u00a0\u00bb4.16&Prime; global_colors_info=\u00a0\u00bb{}\u00a0\u00bb][et_pb_text _builder_version=\u00a0\u00bb4.27.4&Prime; global_colors_info=\u00a0\u00bb{}\u00a0\u00bb]<\/p>\n<h3><a class=\"buttonmenu\" style=\"float: right; width: 300px;\" href=\"\/fr\/scientific-program\/presentation-types\/\">Types de pr\u00e9sentation<\/a><br \/><a class=\"buttonmenu\" style=\"float: right; width: 300px;\" href=\"https:\/\/convention.cpa.ca\/fr\/faq\/\">Foire aux questions<\/a><\/h3>\n<div style=\"margin-top: 50px; font-weight: bold; font-size: larger; margin-left: 50px; padding: 10px; border: thin gray solid; text-align: center; max-width: 350px; float: right;\"><a href=\"https:\/\/cpa.ca\/docs\/File\/Convention\/2026\/2026_marche_a_suivre_soumettre_une_proposition_de_communication_francais.pdf\" target=\"_blank\" rel=\"noopener\">Instructions \u00e9tape par \u00e9tape<\/a> (PDF)<\/div>\n<p>[\/et_pb_text][\/et_pb_column][\/et_pb_row][\/et_pb_section][et_pb_section fb_built=\u00a0\u00bb1&Prime; _builder_version=\u00a0\u00bb4.16&Prime; global_colors_info=\u00a0\u00bb{}\u00a0\u00bb][et_pb_row _builder_version=\u00a0\u00bb4.16&Prime; background_size=\u00a0\u00bbinitial\u00a0\u00bb background_position=\u00a0\u00bbtop_left\u00a0\u00bb background_repeat=\u00a0\u00bbrepeat\u00a0\u00bb global_colors_info=\u00a0\u00bb{}\u00a0\u00bb][et_pb_column type=\u00a0\u00bb4_4&Prime; _builder_version=\u00a0\u00bb4.16&Prime; custom_padding=\u00a0\u00bb|||\u00a0\u00bb global_colors_info=\u00a0\u00bb{}\u00a0\u00bb custom_padding__hover=\u00a0\u00bb|||\u00a0\u00bb][et_pb_text disabled_on=\u00a0\u00bboff|off|off\u00a0\u00bb _builder_version=\u00a0\u00bb4.16&Prime; background_size=\u00a0\u00bbinitial\u00a0\u00bb background_position=\u00a0\u00bbtop_left\u00a0\u00bb background_repeat=\u00a0\u00bbrepeat\u00a0\u00bb global_colors_info=\u00a0\u00bb{}\u00a0\u00bb]<!-----\n\n<p>Les \u00e9v\u00e9nements pr\u00e9c\u00e9dant le congr\u00e8s annuel de la SCP, qui se tient \u00e0 l\u2019h\u00f4tel Westin d\u2019Ottawa, sont, notamment, les ateliers pr\u00e9congr\u00e8s de la SCP, programm\u00e9s le 20\u00a0juin.<\/p>\n\n-----\n\n\n<p><em><strong>REMARQUE\u00a0: lors de l'ajout de pr\u00e9sentateurs\/mod\u00e9rateurs\/auteurs, veuillez utiliser les adresses courriel qu'ils ont l'intention d'utiliser pour l'inscription \u00e0 la congr\u00e8s afin de vous assurer que la pr\u00e9sentation est associ\u00e9e \u00e0 leur profil dans l'application de planification.<\/strong><\/em><\/p>\n\n----><\/p>\n<hr \/>\n<p>[\/et_pb_text][et_pb_slider _builder_version=\u00a0\u00bb4.27.4&Prime; _module_preset=\u00a0\u00bbdefault\u00a0\u00bb background_enable_image=\u00a0\u00bboff\u00a0\u00bb global_colors_info=\u00a0\u00bb{}\u00a0\u00bb][et_pb_slide _builder_version=\u00a0\u00bb4.27.4&Prime; _module_preset=\u00a0\u00bbdefault\u00a0\u00bb background_image=\u00a0\u00bbhttps:\/\/convention.cpa.ca\/wp-content\/uploads\/2025\/08\/Convention-page-Banner-FR-2026.jpg\u00a0\u00bb background_enable_image=\u00a0\u00bbon\u00a0\u00bb global_colors_info=\u00a0\u00bb{}\u00a0\u00bb sticky_transition=\u00a0\u00bbon\u00a0\u00bb][\/et_pb_slide][\/et_pb_slider][et_pb_text disabled_on=\u00a0\u00bbon|on|on\u00a0\u00bb _builder_version=\u00a0\u00bb4.16&Prime; background_size=\u00a0\u00bbinitial\u00a0\u00bb background_position=\u00a0\u00bbtop_left\u00a0\u00bb background_repeat=\u00a0\u00bbrepeat\u00a0\u00bb disabled=\u00a0\u00bbon\u00a0\u00bb global_colors_info=\u00a0\u00bb{}\u00a0\u00bb]<\/p>\n<h1>La p\u00e9riode de proposition de r\u00e9sum\u00e9s pour le congr\u00e8s de la SCP de 2021 est maintenant ouvert.<\/h1>\n<p>Spanning three weeks from June 7<sup>th<\/sup> \u2013 25<sup>th<\/sup>, the CPA\u2019s 2021 Virtual Event will provide many opportunities for personal and professional growth, and highlight the many ways in which the science, practice, and education of psychology can benefit society, improve lives, and advance the discipline.<\/p>\n<p><strong><a style=\"color: #ef453a; font-weight: bolder;\" href=\"https:\/\/events.decorporate.ca\/CPA2021\/abstract\/\" target=\"_blank\" rel=\"noopener noreferrer\">Click here<\/a> to submit an abstract.<\/strong><\/p>\n<p>Deadline for submissions for 3- and 6-hour workshops is <strong>January 22<sup>nd<\/sup>, 2021<\/strong>. Deadline for submissions for all other presentation types is <strong>January 22<sup>nd<\/sup>, 2021<\/strong>.<\/p>\n<p>CPA members, affiliates and non-members and non-affiliates are encouraged to submit!<\/p>\n<p>If you have any questions, please consult the\u00a0<a href=\"https:\/\/convention.cpa.ca\/fr\/faq\/#Abstract\">FAQ page<\/a>.<\/p>\n<p><!--<\/p>\n\n\n\n\n<h3>&nbsp;<\/h3>\n\n\n\n\n<h3 style = \"text-align: center\"> <a class = \"buttonmenu\" style = \"width: 300px;\" href = \"\/ spxrs \/\"> Soumettre un r\u00e9sum\u00e9 <\/a><\/h3>\n\n\n\n\n<h3>&nbsp;<\/h3>\n\n\n\n\n<p>--><br \/><!--Une \u00e9valuation rapide par les pairs est actuellement en cours. Les pr\u00e9sentateurs seront inform\u00e9s sous peu.<\/p>\n\n\n\n\n<p><strong><a href=\"https:\/\/convention.cpa.ca\/fr\/inscription\/\">L'inscription au congr\u00e8s est maintenant ouverte<\/a>.<\/strong>\n\n\n--><\/p>\n<hr \/>\n<h3>\u00a0<\/h3>\n<p>[\/et_pb_text][et_pb_text disabled_on=\u00a0\u00bbon|on|on\u00a0\u00bb _builder_version=\u00a0\u00bb4.16&Prime; background_size=\u00a0\u00bbinitial\u00a0\u00bb background_position=\u00a0\u00bbtop_left\u00a0\u00bb background_repeat=\u00a0\u00bbrepeat\u00a0\u00bb disabled=\u00a0\u00bbon\u00a0\u00bb global_colors_info=\u00a0\u00bb{}\u00a0\u00bb]Les r\u00e9sum\u00e9s ont \u00e9t\u00e9 examin\u00e9s; l&rsquo;avis de d\u00e9cisions a \u00e9t\u00e9 envoy\u00e9 fin f\u00e9vrier.<\/p>\n<p>L&rsquo;inscription \u00e0 la convention est maintenant ouverte (<a href=\"https:\/\/convention.cpa.ca\/fr\/inscription\">https:\/\/convention.cpa.ca\/fr\/inscription\/<\/a>)<\/p>\n<p>Entre-temps, la planification se poursuit et le syst\u00e8me de proposition de r\u00e9sum\u00e9s est maintenant ouvert.   La date limite pour TOUTES les soumissions est le <span style=\"text-decoration:line-through\">3 decembre 2021<\/span>   <em><strong>prolong\u00e9 au 10 decembre 2021<\/strong><\/em>&#8212; Les \u00e9v\u00e9nements pr\u00e9c\u00e9dant le congr\u00e8s annuel de la SCP qui se tiendront \u00e0 le centre sheraton de Toronto sont, notamment, les ateliers pr\u00e9congr\u00e8s de la SCP, le 22 juin.<\/p>\n<p><!-- et <em><a href=\"https:\/\/cpa.ca\/docs\/File\/Convention\/2022\/Development2022_DevelopmentalPsychologyConference_Flyer_v7.pdf\" target=\"_blank\" rel=\"noopener noreferrer\">Development 2022<\/a><\/em>, a Canadian Conference on Developmental Psychology, organis\u00e9e par le Pickering Centre for Research in Human Development et pr\u00e9sent\u00e9e les 15\u00a0et 16\u00a0juin. <!--Les r\u00e9sum\u00e9s de communications pour ces \u00e9v\u00e9nements peuvent \u00eatre pr\u00e9sent\u00e9s \u00e0 compter du 1<sup>er<\/sup>\u00a0octobre au moyen du syst\u00e8me de proposition de r\u00e9sum\u00e9s de la SCP.--><!--Les curriculum vitae de communications pour ces \u00e9v\u00e9nements peuvent \u00eatre soumis en utilisant les liens ci-dessous.  La date limite de soumission est le <span style=\"text-decoration:line-through;\">31 janvier 2022 <\/span> <strong>11 fevrier 2022 <\/strong> .--><br \/>\n<!--Veuillez noter que la limite de caract\u00e8res lors de la saisie d'un r\u00e9sum\u00e9 est de 1400 (espaces compris) et de 250 (espaces compris) pour les titres.\n\n<a class=\"myButton\" href=\"https:\/\/cpa.ca\/machform\/view.php?id=68532\" target=\"_blank\" rel=\"noopener noreferrer\">proposition de r\u00e9sum\u00e9\n\nDevelopment 2022<\/a>\n\nLa soumission des r\u00e9sum\u00e9s pour ces \u00e9v\u00e9nements est maintenant ferm\u00e9e.\n-------------><\/p>\n<hr \/>\n<p>[\/et_pb_text][\/et_pb_column][\/et_pb_row][\/et_pb_section]<\/p>\n","protected":false},"excerpt":{"rendered":"<p>[et_pb_section fb_built=\u00a0\u00bb1&Prime; _builder_version=\u00a0\u00bb4.16&Prime; global_colors_info=\u00a0\u00bb{}\u00a0\u00bb][et_pb_row column_structure=\u00a0\u00bb2_3,1_3&Prime; _builder_version=\u00a0\u00bb4.16&Prime; global_colors_info=\u00a0\u00bb{}\u00a0\u00bb][et_pb_column type=\u00a0\u00bb2_3&Prime; _builder_version=\u00a0\u00bb4.16&Prime; global_colors_info=\u00a0\u00bb{}\u00a0\u00bb][et_pb_text _builder_version=\u00a0\u00bb4.27.4&Prime; hover_enabled=\u00a0\u00bb0&Prime; global_colors_info=\u00a0\u00bb{}\u00a0\u00bb sticky_enabled=\u00a0\u00bb0&Prime;] Appel \u00e0 soumission pour SCP2026 est maintenant cl\u00f4tur\u00e9 Nous tenons \u00e0 remercier tous ceux qui ont soumis des r\u00e9sum\u00e9s pour le 87e\u00a0Congr\u00e8s national annuel de la SCP, qui se tiendra \u00e0 Montr\u00e9al du 4 au 65 juin 2024 Nous sommes actuellement [&hellip;]<\/p>\n","protected":false},"author":5,"featured_media":0,"parent":0,"menu_order":0,"comment_status":"closed","ping_status":"closed","template":"","meta":{"_et_pb_use_builder":"on","_et_pb_old_content":"<strong>The CPA2020 Abstract Submission Period is now closed. <a href=\"\/registration\/\">Convention registration is now open<\/a>.<\/strong>\r\n\r\n<em>Important Dates for Abstract Submissions<\/em>\r\n<table cellspacing=\"5\" cellpadding=\"0\">\r\n<tbody>\r\n<tr>\r\n<td>Abstract Submission of all Presentation Types<\/td>\r\n<td>October 1st, 2019 \u2013 December 2<sup>nd<\/sup>, 2019, 23:59 EST<\/td>\r\n<\/tr>\r\n<tr>\r\n<td>Review of Abstracts<\/td>\r\n<td>December 3<sup>rd<\/sup>, 2019 \u2013 January 6<sup>th<\/sup>, 2020<\/td>\r\n<\/tr>\r\n<tr>\r\n<td>Notice of Acceptance<\/td>\r\n<td>Early February 2020<\/td>\r\n<\/tr>\r\n<tr>\r\n<td>Notice of Scheduled Presentation Time\/Date<\/td>\r\n<td>Mid-March 2020<\/td>\r\n<\/tr>\r\n<\/tbody>\r\n<\/table>\r\n\u00a0","_et_gb_content_width":"","_monsterinsights_skip_tracking":false,"_monsterinsights_sitenote_active":false,"_monsterinsights_sitenote_note":"","_monsterinsights_sitenote_category":0,"footnotes":""},"class_list":["post-3005","page","type-page","status-publish","hentry"],"aioseo_notices":[],"publishpress_future_action":{"enabled":false,"date":"2026-04-23 16:28:42","action":"change-status","newStatus":"draft","terms":[],"taxonomy":"translation_priority","extraData":[]},"publishpress_future_workflow_manual_trigger":{"enabledWorkflows":[]},"_links":{"self":[{"href":"https:\/\/convention.cpa.ca\/fr\/wp-json\/wp\/v2\/pages\/3005","targetHints":{"allow":["GET"]}}],"collection":[{"href":"https:\/\/convention.cpa.ca\/fr\/wp-json\/wp\/v2\/pages"}],"about":[{"href":"https:\/\/convention.cpa.ca\/fr\/wp-json\/wp\/v2\/types\/page"}],"author":[{"embeddable":true,"href":"https:\/\/convention.cpa.ca\/fr\/wp-json\/wp\/v2\/users\/5"}],"replies":[{"embeddable":true,"href":"https:\/\/convention.cpa.ca\/fr\/wp-json\/wp\/v2\/comments?post=3005"}],"version-history":[{"count":90,"href":"https:\/\/convention.cpa.ca\/fr\/wp-json\/wp\/v2\/pages\/3005\/revisions"}],"predecessor-version":[{"id":16993,"href":"https:\/\/convention.cpa.ca\/fr\/wp-json\/wp\/v2\/pages\/3005\/revisions\/16993"}],"wp:attachment":[{"href":"https:\/\/convention.cpa.ca\/fr\/wp-json\/wp\/v2\/media?parent=3005"}],"curies":[{"name":"wp","href":"https:\/\/api.w.org\/{rel}","templated":true}]}}