{"id":3089,"date":"2020-01-07T09:22:04","date_gmt":"2020-01-07T14:22:04","guid":{"rendered":"http:\/\/convention.cpa.ca\/inscription\/registration-fees\/"},"modified":"2026-03-24T12:23:20","modified_gmt":"2026-03-24T16:23:20","slug":"registration-fees","status":"publish","type":"page","link":"https:\/\/convention.cpa.ca\/fr\/inscription\/registration-fees\/","title":{"rendered":"Frais d&rsquo;inscription"},"content":{"rendered":"<p>[et_pb_section fb_built=\u00a0\u00bb1&Prime; _builder_version=\u00a0\u00bb4.16&Prime; global_colors_info=\u00a0\u00bb{}\u00a0\u00bb][et_pb_row _builder_version=\u00a0\u00bb4.16&Prime; background_size=\u00a0\u00bbinitial\u00a0\u00bb background_position=\u00a0\u00bbtop_left\u00a0\u00bb background_repeat=\u00a0\u00bbrepeat\u00a0\u00bb global_colors_info=\u00a0\u00bb{}\u00a0\u00bb][et_pb_column type=\u00a0\u00bb4_4&Prime; _builder_version=\u00a0\u00bb4.16&Prime; custom_padding=\u00a0\u00bb|||\u00a0\u00bb global_colors_info=\u00a0\u00bb{}\u00a0\u00bb custom_padding__hover=\u00a0\u00bb|||\u00a0\u00bb][et_pb_text disabled_on=\u00a0\u00bboff|off|off\u00a0\u00bb _builder_version=\u00a0\u00bb4.27.4&Prime; background_size=\u00a0\u00bbinitial\u00a0\u00bb background_position=\u00a0\u00bbtop_left\u00a0\u00bb background_repeat=\u00a0\u00bbrepeat\u00a0\u00bb global_colors_info=\u00a0\u00bb{}\u00a0\u00bb]<\/p>\n<h1>Frais d\u2019inscription au congr\u00e8s annuel de la SCP de 2026<\/h1>\n<p>&nbsp;<\/p>\n<table width=\"600\">\n<thead style=\"background-color: #ffdc9c;\">\n<tr>\n<td><strong>Tarifs de pr\u00e9inscription<\/strong><br \/><strong>F\u00e9vrier au 3 avril 2026<\/strong><\/td>\n<td><strong>Tarif de base<\/strong><\/td>\n<td><strong>Taxe (14,975 %)<\/strong><\/td>\n<td><strong>Total<\/strong><\/td>\n<\/tr>\n<\/thead>\n<tbody>\n<tr>\n<td>Membre SCP honorifique \u00e0 vie \/ Fellow, retrait\u00e9<\/td>\n<td>180,00 $<\/td>\n<td>26,96 $<\/td>\n<td><strong>206,96 $<\/strong><\/td>\n<\/tr>\n<tr>\n<td>Membre SCP *<\/td>\n<td>355,00 $<\/td>\n<td>53,16 $<\/td>\n<td><strong>408,16 $<\/strong><\/td>\n<\/tr>\n<tr>\n<td>Affili\u00e9s \u00e9tudiants SCP **<\/td>\n<td>160,00 $<\/td>\n<td>23,96 $<\/td>\n<td><strong>183,96 $<\/strong><\/td>\n<\/tr>\n<tr>\n<td>Associ\u00e9s de section<\/td>\n<td>380,00 $<\/td>\n<td>56,91 $<\/td>\n<td><strong>436,91 $<\/strong><\/td>\n<\/tr>\n<tr>\n<td>Tarif non-membre<\/td>\n<td>695,00 $<\/td>\n<td>104,08 $<\/td>\n<td><strong>799,08 $<\/strong><\/td>\n<\/tr>\n<tr>\n<td>\u00c9tudiant non-affili\u00e9<\/td>\n<td>285,00 $<\/td>\n<td>42,68 $<\/td>\n<td><strong>327,68 $<\/strong><\/td>\n<\/tr>\n<\/tbody>\n<\/table>\n<p>&nbsp;<\/p>\n<table width=\"600\">\n<thead style=\"background-color: #d1cee6;\">\n<tr>\n<td><strong>Tarifs r\u00e9guliers<\/strong><br \/><strong>4 avril au 3 juin 2026<\/strong><\/td>\n<td><strong>Tarif de base<\/strong><\/td>\n<td><strong>Taxe (14,975 %)<\/strong><\/td>\n<td><strong>Total<\/strong><\/td>\n<\/tr>\n<\/thead>\n<tbody>\n<tr>\n<td>Membre SCP honorifique \u00e0 vie \/ Fellow, retrait\u00e9<\/td>\n<td>225,00 $<\/td>\n<td>33,69 $<\/td>\n<td><strong>258,69 $<\/strong><\/td>\n<\/tr>\n<tr>\n<td>Tarif member *<\/td>\n<td>430,00 $<\/td>\n<td>64,39 $<\/td>\n<td><strong>494,39 $<\/strong><\/td>\n<\/tr>\n<tr>\n<td>Tarif \u00e9tudiant affili\u00e9 **<\/td>\n<td>200,00 $<\/td>\n<td>29,95 $<\/td>\n<td><strong>229,95 $<\/strong><\/td>\n<\/tr>\n<tr>\n<td>Associ\u00e9s de section<\/td>\n<td>455,00 $<\/td>\n<td>68,86 $<\/td>\n<td><strong>523,86 $<\/strong><\/td>\n<\/tr>\n<tr>\n<td>Tarif non-membre<\/td>\n<td>850,00 $<\/td>\n<td>127,29 $<\/td>\n<td><strong>977,29 $<\/strong><\/td>\n<\/tr>\n<tr>\n<td>\u00c9tudiant non-affili\u00e9<\/td>\n<td>340,00 $<\/td>\n<td>50,92 $<\/td>\n<td><strong>390,92 $<\/strong><\/td>\n<\/tr>\n<\/tbody>\n<\/table>\n<p>&nbsp;<\/p>\n<table width=\"600\">\n<thead style=\"background-color: #cccccc;\">\n<tr>\n<td><strong>Tarifs sur place<\/strong><br \/><strong>4 juin au 6 juin 2026<\/strong><\/td>\n<td><strong>Tarif de base<\/strong><\/td>\n<td><strong>Taxe (14,975 %)<\/strong><\/td>\n<td><strong>Total<\/strong><\/td>\n<\/tr>\n<\/thead>\n<tbody>\n<tr>\n<td>Membre SCP honorifique \u00e0 vie \/ Fellow, retrait\u00e9<\/td>\n<td>270,00 $<\/td>\n<td>40,43 $<\/td>\n<td><strong>310,43 $<\/strong><\/td>\n<\/tr>\n<tr>\n<td>Tarif membre SCP *<\/td>\n<td>550,00 $<\/td>\n<td>82,36 $<\/td>\n<td><strong>632,36 $<\/strong><\/td>\n<\/tr>\n<tr>\n<td>Tarif \u00e9tudiant affili\u00e9 SCP **<\/td>\n<td>250,00 $<\/td>\n<td>37,44 $<\/td>\n<td><strong>287,44 $<\/strong><\/td>\n<\/tr>\n<tr>\n<td>Associ\u00e9s de section<\/td>\n<td>575,00 $<\/td>\n<td>86,11 $<\/td>\n<td><strong>661,11 $<\/strong><\/td>\n<\/tr>\n<tr>\n<td>Tarif non-membre<\/td>\n<td>1 060,00 $<\/td>\n<td>158,74 $<\/td>\n<td><strong>1 218,74 $<\/strong><\/td>\n<\/tr>\n<tr>\n<td>\u00c9tudiant non-affili\u00e9<\/td>\n<td>440,00 $<\/td>\n<td>65,89 $<\/td>\n<td><strong>505,89 $<\/strong><\/td>\n<\/tr>\n<\/tbody>\n<\/table>\n<p>* ECY1&amp;2, Parentale, APA-SCP Conjoint\/Fellow, Associ\u00e9s et Affili\u00e9s CPA (Affili\u00e9s sp\u00e9ciaux, Affili\u00e9s internationaux, Ann\u00e9e passerelle du baccalaur\u00e9at)<br \/><!------2025<\/p>\n\n\n\n\n<table width=\"600\">\n\n\n<thead style=\"background-color: #ffdc9c;\">\n\n\n<tr>\n\n\n<td colspan=\"4\"><strong>Frais de pr\u00e9inscription<\/strong> (de f\u00e9vrier 2025 au 4 avril 2025 \u00e0 23 h 59 HNE)<\/td>\n\n\n<\/tr>\n\n\n<\/thead>\n\n\n\n\n<tbody>\n\n\n<tr>\n\n\n<td><strong>Cat\u00e9gorie<\/strong><\/td>\n\n\n\n\n<td><strong>Frais d\u2019inscription<\/strong><\/td>\n\n\n\n\n<td><strong>TVH (15%)<\/strong><\/td>\n\n\n\n\n<td><strong>Total<\/strong><\/td>\n\n\n<\/tr>\n\n\n\n\n<tr>\n\n\n<td>Membres*<\/td>\n\n\n\n\n<td>350 $<\/td>\n\n\n\n\n<td>52,50 $<\/td>\n\n\n\n\n<td>402,50 $<\/td>\n\n\n<\/tr>\n\n\n\n\n<tr>\n\n\n<td>Membres honoraires \u00e0 vie, Fellows honoraires et membres retrait\u00e9s<\/td>\n\n\n\n\n<td>180 $<\/td>\n\n\n\n\n<td>27,00 $<\/td>\n\n\n\n\n<td>207,00 $<\/td>\n\n\n<\/tr>\n\n\n\n\n<tr>\n\n\n<td>\u00c9tudiants affili\u00e9s**<\/td>\n\n\n\n\n<td>155 $<\/td>\n\n\n\n\n<td>23,25 $<\/td>\n\n\n\n\n<td>178,25 $<\/td>\n\n\n<\/tr>\n\n\n\n\n<tr>\n\n\n<td>Associ\u00e9s d\u2019une section<\/td>\n\n\n\n\n<td>375 $<\/td>\n\n\n\n\n<td>56,25 $<\/td>\n\n\n\n\n<td>431,25 $<\/td>\n\n\n<\/tr>\n\n\n\n\n<tr>\n\n\n<td>Non-membres<\/td>\n\n\n\n\n<td>695 $<\/td>\n\n\n\n\n<td>10,25 $<\/td>\n\n\n\n\n<td>799,25 $<\/td>\n\n\n<\/tr>\n\n\n\n\n<tr>\n\n\n<td>\u00c9tudiants non affili\u00e9s<\/td>\n\n\n\n\n<td>280 $<\/td>\n\n\n\n\n<td>42,00 $<\/td>\n\n\n\n\n<td>322,00 $<\/td>\n\n\n<\/tr>\n\n\n\n\n<tr>\n\n\n<td>Personne accompagnante\/personne suppl\u00e9mentaire (tarif quotidien) ***<\/td>\n\n\n\n\n<td>100 $<\/td>\n\n\n\n\n<td>15,00 $<\/td>\n\n\n\n\n<td>115,00 $<\/td>\n\n\n<\/tr>\n\n\n<\/tbody>\n\n\n<\/table>\n\n\n\n\n<p>&nbsp;<\/p>\n\n\n\n\n<table width=\"600\">\n\n\n<thead style=\"background-color: #d1cee6;\">\n\n\n<tr>\n\n\n<td colspan=\"4\"><strong>Frais d\u2019inscription HABITUELS<\/strong> (5 avril 2025 \u2013 11 juin 2025 23 h 59 HNE)<\/td>\n\n\n<\/tr>\n\n\n<\/thead>\n\n\n\n\n<tbody>\n\n\n<tr>\n\n\n<td><strong>Cat\u00e9gorie<\/strong><\/td>\n\n\n\n\n<td><strong>Frais d\u2019inscription<\/strong><\/td>\n\n\n\n\n<td><strong>TVH (15 %)<\/strong><\/td>\n\n\n\n\n<td><strong>Total<\/strong><\/td>\n\n\n<\/tr>\n\n\n\n\n<tr>\n\n\n<td>Membres*<\/td>\n\n\n\n\n<td>425 $<\/td>\n\n\n\n\n<td>63,75 $<\/td>\n\n\n\n\n<td>488,75 $<\/td>\n\n\n<\/tr>\n\n\n\n\n<tr>\n\n\n<td>Membres honoraires \u00e0 vie, Fellows honoraires et membres retrait\u00e9s<\/td>\n\n\n\n\n<td>225 $<\/td>\n\n\n\n\n<td>33,75 $<\/td>\n\n\n\n\n<td>258,75 $<\/td>\n\n\n<\/tr>\n\n\n\n\n<tr>\n\n\n<td>\u00c9tudiants affili\u00e9s**<\/td>\n\n\n\n\n<td>200 $<\/td>\n\n\n\n\n<td>30,00 $<\/td>\n\n\n\n\n<td>230,00 $<\/td>\n\n\n<\/tr>\n\n\n\n\n<tr>\n\n\n<td width=\"328\">Associ\u00e9s d\u2019une section<\/td>\n\n\n\n\n<td>450 $<\/td>\n\n\n\n\n<td>67,50 $<\/td>\n\n\n\n\n<td>517,50 $<\/td>\n\n\n<\/tr>\n\n\n\n\n<tr>\n\n\n<td>Non-membres<\/td>\n\n\n\n\n<td>850 $<\/td>\n\n\n\n\n<td>127,50 $<\/td>\n\n\n\n\n<td>977,50 $<\/td>\n\n\n<\/tr>\n\n\n\n\n<tr>\n\n\n<td>\u00c9tudiants non affili\u00e9s<\/td>\n\n\n\n\n<td>340 $<\/td>\n\n\n\n\n<td>51,00 $<\/td>\n\n\n\n\n<td>391,00 $<\/td>\n\n\n<\/tr>\n\n\n\n\n<tr>\n\n\n<td>Personne accompagnante\/personne suppl\u00e9mentaire (tarif quotidien)\u00a0***<\/td>\n\n\n\n\n<td>100 $<\/td>\n\n\n\n\n<td>15,00 $<\/td>\n\n\n\n\n<td>115,00 $<\/td>\n\n\n<\/tr>\n\n\n<\/tbody>\n\n\n<\/table>\n\n\n\n\n<p>&nbsp;<\/p>\n\n\n\n\n<table width=\"600\">\n\n\n<thead style=\"background-color: #cccccc;\">\n\n\n<tr>\n\n\n<td colspan=\"4\"><strong>Frais d\u2019inscription SUR PLACE<\/strong> (12 au 14 juin 2025 15 h HNE)<\/td>\n\n\n<\/tr>\n\n\n<\/thead>\n\n\n\n\n<tbody>\n\n\n<tr>\n\n\n<td><strong>Cat\u00e9gorie<\/strong><\/td>\n\n\n\n\n<td><strong>Frais d\u2019inscription<\/strong><\/td>\n\n\n\n\n<td><strong>TVH (15 %)<\/strong><\/td>\n\n\n\n\n<td><strong>Total<\/strong><\/td>\n\n\n<\/tr>\n\n\n\n\n<tr>\n\n\n<td>Membres*<\/td>\n\n\n\n\n<td>550 $<\/td>\n\n\n\n\n<td>82,50 $<\/td>\n\n\n\n\n<td>632,50 $<\/td>\n\n\n<\/tr>\n\n\n\n\n<tr>\n\n\n<td>Membres honoraires \u00e0 vie, Fellows honoraires et membres retrait\u00e9s<\/td>\n\n\n\n\n<td>270 $<\/td>\n\n\n\n\n<td>40,50 $<\/td>\n\n\n\n\n<td>310,50 $<\/td>\n\n\n<\/tr>\n\n\n\n\n<tr>\n\n\n<td>\u00c9tudiants affili\u00e9s**<\/td>\n\n\n\n\n<td>250 $<\/td>\n\n\n\n\n<td>37,50 $<\/td>\n\n\n\n\n<td>287,50 $<\/td>\n\n\n<\/tr>\n\n\n\n\n<tr>\n\n\n<td width=\"328\">Associ\u00e9s d\u2019une section<\/td>\n\n\n\n\n<td>575 $<\/td>\n\n\n\n\n<td>86,25 $<\/td>\n\n\n\n\n<td>661,25 $<\/td>\n\n\n<\/tr>\n\n\n\n\n<tr>\n\n\n<td>Non-membres<\/td>\n\n\n\n\n<td>1060 $<\/td>\n\n\n\n\n<td>159,00 $<\/td>\n\n\n\n\n<td>1 219,00 $<\/td>\n\n\n<\/tr>\n\n\n\n\n<tr>\n\n\n<td>\u00c9tudiants non affili\u00e9s<\/td>\n\n\n\n\n<td>480 $<\/td>\n\n\n\n\n<td>72,00 $<\/td>\n\n\n\n\n<td>552,00 $<\/td>\n\n\n<\/tr>\n\n\n\n\n<tr>\n\n\n<td>Personne accompagnante\/personne suppl\u00e9mentaire (tarif quotidien)\u00a0***<\/td>\n\n\n\n\n<td>100 $<\/td>\n\n\n\n\n<td>15,00 $<\/td>\n\n\n\n\n<td>115,00 $<\/td>\n\n\n<\/tr>\n\n\n<\/tbody>\n\n\n<\/table>\n\n\n\n\n<p>*comprend les membres \u00e0 part enti\u00e8re, les membres en d\u00e9but de carri\u00e8re (1re et 2e ann\u00e9e), les membres en cong\u00e9 parental, les Fellows conjoints SCP\/CPA, les associ\u00e9s et les affili\u00e9s (affili\u00e9s sp\u00e9ciaux, affili\u00e9s internationaux, bacheliers en ann\u00e9e sabbatique)<\/p>\n\n\n\n\n<p>----><br \/>** comprend les \u00e9tudiants affili\u00e9s internationaux<\/p>\n<p>*** <strong>Tarif pour personne accompagnante<\/strong><br \/>Nous offrons un tarif r\u00e9duit aux personnes qui accompagnent les auteurs pr\u00e9sentateurs seulement (il ne peut s\u2019agir d\u2019un psychologue, d\u2019un \u00e9tudiant en psychologie, d\u2019un membre, d\u2019un membre honoraire \u00e0 vie ou d\u2019un \u00e9tudiant affili\u00e9 de la SCP ou d\u2019une association provinciale de psychologues, ni d\u2019un intervenant qui fait une pr\u00e9sentation au congr\u00e8s). Les personnes qui ne font pas partie de ces cat\u00e9gories devront payer les tarifs ou les frais d\u2019inscriptions applicables. En raison des contraintes d\u2019espace et du nombre limit\u00e9 de places assises, les personnes accompagnantes ne peuvent assister qu\u2019aux s\u00e9ances de la journ\u00e9e pour laquelle leur billet est achet\u00e9.<\/p>\n<h3><a class=\"buttonmenu\" style=\"float: right; width: 300px;\" href=\"https:\/\/convention.cpa.ca\/fr\/inscription\/\">Inscription<\/a><\/h3>\n<p>&nbsp;<\/p>\n<hr \/>\n<p>[\/et_pb_text][et_pb_text disabled_on=\u00a0\u00bbon|on|on\u00a0\u00bb _builder_version=\u00a0\u00bb4.27.4&Prime; background_size=\u00a0\u00bbinitial\u00a0\u00bb background_position=\u00a0\u00bbtop_left\u00a0\u00bb background_repeat=\u00a0\u00bbrepeat\u00a0\u00bb disabled=\u00a0\u00bbon\u00a0\u00bb global_colors_info=\u00a0\u00bb{}\u00a0\u00bb]<\/p>\n<h2><strong>Frais d\u2019inscription au congr\u00e8s annuel de la SCP de 2026 <\/strong><\/h2>\n<p>Les frais d\u2019inscription au 87e congr\u00e8s annuel de la SCP seront communiqu\u00e9s bient\u00f4t! Consultez r\u00e9guli\u00e8rement cette page pour ne pas manquer les derni\u00e8res mises \u00e0 jour et les d\u00e9tails importants au sujet du congr\u00e8s de la SCP de 2026.<\/p>\n<hr \/>\n<p>[\/et_pb_text][et_pb_text disabled_on=\u00a0\u00bboff|off|off\u00a0\u00bb _builder_version=\u00a0\u00bb4.27.6&Prime; hover_enabled=\u00a0\u00bb0&Prime; global_colors_info=\u00a0\u00bb{}\u00a0\u00bb sticky_enabled=\u00a0\u00bb0&Prime;]<\/p>\n<div style=\"float: right; padding: 5px; border: thin #e5ad00 solid; max-width: 50%;\">\n<h3><strong>Dispense de frais pour les membres et \u00e9tudiants autochtones du SCP<\/strong><\/h3>\n<p>En phase avec les recommandations formul\u00e9es dans la r\u00e9ponse de la SCP au rapport final de la Commission de v\u00e9rit\u00e9 et r\u00e9conciliation du Canada (CVR), \u00e9labor\u00e9e en 2018, la SCP souhaite offrir \u00e0 ses affili\u00e9s etudiants qui s\u2019identifient comme Autochtone l\u2019inscription gratuite au congr\u00e8s de 2025.<br \/>\nVeuillez-vous inscrire avant le <strong>27 mai <\/strong>pour recevoir une inscription gratuite. Apr\u00e8s le <strong>27 mai<\/strong>, les frais d&rsquo;inscription complets s&rsquo;appliqueront.<\/p>\n<p><a href=\"https:\/\/cpa.ca\/machform\/view.php?id=79455\" target=\"_blank\" rel=\"noopener noreferrer\">https:\/\/cpa.ca\/machform\/view.php?id=79455<\/a><br \/>\nToutes les questions peuvent \u00eatre adress\u00e9es \u00e0 <a href=\"mailto:convention@cpa.ca\">convention@cpa.ca<\/a>.<\/p>\n<\/div>\n<h2><strong>Inscription au Congr\u00e8s national annuel de la SCP \u2013 Politique de remboursement en cas d\u2019annulation<\/strong><\/h2>\n<p>\u2022 25% des frais d\u2019inscription rembours\u00e9s jusqu\u2019au 3 avril<br \/>\n\u2022 AUCUN REMBOURSEMENT \u00e0 compter du 4 avril<\/p>\n<p><em>Note: Due to the time and documentation requirements needed to fully assess one&rsquo;s eligibility for membership, membership applications will not be processed on site at the convention registration desk, or during the convention.<\/em><\/p>\n<p><!---\n\n\n\n<hr \/>\n\n\n\n\n\n<div style=\"text-align: right;\"><strong><a href=\"http:\/\/convention.cpa.ca\/about\/n5\/n5-registration-fees\/\">N5 Registration Rates<\/a><\/strong><\/div>\n\n\n&nbsp;\n\n--->[\/et_pb_text][\/et_pb_column][\/et_pb_row][\/et_pb_section]<\/p>\n","protected":false},"excerpt":{"rendered":"<p>Frais d\u2019inscription au congr\u00e8s annuel de la SCP de 2026 &nbsp; Tarifs de pr\u00e9inscriptionF\u00e9vrier au 3 avril 2026 Tarif de base Taxe (14,975 %) Total Membre SCP honorifique \u00e0 vie \/ Fellow, retrait\u00e9 180,00 $ 26,96 $ 206,96 $ Membre SCP * 355,00 $ 53,16 $ 408,16 $ Affili\u00e9s \u00e9tudiants SCP ** 160,00 $ 23,96 [&hellip;]<\/p>\n","protected":false},"author":5,"featured_media":0,"parent":586,"menu_order":0,"comment_status":"closed","ping_status":"closed","template":"","meta":{"_et_pb_use_builder":"on","_et_pb_old_content":"<h1>Registration Fees<\/h1>","_et_gb_content_width":"","_monsterinsights_skip_tracking":false,"_monsterinsights_sitenote_active":false,"_monsterinsights_sitenote_note":"","_monsterinsights_sitenote_category":0,"footnotes":""},"class_list":["post-3089","page","type-page","status-publish","hentry"],"aioseo_notices":[],"publishpress_future_action":{"enabled":false,"date":"2026-04-14 08:42:24","action":"change-status","newStatus":"draft","terms":[],"taxonomy":"translation_priority","extraData":[]},"publishpress_future_workflow_manual_trigger":{"enabledWorkflows":[]},"_links":{"self":[{"href":"https:\/\/convention.cpa.ca\/fr\/wp-json\/wp\/v2\/pages\/3089","targetHints":{"allow":["GET"]}}],"collection":[{"href":"https:\/\/convention.cpa.ca\/fr\/wp-json\/wp\/v2\/pages"}],"about":[{"href":"https:\/\/convention.cpa.ca\/fr\/wp-json\/wp\/v2\/types\/page"}],"author":[{"embeddable":true,"href":"https:\/\/convention.cpa.ca\/fr\/wp-json\/wp\/v2\/users\/5"}],"replies":[{"embeddable":true,"href":"https:\/\/convention.cpa.ca\/fr\/wp-json\/wp\/v2\/comments?post=3089"}],"version-history":[{"count":102,"href":"https:\/\/convention.cpa.ca\/fr\/wp-json\/wp\/v2\/pages\/3089\/revisions"}],"predecessor-version":[{"id":17742,"href":"https:\/\/convention.cpa.ca\/fr\/wp-json\/wp\/v2\/pages\/3089\/revisions\/17742"}],"up":[{"embeddable":true,"href":"https:\/\/convention.cpa.ca\/fr\/wp-json\/wp\/v2\/pages\/586"}],"wp:attachment":[{"href":"https:\/\/convention.cpa.ca\/fr\/wp-json\/wp\/v2\/media?parent=3089"}],"curies":[{"name":"wp","href":"https:\/\/api.w.org\/{rel}","templated":true}]}}