{"id":3208,"date":"2020-01-07T12:11:21","date_gmt":"2020-01-07T17:11:21","guid":{"rendered":"http:\/\/convention.cpa.ca\/accommodations\/"},"modified":"2026-02-09T09:21:13","modified_gmt":"2026-02-09T14:21:13","slug":"hebergement","status":"publish","type":"page","link":"https:\/\/convention.cpa.ca\/fr\/hebergement\/","title":{"rendered":"H\u00e9bergement"},"content":{"rendered":"<p>[et_pb_section fb_built=\u00a0\u00bb1&Prime; _builder_version=\u00a0\u00bb4.16&Prime; global_colors_info=\u00a0\u00bb{}\u00a0\u00bb][et_pb_row column_structure=\u00a0\u00bb2_3,1_3&Prime; _builder_version=\u00a0\u00bb4.16&Prime; _module_preset=\u00a0\u00bbdefault\u00a0\u00bb global_colors_info=\u00a0\u00bb{}\u00a0\u00bb][et_pb_column type=\u00a0\u00bb2_3&Prime; _builder_version=\u00a0\u00bb4.16&Prime; _module_preset=\u00a0\u00bbdefault\u00a0\u00bb global_colors_info=\u00a0\u00bb{}\u00a0\u00bb][et_pb_slider _builder_version=\u00a0\u00bb4.27.4&Prime; _module_preset=\u00a0\u00bbdefault\u00a0\u00bb background_image=\u00a0\u00bbhttps:\/\/convention.cpa.ca\/wp-content\/uploads\/2024\/09\/Convention-Graphics-Wesbite-Banner-2025.jpg\u00a0\u00bb global_colors_info=\u00a0\u00bb{}\u00a0\u00bb][et_pb_slide _builder_version=\u00a0\u00bb4.27.4&Prime; _module_preset=\u00a0\u00bbdefault\u00a0\u00bb background_image=\u00a0\u00bbhttps:\/\/convention.cpa.ca\/wp-content\/uploads\/2025\/08\/Convention-page-Banner-FR-2026.jpg\u00a0\u00bb background_enable_image=\u00a0\u00bbon\u00a0\u00bb global_colors_info=\u00a0\u00bb{}\u00a0\u00bb sticky_transition=\u00a0\u00bbon\u00a0\u00bb][\/et_pb_slide][\/et_pb_slider][\/et_pb_column][et_pb_column type=\u00a0\u00bb1_3&Prime; _builder_version=\u00a0\u00bb4.16&Prime; _module_preset=\u00a0\u00bbdefault\u00a0\u00bb global_colors_info=\u00a0\u00bb{}\u00a0\u00bb][et_pb_image src=\u00a0\u00bbhttps:\/\/convention.cpa.ca\/wp-content\/uploads\/2025\/08\/Le-Westin-Montreal-19.jpg\u00a0\u00bb alt=\u00a0\u00bbLe Westin Montreal\u00a0\u00bb title_text=\u00a0\u00bbLe Westin Montreal\u00a0\u00bb _builder_version=\u00a0\u00bb4.27.4&Prime; _module_preset=\u00a0\u00bbdefault\u00a0\u00bb global_colors_info=\u00a0\u00bb{}\u00a0\u00bb][\/et_pb_image][\/et_pb_column][\/et_pb_row][et_pb_row _builder_version=\u00a0\u00bb4.16&Prime; _module_preset=\u00a0\u00bbdefault\u00a0\u00bb global_colors_info=\u00a0\u00bb{}\u00a0\u00bb][et_pb_column type=\u00a0\u00bb4_4&Prime; _builder_version=\u00a0\u00bb4.16&Prime; _module_preset=\u00a0\u00bbdefault\u00a0\u00bb global_colors_info=\u00a0\u00bb{}\u00a0\u00bb][et_pb_text disabled_on=\u00a0\u00bbon|on|on\u00a0\u00bb _builder_version=\u00a0\u00bb4.16&Prime; _module_preset=\u00a0\u00bbdefault\u00a0\u00bb disabled=\u00a0\u00bbon\u00a0\u00bb global_colors_info=\u00a0\u00bb{}\u00a0\u00bb]<\/p>\n<p>The CPA\u2019s 85th Annual National Convention will take place at the Westin Ottawa Hotel, a room block has been reserved and a link will follow shortly. Please be sure to reserve early as our room blocks do tend to fill up quickly.<\/p>\n<p>[\/et_pb_text][et_pb_divider _builder_version=\u00a0\u00bb4.16&Prime; _module_preset=\u00a0\u00bbdefault\u00a0\u00bb global_colors_info=\u00a0\u00bb{}\u00a0\u00bb][\/et_pb_divider][\/et_pb_column][\/et_pb_row][et_pb_row column_structure=\u00a0\u00bb3_4,1_4&Prime; _builder_version=\u00a0\u00bb4.16&Prime; global_colors_info=\u00a0\u00bb{}\u00a0\u00bb][et_pb_column type=\u00a0\u00bb3_4&Prime; _builder_version=\u00a0\u00bb4.16&Prime; global_colors_info=\u00a0\u00bb{}\u00a0\u00bb][et_pb_text _builder_version=\u00a0\u00bb4.27.4&Prime; global_colors_info=\u00a0\u00bb{}\u00a0\u00bb]<\/p>\n<h1>H\u00e9bergement<\/h1>\n<p>\u00c0 chaque congr\u00e8s la r\u00e9servation de votre s\u00e9jour dans l\u2019h\u00f4tel o\u00f9 se d\u00e9roule la conf\u00e9rence permet \u00e0 l\u2019SCP de r\u00e9duire les co\u00fbts de la conf\u00e9rence et de refiler ces \u00e9conomies aux d\u00e9l\u00e9gu\u00e9s. L\u2019SCP garantit un nombre minimum de r\u00e9servations de chambres \u00e0 l\u2019h\u00f4tel, et le fait d&rsquo;en r\u00e9server une hors de l\u2019ensemble des chambres que nous avons retenues nous fait courir le risque d\u2019encourir des p\u00e9nalit\u00e9s. Nous appr\u00e9cions votre aide lorsque vous r\u00e9servez dans les limites du quota officiel des chambres retenues pour la conf\u00e9rence.<\/p>\n<p>[\/et_pb_text][et_pb_text _builder_version=\u00a0\u00bb4.27.4&Prime; _module_preset=\u00a0\u00bbdefault\u00a0\u00bb hover_enabled=\u00a0\u00bb0&Prime; global_colors_info=\u00a0\u00bb{}\u00a0\u00bb sticky_enabled=\u00a0\u00bb0&Prime;]<\/p>\n<p><strong>R\u00e9servez votre tarif de groupe pour 87e congr\u00e8s national annuel de la SCP <\/strong><\/p>\n<p>87e congr\u00e8s national annuel de la SCP, Date de d\u00e9but: dimanche 31 mai 2026, Date de fin: mardi 09 juin 2026<\/p>\n<p>Le bloc de chambres \u00e0 279 $ est maintenant complet. Le Westin a mis \u00e0 disposition 20 chambres suppl\u00e9mentaires au tarif de 299 $ pour les nuits des 3, 4 et 5 juin. Ces chambres sont offertes selon le principe du premier arriv\u00e9, premier servi. En cas de difficult\u00e9, veuillez contacter directement le Westin pour obtenir de l\u2019aide a 1-877-504-1332.<\/p>\n<p>Un h\u00f4tel de d\u00e9bordement est \u00e9galement disponible pour votre commodit\u00e9, situ\u00e9 \u00e0 un p\u00e2t\u00e9 de maisons, les d\u00e9tails sont indiqu\u00e9s ci-dessous.<\/p>\n<p><a href=\"https:\/\/www.marriott.com\/fr\/event-reservations\/reservation-link.mi?id=1755625206332&amp;key=GRP&amp;guestreslink2=true&amp;app=resvlink\" target=\"_blank\" rel=\"noopener\"><strong>R\u00e9servez votre tarif de groupe pour 87e congr\u00e8s national annuel de la SCP <\/strong><\/a><\/p>\n<p>[\/et_pb_text][\/et_pb_column][et_pb_column type=\u00a0\u00bb1_4&Prime; _builder_version=\u00a0\u00bb4.16&Prime; global_colors_info=\u00a0\u00bb{}\u00a0\u00bb][et_pb_image src=\u00a0\u00bbhttps:\/\/convention.cpa.ca\/wp-content\/uploads\/2025\/08\/westin-room.jpg\u00a0\u00bb alt=\u00a0\u00bbFront Desk &#8211; Delta Hotel, St. John&rsquo;s, Newfoundland\u00a0\u00bb title_text=\u00a0\u00bbwestin-room\u00a0\u00bb _builder_version=\u00a0\u00bb4.27.4&Prime; global_colors_info=\u00a0\u00bb{}\u00a0\u00bb][\/et_pb_image][et_pb_image src=\u00a0\u00bbhttps:\/\/convention.cpa.ca\/wp-content\/uploads\/2025\/08\/WestinMontreal-1.jpg\u00a0\u00bb alt=\u00a0\u00bbKing Room, Delta Hotel, St. John&rsquo;s, Newfoundland\u00a0\u00bb title_text=\u00a0\u00bbWestinMontreal\u00a0\u00bb _builder_version=\u00a0\u00bb4.27.4&Prime; global_colors_info=\u00a0\u00bb{}\u00a0\u00bb][\/et_pb_image][\/et_pb_column][\/et_pb_row][et_pb_row disabled_on=\u00a0\u00bboff|off|off\u00a0\u00bb _builder_version=\u00a0\u00bb4.27.4&Prime; _module_preset=\u00a0\u00bbdefault\u00a0\u00bb global_colors_info=\u00a0\u00bb{}\u00a0\u00bb][et_pb_column type=\u00a0\u00bb4_4&Prime; _builder_version=\u00a0\u00bb4.16&Prime; _module_preset=\u00a0\u00bbdefault\u00a0\u00bb global_colors_info=\u00a0\u00bb{}\u00a0\u00bb][et_pb_text disabled_on=\u00a0\u00bboff|off|off\u00a0\u00bb _builder_version=\u00a0\u00bb4.27.4&Prime; _module_preset=\u00a0\u00bbdefault\u00a0\u00bb global_colors_info=\u00a0\u00bb{}\u00a0\u00bb]<\/p>\n<h2>Chambres suppl\u00e9mentaires<\/h2>\n<p>Si le Westin Montr\u00e9al \u00e9tait complet, le SCP <!--organisera --->a r\u00e9serv\u00e9 des chambres suppl\u00e9mentaires \u00e0 diff\u00e9rents tarifs dans les h\u00f4tels suivants\u00a0:<!--- autres h\u00f4tels----->.<\/p>\n<p>[\/et_pb_text][\/et_pb_column][\/et_pb_row][et_pb_row column_structure=\u00a0\u00bb1_4,3_4&Prime; _builder_version=\u00a0\u00bb4.16&Prime; global_colors_info=\u00a0\u00bb{}\u00a0\u00bb][et_pb_column type=\u00a0\u00bb1_4&Prime; _builder_version=\u00a0\u00bb4.16&Prime; global_colors_info=\u00a0\u00bb{}\u00a0\u00bb][et_pb_image src=\u00a0\u00bbhttps:\/\/convention.cpa.ca\/wp-content\/uploads\/2026\/01\/Dauphin1.jpg\u00a0\u00bb alt=\u00a0\u00bbl\u2019h\u00f4tel Le Dauphin\u00a0\u00bb title_text=\u00a0\u00bbDauphin1&Prime; _builder_version=\u00a0\u00bb4.27.4&Prime; global_colors_info=\u00a0\u00bb{}\u00a0\u00bb][\/et_pb_image][et_pb_image src=\u00a0\u00bbhttps:\/\/convention.cpa.ca\/wp-content\/uploads\/2026\/01\/Dauphin2.jpg\u00a0\u00bb alt=\u00a0\u00bbl\u2019h\u00f4tel Le Dauphin\u00a0\u00bb title_text=\u00a0\u00bbDauphin2&Prime; _builder_version=\u00a0\u00bb4.27.4&Prime; global_colors_info=\u00a0\u00bb{}\u00a0\u00bb][\/et_pb_image][\/et_pb_column][et_pb_column type=\u00a0\u00bb3_4&Prime; _builder_version=\u00a0\u00bb4.16&Prime; global_colors_info=\u00a0\u00bb{}\u00a0\u00bb][et_pb_text _builder_version=\u00a0\u00bb4.27.4&Prime; _module_preset=\u00a0\u00bbdefault\u00a0\u00bb global_colors_info=\u00a0\u00bb{}\u00a0\u00bb]<\/p>\n<p>Des h\u00e9bergements suppl\u00e9mentaires ont \u00e9t\u00e9 r\u00e9serv\u00e9s \u00e0 <strong>l\u2019h\u00f4tel Le Dauphin<\/strong>, situ\u00e9 \u00e0 quelques pas de <strong>l\u2019h\u00f4tel Le Westin Montr\u00e9al<\/strong>.<\/p>\n<p><strong>Le Dauphin<\/strong> (situ\u00e9 \u00e0 quelques pas du Westin, offrant ainsi un excellent emplacement).<br \/>259 $ par nuit.<br \/>Les clients devront effectuer eux-m\u00eames leur r\u00e9servation directement aupr\u00e8s de l\u2019h\u00f4tel, par courriel (<a href=\"mailto:mtl@hoteldauphin.ca\">mtl@hoteldauphin.ca<\/a>) ou par t\u00e9l\u00e9phone (514 788-3888 \/ 1 888 784-3888), en mentionnant le nom du groupe.<br \/>Les clients peuvent \u00e9galement r\u00e9server en ligne en utilisant le code de groupe suivant :<\/p>\n<p>Si tu veux une version plus formelle ou adapt\u00e9e au fran\u00e7ais canadien officiel, je peux la peaufiner.<\/p>\n<p><strong><a href=\"https:\/\/groups.hotelsdauphin.ca\/en\/hotels\/montreal\/reservation#\/room\" target=\"_blank\" rel=\"noopener\">https:\/\/groups.hotelsdauphin.ca\/en\/hotels\/montreal\/reservation#\/room<\/a><\/strong><\/p>\n<p>Code: <strong>06022026CPA<\/strong><\/p>\n<p>[\/et_pb_text][\/et_pb_column][\/et_pb_row][et_pb_row column_structure=\u00a0\u00bb1_2,1_2&Prime; disabled_on=\u00a0\u00bbon|on|on\u00a0\u00bb _builder_version=\u00a0\u00bb4.27.4&Prime; _module_preset=\u00a0\u00bbdefault\u00a0\u00bb disabled=\u00a0\u00bbon\u00a0\u00bb global_colors_info=\u00a0\u00bb{}\u00a0\u00bb][et_pb_column type=\u00a0\u00bb1_2&Prime; _builder_version=\u00a0\u00bb4.16&Prime; _module_preset=\u00a0\u00bbdefault\u00a0\u00bb global_colors_info=\u00a0\u00bb{}\u00a0\u00bb][et_pb_text _builder_version=\u00a0\u00bb4.16&Prime; _module_preset=\u00a0\u00bbdefault\u00a0\u00bb global_colors_info=\u00a0\u00bb{}\u00a0\u00bb]<\/p>\n<h3><a href=\"https:\/\/www.hilton.com\/en\/book\/reservation\/rooms\/?ctyhocn=YSJFDGI&#038;arrivalDate=2025-06-09&#038;departureDate=2025-06-15&#038;groupCode=1CPA&#038;room1NumAdults=1&#038;cid=OM%2CWW%2CHILTONLINK%2CEN%2CDirectLink\" target=\"_blank\" rel=\"noopener\">Hilton Garden Inn<\/a><\/h3>\n<p><img decoding=\"async\" class=\"textwrapright\" style=\"max-width: 150px; max-height: 200px;\" src=\"https:\/\/convention.cpa.ca\/wp-content\/uploads\/2025\/01\/Hilton-Garden-Inn-Exterior-1.jpg\" alt=\"Hilton Garden Inn\" \/><br \/>\n150, rue New Gower<br \/>\nSt. John&rsquo;s, (T.-N.-L.) A1C 0C1<br \/>\n\u00c0 partir de 239$ par nuit<br \/>\nLien de r\u00e9servation\u00a0: <a href=\"https:\/\/www.hilton.com\/en\/book\/reservation\/rooms\/?ctyhocn=YSJFDGI&#038;arrivalDate=2025-06-09&#038;departureDate=2025-06-15&#038;groupCode=1CPA&#038;room1NumAdults=1&#038;cid=OM%2CWW%2CHILTONLINK%2CEN%2CDirectLink\">Chambres disponibles &#8211; Hilton Garden Inn<\/a><\/p>\n<p>&nbsp;<\/p>\n<h3><a href=\"https:\/\/www.marriott.com\/en-us\/hotels\/yytcy-courtyard-st-johns-newfoundland\/overview\/\" target=\"_blank\" rel=\"noopener\">Courtyard Marriott<\/a><\/h3>\n<p><img decoding=\"async\" class=\"textwrapright\" style=\"max-width: 150px; max-height: 200px;\" src=\"https:\/\/convention.cpa.ca\/wp-content\/uploads\/2025\/01\/Courtyard-St.-Johns-Newfoundland.jpg\" alt=\"Courtyard Marriott\" \/><br \/>\n131, rue Duckworth,<br \/>\nSt. John\u2019s, (T.-N.-L.) A1C 1E9<br \/>\n229$ &#8211; $239$ par nuit<br \/>\nLien de r\u00e9servation\u00a0: <a href=\"https:\/\/www.marriott.com\/event-reservations\/reservation-link.mi?id=1737128148157&amp;key=GRP&amp;guestreslink2=true&amp;app=resvlink\" target=\"_blank\" rel=\"noopener\">R\u00e9servez votre tarif de groupe<\/a><\/p>\n<p>&nbsp;<\/p>\n<h3><a href=\"https:\/\/murraypremiseshotel.com\/\" target=\"_blank\" rel=\"noopener\">Murray Premises Hotel<\/a><\/h3>\n<p><img decoding=\"async\" class=\"textwrapright\" style=\"max-width: 150px; max-height: 200px;\" src=\"https:\/\/convention.cpa.ca\/wp-content\/uploads\/2025\/01\/Murray-Premises-Hotel.jpg\" alt=\"Murray Premises Hotel\" \/><br \/>\n5 Becks Cove,<br \/>\nSt. John&rsquo;s, (T.-N.-L.) A1C 6H1<br \/>\n219$ par nuit<\/p>\n<p>Les clients peuvent appeler la r\u00e9ception au 709-738-7773 ou envoyer un courriel <a href=\"mailto:info@murraypremiseshotel.com\">info@murraypremiseshotel.com<\/a> et r\u00e9f\u00e9rencez le groupe \u00ab\u00a0Canadian Psychological\u00a0Association  \u00bb pour b\u00e9n\u00e9ficier du tarif du groupe.[\/et_pb_text][\/et_pb_column][et_pb_column type=\u00a0\u00bb1_2&Prime; _builder_version=\u00a0\u00bb4.16&Prime; _module_preset=\u00a0\u00bbdefault\u00a0\u00bb global_colors_info=\u00a0\u00bb{}\u00a0\u00bb][et_pb_text _builder_version=\u00a0\u00bb4.16&Prime; _module_preset=\u00a0\u00bbdefault\u00a0\u00bb global_colors_info=\u00a0\u00bb{}\u00a0\u00bb]<\/p>\n<style>\n.i4ewOd-pzNkMb-haAclf {<\/p>\n<p>display:none;}<\/p>\n<p>.i4ewOd-pzNkMb-QClCJf-giiMnc-xJzy8c {<\/p>\n<p>visibility: hidden;<\/p>\n<p>}<\/p>\n<\/style>\n<div style=\"width: 100%; overflow: hidden; height: 600px;\">\n<iframe loading=\"lazy\" style=\"border: 0; margin-top: -150px;\" src=\"https:\/\/www.google.com\/maps\/d\/u\/0\/embed?mid=1KFhWyQW391ZLMIH43nyDjLRnhMMU3Cs&#038;ehbc=2E312F\" width=\"100%\" height=\"750\"><\/iframe>\n<\/div>\n<p>[\/et_pb_text][\/et_pb_column][\/et_pb_row][\/et_pb_section]<\/p>\n","protected":false},"excerpt":{"rendered":"<p>[et_pb_section fb_built=\u00a0\u00bb1&Prime; _builder_version=\u00a0\u00bb4.16&Prime; global_colors_info=\u00a0\u00bb{}\u00a0\u00bb][et_pb_row column_structure=\u00a0\u00bb2_3,1_3&Prime; _builder_version=\u00a0\u00bb4.16&Prime; _module_preset=\u00a0\u00bbdefault\u00a0\u00bb global_colors_info=\u00a0\u00bb{}\u00a0\u00bb][et_pb_column type=\u00a0\u00bb2_3&Prime; _builder_version=\u00a0\u00bb4.16&Prime; _module_preset=\u00a0\u00bbdefault\u00a0\u00bb global_colors_info=\u00a0\u00bb{}\u00a0\u00bb][et_pb_slider _builder_version=\u00a0\u00bb4.27.4&Prime; _module_preset=\u00a0\u00bbdefault\u00a0\u00bb background_image=\u00a0\u00bbhttps:\/\/convention.cpa.ca\/wp-content\/uploads\/2024\/09\/Convention-Graphics-Wesbite-Banner-2025.jpg\u00a0\u00bb global_colors_info=\u00a0\u00bb{}\u00a0\u00bb][et_pb_slide _builder_version=\u00a0\u00bb4.27.4&Prime; _module_preset=\u00a0\u00bbdefault\u00a0\u00bb background_image=\u00a0\u00bbhttps:\/\/convention.cpa.ca\/wp-content\/uploads\/2025\/08\/Convention-page-Banner-FR-2026.jpg\u00a0\u00bb background_enable_image=\u00a0\u00bbon\u00a0\u00bb global_colors_info=\u00a0\u00bb{}\u00a0\u00bb sticky_transition=\u00a0\u00bbon\u00a0\u00bb][\/et_pb_slide][\/et_pb_slider][\/et_pb_column][et_pb_column type=\u00a0\u00bb1_3&Prime; _builder_version=\u00a0\u00bb4.16&Prime; _module_preset=\u00a0\u00bbdefault\u00a0\u00bb global_colors_info=\u00a0\u00bb{}\u00a0\u00bb][et_pb_image src=\u00a0\u00bbhttps:\/\/convention.cpa.ca\/wp-content\/uploads\/2025\/08\/Le-Westin-Montreal-19.jpg\u00a0\u00bb alt=\u00a0\u00bbLe Westin Montreal\u00a0\u00bb title_text=\u00a0\u00bbLe Westin Montreal\u00a0\u00bb _builder_version=\u00a0\u00bb4.27.4&Prime; _module_preset=\u00a0\u00bbdefault\u00a0\u00bb global_colors_info=\u00a0\u00bb{}\u00a0\u00bb][\/et_pb_image][\/et_pb_column][\/et_pb_row][et_pb_row _builder_version=\u00a0\u00bb4.16&Prime; _module_preset=\u00a0\u00bbdefault\u00a0\u00bb global_colors_info=\u00a0\u00bb{}\u00a0\u00bb][et_pb_column type=\u00a0\u00bb4_4&Prime; _builder_version=\u00a0\u00bb4.16&Prime; _module_preset=\u00a0\u00bbdefault\u00a0\u00bb global_colors_info=\u00a0\u00bb{}\u00a0\u00bb][et_pb_text disabled_on=\u00a0\u00bbon|on|on\u00a0\u00bb _builder_version=\u00a0\u00bb4.16&Prime; _module_preset=\u00a0\u00bbdefault\u00a0\u00bb disabled=\u00a0\u00bbon\u00a0\u00bb global_colors_info=\u00a0\u00bb{}\u00a0\u00bb] The CPA\u2019s 85th Annual National Convention will [&hellip;]<\/p>\n","protected":false},"author":5,"featured_media":0,"parent":0,"menu_order":0,"comment_status":"closed","ping_status":"closed","template":"","meta":{"_et_pb_use_builder":"on","_et_pb_old_content":"","_et_gb_content_width":"","_monsterinsights_skip_tracking":false,"_monsterinsights_sitenote_active":false,"_monsterinsights_sitenote_note":"","_monsterinsights_sitenote_category":0,"footnotes":""},"class_list":["post-3208","page","type-page","status-publish","hentry"],"aioseo_notices":[],"publishpress_future_action":{"enabled":false,"date":"2026-04-16 14:02:38","action":"change-status","newStatus":"draft","terms":[],"taxonomy":"translation_priority","extraData":[]},"publishpress_future_workflow_manual_trigger":{"enabledWorkflows":[]},"_links":{"self":[{"href":"https:\/\/convention.cpa.ca\/fr\/wp-json\/wp\/v2\/pages\/3208","targetHints":{"allow":["GET"]}}],"collection":[{"href":"https:\/\/convention.cpa.ca\/fr\/wp-json\/wp\/v2\/pages"}],"about":[{"href":"https:\/\/convention.cpa.ca\/fr\/wp-json\/wp\/v2\/types\/page"}],"author":[{"embeddable":true,"href":"https:\/\/convention.cpa.ca\/fr\/wp-json\/wp\/v2\/users\/5"}],"replies":[{"embeddable":true,"href":"https:\/\/convention.cpa.ca\/fr\/wp-json\/wp\/v2\/comments?post=3208"}],"version-history":[{"count":81,"href":"https:\/\/convention.cpa.ca\/fr\/wp-json\/wp\/v2\/pages\/3208\/revisions"}],"predecessor-version":[{"id":17437,"href":"https:\/\/convention.cpa.ca\/fr\/wp-json\/wp\/v2\/pages\/3208\/revisions\/17437"}],"wp:attachment":[{"href":"https:\/\/convention.cpa.ca\/fr\/wp-json\/wp\/v2\/media?parent=3208"}],"curies":[{"name":"wp","href":"https:\/\/api.w.org\/{rel}","templated":true}]}}