{"id":3350,"date":"2020-01-28T14:17:45","date_gmt":"2020-01-28T19:17:45","guid":{"rendered":"http:\/\/convention.cpa.ca\/social-event\/"},"modified":"2025-12-11T10:30:00","modified_gmt":"2025-12-11T15:30:00","slug":"social-activities","status":"publish","type":"page","link":"https:\/\/convention.cpa.ca\/fr\/social-activities\/","title":{"rendered":"Activit\u00e9s sociales et visites"},"content":{"rendered":"<p>[et_pb_section fb_built=\u00a0\u00bb1&Prime; _builder_version=\u00a0\u00bb4.16&Prime; global_colors_info=\u00a0\u00bb{}\u00a0\u00bb][et_pb_row disabled_on=\u00a0\u00bboff|off|off\u00a0\u00bb _builder_version=\u00a0\u00bb4.27.4&Prime; _module_preset=\u00a0\u00bbdefault\u00a0\u00bb global_colors_info=\u00a0\u00bb{}\u00a0\u00bb][et_pb_column type=\u00a0\u00bb4_4&Prime; _builder_version=\u00a0\u00bb4.16&Prime; _module_preset=\u00a0\u00bbdefault\u00a0\u00bb global_colors_info=\u00a0\u00bb{}\u00a0\u00bb][et_pb_text _builder_version=\u00a0\u00bb4.27.4&Prime; global_colors_info=\u00a0\u00bb{}\u00a0\u00bb]<\/p>\n<div style=\"text-align: center;\">\n<h1>Activit\u00e9s sociales et visites de Montr\u00e9al<\/h1>\n<\/div>\n<p>Revenez bient\u00f4t sur cette page pour d\u00e9couvrir toutes les activit\u00e9s passionnantes qui vous attendent dans la magnifique ville de Montr\u00e9al.<\/p>\n<h3><a href=\"https:\/\/www.mtl.org\/fr\/quoi-faire\/evenements-affaires\" target=\"_blank\">Bienvenue \u00e0 Montr\u00e9al | Tourisme Montr\u00e9al<\/a>\u00a0<\/h3>\n<p>C\u2019est un plaisir de vous accueillir dans notre ville! Quelle que soit la saison ou l\u2019heure de la journ\u00e9e, Montr\u00e9al d\u00e9borde de charme. Impr\u00e9gnez-vous de la cr\u00e9ativit\u00e9, de l\u2019\u00e9nergie et de l\u2019hospitalit\u00e9 qui font battre le c\u0153ur de la ville, et vivez des moments inoubliables.<\/p>\n<h3><a href=\"https:\/\/www.mtl.org\/fr\/offres\/passeport\/passeport-mtl-eteautomne-2025\" target=\"_blank\">Passeport MTL \u00c9t\u00e9\/Automne 2025 | Tourisme Montr\u00e9al<\/a><\/h3>\n<p>La solution pour un s\u00e9jour bien rempli \u00e0 petit prix \u00e0 Montr\u00e9al? Le Passeport MTL! Gr\u00e2ce \u00e0 ce laissez-passer, vous \u00e9conomiserez en moyenne 35\u202f%* sur vos activit\u00e9s et sorties. [\/et_pb_text][\/et_pb_column][\/et_pb_row][et_pb_row column_structure=\u00a0\u00bb3_4,1_4&Prime; disabled_on=\u00a0\u00bbon|on|on\u00a0\u00bb _builder_version=\u00a0\u00bb4.27.4&Prime; _module_preset=\u00a0\u00bbdefault\u00a0\u00bb disabled=\u00a0\u00bbon\u00a0\u00bb global_colors_info=\u00a0\u00bb{}\u00a0\u00bb][et_pb_column type=\u00a0\u00bb3_4&Prime; _builder_version=\u00a0\u00bb4.16&Prime; _module_preset=\u00a0\u00bbdefault\u00a0\u00bb global_colors_info=\u00a0\u00bb{}\u00a0\u00bb][et_pb_text _builder_version=\u00a0\u00bb4.27.4&Prime; global_colors_info=\u00a0\u00bb{}\u00a0\u00bb]<\/p>\n<div style=\"text-align: center;\">\n<h1>Activit\u00e9s sociales et visites <\/h1>\n<\/div>\n<p><a target=\"_blank\" href=\"https:\/\/cpa.ca\/docs\/File\/Convention\/2025\/Guide to ST Johns-FR- FINAL.pdf\"><strong>Le guide de Janine Hubbard sur St. John\u2019s<\/strong><\/a><br \/>\nMerci \u00e0 Janine qui a pris le temps de nous faire part de ses connaissances sur St. John\u2019s afin que les participants \u00e0 notre congr\u00e8s puissent parcourir la ville avec l\u2019assurance d\u2019une personne de l\u2019endroit![\/et_pb_text][\/et_pb_column][et_pb_column type=\u00a0\u00bb1_4&Prime; _builder_version=\u00a0\u00bb4.16&Prime; _module_preset=\u00a0\u00bbdefault\u00a0\u00bb global_colors_info=\u00a0\u00bb{}\u00a0\u00bb][et_pb_image src=\u00a0\u00bbhttps:\/\/convention.cpa.ca\/wp-content\/uploads\/2024\/11\/Summer-Colourful-Downtown-scaled.jpg\u00a0\u00bb title_text=\u00a0\u00bbSummer-Colourful-Downtown\u00a0\u00bb _builder_version=\u00a0\u00bb4.16&Prime; _module_preset=\u00a0\u00bbdefault\u00a0\u00bb global_colors_info=\u00a0\u00bb{}\u00a0\u00bb][\/et_pb_image][\/et_pb_column][\/et_pb_row][et_pb_row disabled_on=\u00a0\u00bboff|off|off\u00a0\u00bb _builder_version=\u00a0\u00bb4.27.4&Prime; _module_preset=\u00a0\u00bbdefault\u00a0\u00bb hover_enabled=\u00a0\u00bb0&Prime; global_colors_info=\u00a0\u00bb{}\u00a0\u00bb sticky_enabled=\u00a0\u00bb0&Prime;][et_pb_column type=\u00a0\u00bb4_4&Prime; _builder_version=\u00a0\u00bb4.16&Prime; _module_preset=\u00a0\u00bbdefault\u00a0\u00bb global_colors_info=\u00a0\u00bb{}\u00a0\u00bb][et_pb_divider _builder_version=\u00a0\u00bb4.16&Prime; _module_preset=\u00a0\u00bbdefault\u00a0\u00bb global_colors_info=\u00a0\u00bb{}\u00a0\u00bb][\/et_pb_divider][\/et_pb_column][\/et_pb_row][et_pb_row column_structure=\u00a0\u00bb1_4,3_4&Prime; disabled_on=\u00a0\u00bboff|off|off\u00a0\u00bb _builder_version=\u00a0\u00bb4.27.4&Prime; hover_enabled=\u00a0\u00bb0&Prime; global_colors_info=\u00a0\u00bb{}\u00a0\u00bb sticky_enabled=\u00a0\u00bb0&Prime;][et_pb_column type=\u00a0\u00bb1_4&Prime; _builder_version=\u00a0\u00bb4.16&Prime; global_colors_info=\u00a0\u00bb{}\u00a0\u00bb][et_pb_image src=\u00a0\u00bbhttps:\/\/convention.cpa.ca\/wp-content\/uploads\/2025\/12\/Credit-photo-Guidatour-The-Original-Old-Montreal-Walking-Tour-5.png\u00a0\u00bb title_text=\u00a0\u00bbCr\u00e9dit photo Guidatour -The Original Old Montr\u00e9al Walking Tour 5&Prime; _builder_version=\u00a0\u00bb4.27.4&Prime; _module_preset=\u00a0\u00bbdefault\u00a0\u00bb hover_enabled=\u00a0\u00bb0&Prime; global_colors_info=\u00a0\u00bb{}\u00a0\u00bb sticky_enabled=\u00a0\u00bb0&Prime;][\/et_pb_image][et_pb_image src=\u00a0\u00bbhttps:\/\/convention.cpa.ca\/wp-content\/uploads\/2025\/12\/Credit-photo-Guidatour-The-Original-Old-Montreal-Walking-Tour-4.png\u00a0\u00bb title_text=\u00a0\u00bbCr\u00e9dit photo Guidatour -The Original Old Montr\u00e9al Walking Tour 4&Prime; _builder_version=\u00a0\u00bb4.27.4&Prime; _module_preset=\u00a0\u00bbdefault\u00a0\u00bb global_colors_info=\u00a0\u00bb{}\u00a0\u00bb][\/et_pb_image][et_pb_image src=\u00a0\u00bbhttps:\/\/convention.cpa.ca\/wp-content\/uploads\/2025\/12\/Credit-photo-Guidatour-The-Original-Old-Montreal-Walking-Tour-1.jpg\u00a0\u00bb title_text=\u00a0\u00bbCr\u00e9dit photo Guidatour -The Original Old Montr\u00e9al Walking Tour 1&Prime; _builder_version=\u00a0\u00bb4.27.4&Prime; _module_preset=\u00a0\u00bbdefault\u00a0\u00bb hover_enabled=\u00a0\u00bb0&Prime; global_colors_info=\u00a0\u00bb{}\u00a0\u00bb sticky_enabled=\u00a0\u00bb0&Prime;][\/et_pb_image][et_pb_image _builder_version=\u00a0\u00bb4.27.4&Prime; _module_preset=\u00a0\u00bbdefault\u00a0\u00bb title_text=\u00a0\u00bbCr\u00e9dit photo Guidatour -The Original Old Montr\u00e9al Walking Tour 2&Prime; src=\u00a0\u00bbhttps:\/\/convention.cpa.ca\/wp-content\/uploads\/2025\/12\/Credit-photo-Guidatour-The-Original-Old-Montreal-Walking-Tour-2-scaled.jpg\u00a0\u00bb][\/et_pb_image][\/et_pb_column][et_pb_column type=\u00a0\u00bb3_4&Prime; _builder_version=\u00a0\u00bb4.16&Prime; global_colors_info=\u00a0\u00bb{}\u00a0\u00bb][et_pb_text _builder_version=\u00a0\u00bb4.27.4&Prime; hover_enabled=\u00a0\u00bb0&Prime; global_colors_info=\u00a0\u00bb{}\u00a0\u00bb sticky_enabled=\u00a0\u00bb0&Prime;]<\/p>\n<h2>Guidatour is the leader for visiting Montr\u00e9al and surroundings!<\/h2>\n<p>Guidatour is the leader for visiting Montr\u00e9al and surroundings!<\/p>\n<p>Established in the heart of Old Montr\u00e9al since 1985, Guidatour is a tourist service agency that provides professional city guides for outstanding visits in\u00a0<strong>Montr\u00e9al<\/strong>,\u00a0<strong>Quebec City<\/strong>\u00a0and\u00a0<strong>Ottawa<\/strong>.<\/p>\n<p>Over the years, our company has established itself not only as a\u00a0<strong>specialist in\u00a0Old Montr\u00e9al<\/strong>, but also as\u00a0<strong>the\u00a0leader\u00a0in its field<\/strong>\u00a0and a\u00a0<strong>positive\u00a0and influential player<\/strong>\u00a0in the Montr\u00e9al tourism industry.<\/p>\n<p><strong>Tour description<br \/>\n<\/strong>During this 2 hours walking tour, you will discover the major historical sites of Old Montr\u00e9al in the company of a professional guide from Guidatour. Stroll through the charming cobblestone streets and winding alleys of the historic district, revealing its rich heritage.<\/p>\n<p><strong>Schedule<\/strong><br \/>\nThe tour is available Friday, Saturday and Sunday in May, and every day in June with 3 different time slots: 10:00am, 1:30pm or 4:00pm, in French or English.<\/p>\n<p><strong>Promo code: CPACONF2026<\/strong><\/p>\n<p>Use this code during checkout to save 15% on your booking.\u00a0 The promotional code is valid for any booking made for our <em>The Original: Old Montr\u00e9al Walking tour<\/em>, taking place between May 15\u00a0and June 15, 2026.<\/p>\n<p><strong>How to book<\/strong><\/p>\n<ol>\n<li>Click the link:<a target=\"_blank\" href=\"https:\/\/guidatour.qc.ca\/en\/scheduled-tours\/scheduled-tours-on-foot\/old-montreal-original\/\">https:\/\/guidatour.qc.ca\/en\/scheduled-tours\/scheduled-tours-on-foot\/old-montreal-original\/<\/a><\/li>\n<li>In the calendar, select your preferred date, time and language.<\/li>\n<li>Click on Checkout<\/li>\n<li>Enter your contact details. In the Promo Code section on the right, enter your promo code and click on Apply. Your discount will be automatically applied to the total price.<\/li>\n<li>Click on Continue and proceed to payment with Paypal or credit card.<\/li>\n<li>You will receive a detailed confirmation by email.<\/li>\n<\/ol>\n<p>[\/et_pb_text][\/et_pb_column][\/et_pb_row][et_pb_row _builder_version=\u00a0\u00bb4.16&Prime; _module_preset=\u00a0\u00bbdefault\u00a0\u00bb global_colors_info=\u00a0\u00bb{}\u00a0\u00bb][et_pb_column type=\u00a0\u00bb4_4&Prime; _builder_version=\u00a0\u00bb4.16&Prime; _module_preset=\u00a0\u00bbdefault\u00a0\u00bb global_colors_info=\u00a0\u00bb{}\u00a0\u00bb][et_pb_divider disabled_on=\u00a0\u00bbon|on|on\u00a0\u00bb _builder_version=\u00a0\u00bb4.27.4&Prime; _module_preset=\u00a0\u00bbdefault\u00a0\u00bb disabled=\u00a0\u00bbon\u00a0\u00bb global_colors_info=\u00a0\u00bb{}\u00a0\u00bb][\/et_pb_divider][\/et_pb_column][\/et_pb_row][et_pb_row column_structure=\u00a0\u00bb2_3,1_3&Prime; disabled_on=\u00a0\u00bbon|on|on\u00a0\u00bb _builder_version=\u00a0\u00bb4.27.4&Prime; disabled=\u00a0\u00bbon\u00a0\u00bb global_colors_info=\u00a0\u00bb{}\u00a0\u00bb][et_pb_column type=\u00a0\u00bb2_3&Prime; _builder_version=\u00a0\u00bb4.16&Prime; global_colors_info=\u00a0\u00bb{}\u00a0\u00bb][et_pb_text _builder_version=\u00a0\u00bb4.16&Prime; _module_preset=\u00a0\u00bbdefault\u00a0\u00bb global_colors_info=\u00a0\u00bb{}\u00a0\u00bb]<\/p>\n<h2>McCarthy\u2019s Party<\/h2>\n<p>Retrouvez McCarthy\u2019s Party Limited qui a con\u00e7u de nombreuses <a target=\"_blank\" href=\"https:\/\/www.mccarthysparty.com\/cpa-tour-booking-page\/\" rel=\"noopener\">visites et activit\u00e9s pour les participants de la SCP<\/a>, et propose des r\u00e9ductions sur de nombreuses attractions, et m\u00eame des visites gratuites au c\u0153ur de la ville. Jetez un coup d\u2019\u0153il sur sa programmation et r\u00e9servez quand il vous plaira; certaines activit\u00e9s requi\u00e8rent un nombre minimum de personnes pour avoir lieu.Retrouvez McCarthy\u2019s Party Limited qui a con\u00e7u de nombreuses visites et activit\u00e9s pour les participants de la SCP, et propose des r\u00e9ductions sur de nombreuses attractions, et m\u00eame des visites gratuites au c\u0153ur de la ville. Jetez un coup d\u2019\u0153il sur sa programmation et r\u00e9servez quand il vous plaira; certaines activit\u00e9s requi\u00e8rent un nombre minimum de personnes pour avoir lieu.<\/p>\n<p>En ce qui concerne les visites publiques, comme le Historic St. John\u2019s and Cape Spear Tour, le Outports and Lucky Rocks Tour, la Irish Loop et l\u2019Excursion Around the Bay, McCarthy\u2019s exige un minimum de quatre personnes. L\u2019\u00e9v\u00e9nement Kitchen Party, organis\u00e9 en soir\u00e9e, requiert un minimum de 25 personnes et peut accueillir un maximum de 40 personnes.[\/et_pb_text][\/et_pb_column][et_pb_column type=\u00a0\u00bb1_3&Prime; _builder_version=\u00a0\u00bb4.16&Prime; global_colors_info=\u00a0\u00bb{}\u00a0\u00bb][et_pb_image src=\u00a0\u00bbhttps:\/\/convention.cpa.ca\/wp-content\/uploads\/2024\/11\/george-street-couple.jpg\u00a0\u00bb title_text=\u00a0\u00bbgeorge-street-couple\u00a0\u00bb _builder_version=\u00a0\u00bb4.16&Prime; _module_preset=\u00a0\u00bbdefault\u00a0\u00bb global_colors_info=\u00a0\u00bb{}\u00a0\u00bb][\/et_pb_image][et_pb_image src=\u00a0\u00bbhttps:\/\/convention.cpa.ca\/wp-content\/uploads\/2024\/11\/Summer-The-Battery-From-Water.jpg\u00a0\u00bb title_text=\u00a0\u00bbSummer-The-Battery-From-Water\u00a0\u00bb _builder_version=\u00a0\u00bb4.16&Prime; _module_preset=\u00a0\u00bbdefault\u00a0\u00bb global_colors_info=\u00a0\u00bb{}\u00a0\u00bb][\/et_pb_image][\/et_pb_column][\/et_pb_row][\/et_pb_section]<\/p>\n","protected":false},"excerpt":{"rendered":"<p>[et_pb_section fb_built=\u00a0\u00bb1&Prime; _builder_version=\u00a0\u00bb4.16&Prime; global_colors_info=\u00a0\u00bb{}\u00a0\u00bb][et_pb_row disabled_on=\u00a0\u00bboff|off|off\u00a0\u00bb _builder_version=\u00a0\u00bb4.27.4&Prime; _module_preset=\u00a0\u00bbdefault\u00a0\u00bb global_colors_info=\u00a0\u00bb{}\u00a0\u00bb][et_pb_column type=\u00a0\u00bb4_4&Prime; _builder_version=\u00a0\u00bb4.16&Prime; _module_preset=\u00a0\u00bbdefault\u00a0\u00bb global_colors_info=\u00a0\u00bb{}\u00a0\u00bb][et_pb_text _builder_version=\u00a0\u00bb4.27.4&Prime; global_colors_info=\u00a0\u00bb{}\u00a0\u00bb] Activit\u00e9s sociales et visites de Montr\u00e9al Revenez bient\u00f4t sur cette page pour d\u00e9couvrir toutes les activit\u00e9s passionnantes qui vous attendent dans la magnifique ville de Montr\u00e9al. Bienvenue \u00e0 Montr\u00e9al | Tourisme Montr\u00e9al\u00a0 C\u2019est un plaisir de vous accueillir dans notre ville! [&hellip;]<\/p>\n","protected":false},"author":5,"featured_media":0,"parent":0,"menu_order":0,"comment_status":"closed","ping_status":"closed","template":"","meta":{"_et_pb_use_builder":"on","_et_pb_old_content":"","_et_gb_content_width":"","_monsterinsights_skip_tracking":false,"_monsterinsights_sitenote_active":false,"_monsterinsights_sitenote_note":"","_monsterinsights_sitenote_category":0,"footnotes":""},"class_list":["post-3350","page","type-page","status-publish","hentry"],"aioseo_notices":[],"publishpress_future_action":{"enabled":false,"date":"2026-05-08 01:53:22","action":"change-status","newStatus":"draft","terms":[],"taxonomy":"translation_priority","extraData":[]},"publishpress_future_workflow_manual_trigger":{"enabledWorkflows":[]},"_links":{"self":[{"href":"https:\/\/convention.cpa.ca\/fr\/wp-json\/wp\/v2\/pages\/3350","targetHints":{"allow":["GET"]}}],"collection":[{"href":"https:\/\/convention.cpa.ca\/fr\/wp-json\/wp\/v2\/pages"}],"about":[{"href":"https:\/\/convention.cpa.ca\/fr\/wp-json\/wp\/v2\/types\/page"}],"author":[{"embeddable":true,"href":"https:\/\/convention.cpa.ca\/fr\/wp-json\/wp\/v2\/users\/5"}],"replies":[{"embeddable":true,"href":"https:\/\/convention.cpa.ca\/fr\/wp-json\/wp\/v2\/comments?post=3350"}],"version-history":[{"count":35,"href":"https:\/\/convention.cpa.ca\/fr\/wp-json\/wp\/v2\/pages\/3350\/revisions"}],"predecessor-version":[{"id":17030,"href":"https:\/\/convention.cpa.ca\/fr\/wp-json\/wp\/v2\/pages\/3350\/revisions\/17030"}],"wp:attachment":[{"href":"https:\/\/convention.cpa.ca\/fr\/wp-json\/wp\/v2\/media?parent=3350"}],"curies":[{"name":"wp","href":"https:\/\/api.w.org\/{rel}","templated":true}]}}