{"id":546,"date":"2017-03-11T13:44:40","date_gmt":"2017-03-11T20:44:40","guid":{"rendered":"http:\/\/convention.cpa.ca\/hebergement\/"},"modified":"2024-10-18T09:08:33","modified_gmt":"2024-10-18T13:08:33","slug":"transport_et_hebergement","status":"publish","type":"page","link":"https:\/\/convention.cpa.ca\/fr\/transport_et_hebergement\/","title":{"rendered":"Transport et h\u00e9bergement"},"content":{"rendered":"<p>[et_pb_section fb_built=\u00a0\u00bb1&Prime; admin_label=\u00a0\u00bbsection\u00a0\u00bb _builder_version=\u00a0\u00bb3.22.3&Prime; global_colors_info=\u00a0\u00bb{}\u00a0\u00bb][et_pb_row column_structure=\u00a0\u00bb2_3,1_3&Prime; _builder_version=\u00a0\u00bb3.25.1&Prime; global_colors_info=\u00a0\u00bb{}\u00a0\u00bb][et_pb_column type=\u00a0\u00bb2_3&Prime; _builder_version=\u00a0\u00bb3.25.1&Prime; global_colors_info=\u00a0\u00bb{}\u00a0\u00bb][et_pb_text _builder_version=\u00a0\u00bb3.27.4&Prime; global_colors_info=\u00a0\u00bb{}\u00a0\u00bb]<\/p>\n<h1>Transport et h\u00e9bergement<\/h1>\n<p>This year\u2019s convention will take place at Le Westin Montreal in Montreal, Quebec.<\/p>\n<p>Afin de faciliter votre transport pour participer au congr\u00e8s, la SCP a aussi n\u00e9goci\u00e9 des tarifs r\u00e9duits avec des compagnies a\u00e9riennes, VIA Rail et des entreprises de location de voiture. La marche \u00e0 suivre pour obtenir les codes de r\u00e9duction sera indiqu\u00e9e dans votre lettre d\u2019acceptation; si vous d\u00e9sirez faire votre r\u00e9servation avant d\u2019avoir re\u00e7u votre lettre d\u2019acceptation, veuillez communiquer avec le bureau du congr\u00e8s de la SCP en \u00e9crivant \u00e0 <a href=\"mailto:convention@cpa.ca\">convention@cpa.ca<\/a>.<\/p>\n<p>[\/et_pb_text][\/et_pb_column][et_pb_column type=\u00a0\u00bb1_3&Prime; _builder_version=\u00a0\u00bb3.25.1&Prime; global_colors_info=\u00a0\u00bb{}\u00a0\u00bb][et_pb_text _builder_version=\u00a0\u00bb4.14.1&Prime; hover_enabled=\u00a0\u00bb0&Prime; global_colors_info=\u00a0\u00bb{}\u00a0\u00bb sticky_enabled=\u00a0\u00bb0&Prime;]<\/p>\n<h3><a class=\"buttonmenu\" style=\"float: right; width: 300px;\" href=\"\/fr\/transport_et_hebergement\/transport\/\">Transport<\/a><\/h3>\n<p><!--\n\n<h3><a class=\"buttonmenu\" style=\"float: right; width: 300px;\" href=\"\/fr\/transport_et_hebergement\/hebergement\/\">H\u00e9bergement<\/a><\/h3>\n\n-->[\/et_pb_text][\/et_pb_column][\/et_pb_row][et_pb_row column_structure=\u00a0\u00bb2_3,1_3&Prime; _builder_version=\u00a0\u00bb3.25.1&Prime; global_colors_info=\u00a0\u00bb{}\u00a0\u00bb][et_pb_column type=\u00a0\u00bb2_3&Prime; _builder_version=\u00a0\u00bb3.25.1&Prime; global_colors_info=\u00a0\u00bb{}\u00a0\u00bb][et_pb_text _builder_version=\u00a0\u00bb3.27.4&Prime; global_colors_info=\u00a0\u00bb{}\u00a0\u00bb]<\/p>\n<h1>H\u00e9bergement<\/h1>\n<h2>Le Westin Montr\u00e9al<\/h2>\n<p>Le Westin Montr\u00e9al est situ\u00e9 \u00e0 quelques pas seulement de plusieurs destinations incontournables de la ville, comme le Centre Bell, l\u2019Universit\u00e9 McGill et la Basilique Notre-Dame de Montr\u00e9al. Apr\u00e8s une journ\u00e9e de conf\u00e9rences ou de visites, l\u2019h\u00f4tel Le Westin Montr\u00e9al vous propose des chambres et des suites spacieuses \u00e9quip\u00e9es d\u2019une connexion Wi-Fi gratuite, de matelas \u00e0 plateau-coussin, d\u2019une salle de bains en marbre et d\u2019un service d\u2019\u00e9tage disponible 24 heures sur 24. Il dispose d\u2019un restaurant sur place (GaZette), d\u2019un centre de remise en forme fitness WestinWORKOUT ouvert 24 heures sur 24 et d\u2019une piscine int\u00e9rieure chauff\u00e9e \u00e0 fond de verre.<\/p>\n<p>[\/et_pb_text][et_pb_text _builder_version=\u00a0\u00bb3.27.4&Prime; global_colors_info=\u00a0\u00bb{}\u00a0\u00bb]<\/p>\n<p style=\"font-weight:bold\">Event Summary:<br \/>\nCanadian Psychological Association<br \/>\nBooking Dates: May 25th through May 31st<br \/>\nLast Day to Book: Friday, April 24, 2020<br \/>\nHotel(s) offering your special group rate: Le Westin Montreal for 269 CAD per night<\/p>\n<p><strong><a href=\"https:\/\/www.marriott.com\/events\/start.mi?id=1579706539398&amp;key=GRP\">Cliquez ici pour r\u00e9server votre chambre et profiter des tarifs de groupe n\u00e9goci\u00e9s par la SCP : <\/a><\/strong><\/p>\n<p style=\"font-style:italic;\">* The Hotel Reservation site does not work with internet Explorer.<\/p>\n<p>[\/et_pb_text][\/et_pb_column][et_pb_column type=\u00a0\u00bb1_3&Prime; _builder_version=\u00a0\u00bb3.25.1&Prime; global_colors_info=\u00a0\u00bb{}\u00a0\u00bb][et_pb_image src=\u00a0\u00bbhttps:\/\/convention.cpa.ca\/wp-content\/uploads\/2020\/01\/LeWestin.jpg\u00a0\u00bb _builder_version=\u00a0\u00bb3.25.1&Prime; global_colors_info=\u00a0\u00bb{}\u00a0\u00bb][\/et_pb_image][et_pb_image src=\u00a0\u00bbhttps:\/\/convention.cpa.ca\/wp-content\/uploads\/2020\/01\/LeWestin-Entrance.jpg\u00a0\u00bb _builder_version=\u00a0\u00bb3.25.1&Prime; global_colors_info=\u00a0\u00bb{}\u00a0\u00bb][\/et_pb_image][et_pb_image src=\u00a0\u00bbhttps:\/\/convention.cpa.ca\/wp-content\/uploads\/2020\/01\/LeWestin-Lobby.jpg\u00a0\u00bb _builder_version=\u00a0\u00bb3.25.1&Prime; global_colors_info=\u00a0\u00bb{}\u00a0\u00bb][\/et_pb_image][et_pb_image src=\u00a0\u00bbhttps:\/\/convention.cpa.ca\/wp-content\/uploads\/2020\/01\/yulle-pool-9906-hor-feat.jpg\u00a0\u00bb _builder_version=\u00a0\u00bb3.25.1&Prime; global_colors_info=\u00a0\u00bb{}\u00a0\u00bb][\/et_pb_image][\/et_pb_column][\/et_pb_row][\/et_pb_section]<\/p>\n","protected":false},"excerpt":{"rendered":"<p>Transport et h\u00e9bergement This year\u2019s convention will take place at Le Westin Montreal in Montreal, Quebec. Afin de faciliter votre transport pour participer au congr\u00e8s, la SCP a aussi n\u00e9goci\u00e9 des tarifs r\u00e9duits avec des compagnies a\u00e9riennes, VIA Rail et des entreprises de location de voiture. La marche \u00e0 suivre pour obtenir les codes de [&hellip;]<\/p>\n","protected":false},"author":1,"featured_media":0,"parent":0,"menu_order":0,"comment_status":"closed","ping_status":"closed","template":"","meta":{"_et_pb_use_builder":"on","_et_pb_old_content":"","_et_gb_content_width":"","_monsterinsights_skip_tracking":false,"_monsterinsights_sitenote_active":false,"_monsterinsights_sitenote_note":"","_monsterinsights_sitenote_category":0,"footnotes":""},"class_list":["post-546","page","type-page","status-publish","hentry"],"aioseo_notices":[],"publishpress_future_action":{"enabled":false,"date":"2026-04-15 08:42:59","action":"change-status","newStatus":"draft","terms":[],"taxonomy":"translation_priority","extraData":[]},"publishpress_future_workflow_manual_trigger":{"enabledWorkflows":[]},"_links":{"self":[{"href":"https:\/\/convention.cpa.ca\/fr\/wp-json\/wp\/v2\/pages\/546","targetHints":{"allow":["GET"]}}],"collection":[{"href":"https:\/\/convention.cpa.ca\/fr\/wp-json\/wp\/v2\/pages"}],"about":[{"href":"https:\/\/convention.cpa.ca\/fr\/wp-json\/wp\/v2\/types\/page"}],"author":[{"embeddable":true,"href":"https:\/\/convention.cpa.ca\/fr\/wp-json\/wp\/v2\/users\/1"}],"replies":[{"embeddable":true,"href":"https:\/\/convention.cpa.ca\/fr\/wp-json\/wp\/v2\/comments?post=546"}],"version-history":[{"count":34,"href":"https:\/\/convention.cpa.ca\/fr\/wp-json\/wp\/v2\/pages\/546\/revisions"}],"predecessor-version":[{"id":14060,"href":"https:\/\/convention.cpa.ca\/fr\/wp-json\/wp\/v2\/pages\/546\/revisions\/14060"}],"wp:attachment":[{"href":"https:\/\/convention.cpa.ca\/fr\/wp-json\/wp\/v2\/media?parent=546"}],"curies":[{"name":"wp","href":"https:\/\/api.w.org\/{rel}","templated":true}]}}