{"id":578,"date":"2017-03-19T17:18:13","date_gmt":"2017-03-19T21:18:13","guid":{"rendered":"http:\/\/convention.cpa.ca\/apprendre-et-grandir\/"},"modified":"2024-10-18T09:55:14","modified_gmt":"2024-10-18T13:55:14","slug":"apprendre-et-grandir","status":"publish","type":"page","link":"https:\/\/convention.cpa.ca\/fr\/apprendre-et-grandir\/","title":{"rendered":"Ateliers et possibilit\u00e9s de perfectionnement professionnel continu"},"content":{"rendered":"<p>[et_pb_section fb_built=\u00a0\u00bb1&Prime; fullwidth=\u00a0\u00bbon\u00a0\u00bb _builder_version=\u00a0\u00bb3.22.3&Prime; global_colors_info=\u00a0\u00bb{}\u00a0\u00bb][et_pb_fullwidth_slider _builder_version=\u00a0\u00bb4.14.1&Prime; header_letter_spacing=\u00a0\u00bb0&Prime; header_line_height=\u00a0\u00bb1&Prime; body_letter_spacing=\u00a0\u00bb0&Prime; body_line_height=\u00a0\u00bb1.7&Prime; height=\u00a0\u00bb300px\u00a0\u00bb max_height=\u00a0\u00bb300px\u00a0\u00bb custom_padding=\u00a0\u00bb|||\u00a0\u00bb custom_padding_tablet=\u00a0\u00bb|||\u00a0\u00bb custom_padding_phone=\u00a0\u00bb|||\u00a0\u00bb header_letter_spacing_tablet=\u00a0\u00bb0&Prime; header_letter_spacing_phone=\u00a0\u00bb0&Prime; header_line_height_tablet=\u00a0\u00bb1&Prime; header_line_height_phone=\u00a0\u00bb1&Prime; body_letter_spacing_tablet=\u00a0\u00bb0&Prime; body_letter_spacing_phone=\u00a0\u00bb0&Prime; body_line_height_tablet=\u00a0\u00bb1.7&Prime; body_line_height_phone=\u00a0\u00bb1.7&Prime; box_shadow_style=\u00a0\u00bbpreset6&Prime; box_shadow_blur=\u00a0\u00bb10px\u00a0\u00bb box_shadow_color=\u00a0\u00bbrgba(0,0,0,0.1)\u00a0\u00bb remove_inner_shadow=\u00a0\u00bboff\u00a0\u00bb hide_content_on_mobile=\u00a0\u00bboff\u00a0\u00bb hide_cta_on_mobile=\u00a0\u00bboff\u00a0\u00bb show_inner_shadow=\u00a0\u00bbon\u00a0\u00bb button_letter_spacing_hover=\u00a0\u00bb0&Prime; global_colors_info=\u00a0\u00bb{}\u00a0\u00bb button_text_size__hover_enabled=\u00a0\u00bboff\u00a0\u00bb button_text_size__hover=\u00a0\u00bbnull\u00a0\u00bb button_one_text_size__hover_enabled=\u00a0\u00bboff\u00a0\u00bb button_one_text_size__hover=\u00a0\u00bbnull\u00a0\u00bb button_two_text_size__hover_enabled=\u00a0\u00bboff\u00a0\u00bb button_two_text_size__hover=\u00a0\u00bbnull\u00a0\u00bb button_text_color__hover_enabled=\u00a0\u00bboff\u00a0\u00bb button_text_color__hover=\u00a0\u00bbnull\u00a0\u00bb button_one_text_color__hover_enabled=\u00a0\u00bboff\u00a0\u00bb button_one_text_color__hover=\u00a0\u00bbnull\u00a0\u00bb button_two_text_color__hover_enabled=\u00a0\u00bboff\u00a0\u00bb button_two_text_color__hover=\u00a0\u00bbnull\u00a0\u00bb button_border_width__hover_enabled=\u00a0\u00bboff\u00a0\u00bb button_border_width__hover=\u00a0\u00bbnull\u00a0\u00bb button_one_border_width__hover_enabled=\u00a0\u00bboff\u00a0\u00bb button_one_border_width__hover=\u00a0\u00bbnull\u00a0\u00bb button_two_border_width__hover_enabled=\u00a0\u00bboff\u00a0\u00bb button_two_border_width__hover=\u00a0\u00bbnull\u00a0\u00bb button_border_color__hover_enabled=\u00a0\u00bboff\u00a0\u00bb button_border_color__hover=\u00a0\u00bbnull\u00a0\u00bb button_one_border_color__hover_enabled=\u00a0\u00bboff\u00a0\u00bb button_one_border_color__hover=\u00a0\u00bbnull\u00a0\u00bb button_two_border_color__hover_enabled=\u00a0\u00bboff\u00a0\u00bb button_two_border_color__hover=\u00a0\u00bbnull\u00a0\u00bb button_border_radius__hover_enabled=\u00a0\u00bboff\u00a0\u00bb button_border_radius__hover=\u00a0\u00bbnull\u00a0\u00bb button_one_border_radius__hover_enabled=\u00a0\u00bboff\u00a0\u00bb button_one_border_radius__hover=\u00a0\u00bbnull\u00a0\u00bb button_two_border_radius__hover_enabled=\u00a0\u00bboff\u00a0\u00bb button_two_border_radius__hover=\u00a0\u00bbnull\u00a0\u00bb button_letter_spacing__hover_enabled=\u00a0\u00bbon\u00a0\u00bb button_letter_spacing__hover=\u00a0\u00bb0&Prime; button_one_letter_spacing__hover_enabled=\u00a0\u00bboff\u00a0\u00bb button_one_letter_spacing__hover=\u00a0\u00bbnull\u00a0\u00bb button_two_letter_spacing__hover_enabled=\u00a0\u00bboff\u00a0\u00bb button_two_letter_spacing__hover=\u00a0\u00bbnull\u00a0\u00bb button_bg_color__hover_enabled=\u00a0\u00bboff\u00a0\u00bb button_bg_color__hover=\u00a0\u00bbnull\u00a0\u00bb button_one_bg_color__hover_enabled=\u00a0\u00bboff\u00a0\u00bb button_one_bg_color__hover=\u00a0\u00bbnull\u00a0\u00bb button_two_bg_color__hover_enabled=\u00a0\u00bboff\u00a0\u00bb button_two_bg_color__hover=\u00a0\u00bbnull\u00a0\u00bb][et_pb_slide heading=\u00a0\u00bb<span style=%22text-shadow: -2px 0 4px black, 0 2px 4px black, 2px 0 4px black, 0 -2px 4px black;%22>Ateliers et possibilit\u00e9s de perfectionnement professionnel continu<\/span>\u00a0\u00bb use_bg_overlay=\u00a0\u00bboff\u00a0\u00bb use_text_overlay=\u00a0\u00bboff\u00a0\u00bb _builder_version=\u00a0\u00bb4.14.1&Prime; header_font=\u00a0\u00bb||||\u00a0\u00bb body_font=\u00a0\u00bb||||\u00a0\u00bb background_color=\u00a0\u00bb#ffffff\u00a0\u00bb background_image=\u00a0\u00bbhttp:\/\/convention.cpa.ca\/wp-content\/uploads\/2017\/03\/learn_grow-1.jpg\u00a0\u00bb background_enable_image=\u00a0\u00bbon\u00a0\u00bb button_icon_placement=\u00a0\u00bbright\u00a0\u00bb button_on_hover=\u00a0\u00bbon\u00a0\u00bb global_colors_info=\u00a0\u00bb{}\u00a0\u00bb button_text_size__hover_enabled=\u00a0\u00bboff\u00a0\u00bb button_one_text_size__hover_enabled=\u00a0\u00bboff\u00a0\u00bb button_two_text_size__hover_enabled=\u00a0\u00bboff\u00a0\u00bb button_text_color__hover_enabled=\u00a0\u00bboff\u00a0\u00bb button_one_text_color__hover_enabled=\u00a0\u00bboff\u00a0\u00bb button_two_text_color__hover_enabled=\u00a0\u00bboff\u00a0\u00bb button_border_width__hover_enabled=\u00a0\u00bboff\u00a0\u00bb button_one_border_width__hover_enabled=\u00a0\u00bboff\u00a0\u00bb button_two_border_width__hover_enabled=\u00a0\u00bboff\u00a0\u00bb button_border_color__hover_enabled=\u00a0\u00bboff\u00a0\u00bb button_one_border_color__hover_enabled=\u00a0\u00bboff\u00a0\u00bb button_two_border_color__hover_enabled=\u00a0\u00bboff\u00a0\u00bb button_border_radius__hover_enabled=\u00a0\u00bboff\u00a0\u00bb button_one_border_radius__hover_enabled=\u00a0\u00bboff\u00a0\u00bb button_two_border_radius__hover_enabled=\u00a0\u00bboff\u00a0\u00bb button_letter_spacing__hover_enabled=\u00a0\u00bboff\u00a0\u00bb button_one_letter_spacing__hover_enabled=\u00a0\u00bboff\u00a0\u00bb button_two_letter_spacing__hover_enabled=\u00a0\u00bboff\u00a0\u00bb button_bg_color__hover_enabled=\u00a0\u00bboff\u00a0\u00bb button_one_bg_color__hover_enabled=\u00a0\u00bboff\u00a0\u00bb button_two_bg_color__hover_enabled=\u00a0\u00bboff\u00a0\u00bb sticky_transition=\u00a0\u00bbon\u00a0\u00bb][\/et_pb_slide][\/et_pb_fullwidth_slider][\/et_pb_section][et_pb_section fb_built=\u00a0\u00bb1&Prime; admin_label=\u00a0\u00bbsection\u00a0\u00bb _builder_version=\u00a0\u00bb3.22.3&Prime; global_colors_info=\u00a0\u00bb{}\u00a0\u00bb][et_pb_row admin_label=\u00a0\u00bbrow\u00a0\u00bb _builder_version=\u00a0\u00bb3.25&Prime; background_size=\u00a0\u00bbinitial\u00a0\u00bb background_position=\u00a0\u00bbtop_left\u00a0\u00bb background_repeat=\u00a0\u00bbrepeat\u00a0\u00bb global_colors_info=\u00a0\u00bb{}\u00a0\u00bb][et_pb_column type=\u00a0\u00bb4_4&Prime; _builder_version=\u00a0\u00bb3.25&Prime; custom_padding=\u00a0\u00bb|||\u00a0\u00bb global_colors_info=\u00a0\u00bb{}\u00a0\u00bb custom_padding__hover=\u00a0\u00bb|||\u00a0\u00bb][et_pb_text _builder_version=\u00a0\u00bb4.14.1&Prime; text_letter_spacing=\u00a0\u00bb0&Prime; text_line_height=\u00a0\u00bb1.7&Prime; header_font_size=\u00a0\u00bb30&Prime; header_letter_spacing=\u00a0\u00bb0&Prime; header_line_height=\u00a0\u00bb1&Prime; background_size=\u00a0\u00bbinitial\u00a0\u00bb background_position=\u00a0\u00bbtop_left\u00a0\u00bb background_repeat=\u00a0\u00bbrepeat\u00a0\u00bb text_orientation=\u00a0\u00bbjustified\u00a0\u00bb text_letter_spacing_tablet=\u00a0\u00bb0&Prime; text_letter_spacing_phone=\u00a0\u00bb0&Prime; text_line_height_tablet=\u00a0\u00bb1.7&Prime; text_line_height_phone=\u00a0\u00bb1.7&Prime; header_font_size_tablet=\u00a0\u00bb30&Prime; header_font_size_phone=\u00a0\u00bb30&Prime; header_letter_spacing_tablet=\u00a0\u00bb0&Prime; header_letter_spacing_phone=\u00a0\u00bb0&Prime; header_line_height_tablet=\u00a0\u00bb1&Prime; header_line_height_phone=\u00a0\u00bb1&Prime; use_border_color=\u00a0\u00bboff\u00a0\u00bb border_color=\u00a0\u00bb#ffffff\u00a0\u00bb border_width=\u00a0\u00bb1&Prime; border_style=\u00a0\u00bbsolid\u00a0\u00bb global_colors_info=\u00a0\u00bb{}\u00a0\u00bb]<\/p>\n<h2>Congr\u00e8s annuel de 2022 de la SC<\/h2>\n<p>Conventions are an opportunity to share knowledge and experience with others in our profession, and to learn about new ways of thinking, working, and benefiting others in the clinical, professional, and technical realms. Planning continues so that we can offer professional development workshops that complement the eventual delivery format of the convention. <\/p>\n<p>Workshops offer extremely valuable opportunities for personal and professional growth.  Accordingly, professional development workshops of varying length and CE credit will continue to be offered, both before and during the CPA\u2019s 2022 Convention. As always, many of the workshops will subsequently be available as recordings on the CPA\u2019s Continuing Professional Education site.<\/p>\n<p>Details on content and scheduling will be posted as soon as they become available. In the interim, should you have any questions, please contact us at <a href=\"mailto:convention@cpa.ca\">convention@cpa.ca<\/a>.<\/p>\n<p><!--\n\n\n<p>Conventions are an opportunity to share knowledge and experience with others in our profession, and to learn about new ways of thinking, working, and benefiting others in the clinical, professional, and technical realms. Due to the continued health risks posed by COVID-19, the CPA has made the difficult but necessary decision to once again pivot from an in-person convention offering to a virtual offering. CPA2021 will be offered as a virtual event, from June 7<sup>th<\/sup> \u2013 25<sup>th<\/sup>. Pre-Conference Professional development Workshops will be delivered the week of May 31<sup>st<\/sup>-June 5<sup>th<\/sup>.<\/p>\n\n\n\n\n<p>In moving to virtual formats, one of the most important considerations CPA Staff continue to discuss is the loss of extremely valuable opportunities for personal and professional growth accorded by pre-conference and in-conference workshops, presentations, and symposia.<\/p>\n\n\n\n\n<p>Accordingly, professional development workshops of varying length and CE credit will be offered, as well as some sessions during the virtual event. If you are unable to attend a live session, many of the workshops will subsequently be available as recordings on the CPA\u2019s Continuing Professional Education site.<\/p>\n\n\n\n\n<p>As part of the virtual event, we will offer familiar and new presentation types designed to foster learning, networking and engagement, via a variety of pre-recorded and live sessions.<\/p>\n\n\n\n\n<p>Details on content and scheduling will be posted as soon as they become available. In the interim, should you have any questions, please contact us at <a href=\"mailto:convention@cpa.ca\">convention@cpa.ca<\/a><\/p>\n\n\n--><\/p>\n<hr \/>\n<p>[\/et_pb_text][\/et_pb_column][\/et_pb_row][et_pb_row column_structure=\u00a0\u00bb3_4,1_4&Prime; disabled_on=\u00a0\u00bboff|off|off\u00a0\u00bb admin_label=\u00a0\u00bbrow\u00a0\u00bb _builder_version=\u00a0\u00bb4.4.6&Prime; background_size=\u00a0\u00bbinitial\u00a0\u00bb background_position=\u00a0\u00bbtop_left\u00a0\u00bb background_repeat=\u00a0\u00bbrepeat\u00a0\u00bb global_colors_info=\u00a0\u00bb{}\u00a0\u00bb][et_pb_column type=\u00a0\u00bb3_4&Prime; _builder_version=\u00a0\u00bb3.25&Prime; custom_padding=\u00a0\u00bb|||\u00a0\u00bb global_colors_info=\u00a0\u00bb{}\u00a0\u00bb custom_padding__hover=\u00a0\u00bb|||\u00a0\u00bb][et_pb_text _builder_version=\u00a0\u00bb4.4.6&Prime; text_letter_spacing=\u00a0\u00bb0&Prime; text_line_height=\u00a0\u00bb1.7&Prime; header_font_size=\u00a0\u00bb30&Prime; header_letter_spacing=\u00a0\u00bb0&Prime; header_line_height=\u00a0\u00bb1&Prime; background_size=\u00a0\u00bbinitial\u00a0\u00bb background_position=\u00a0\u00bbtop_left\u00a0\u00bb background_repeat=\u00a0\u00bbrepeat\u00a0\u00bb text_orientation=\u00a0\u00bbjustified\u00a0\u00bb text_letter_spacing_tablet=\u00a0\u00bb0&Prime; text_letter_spacing_phone=\u00a0\u00bb0&Prime; text_line_height_tablet=\u00a0\u00bb1.7&Prime; text_line_height_phone=\u00a0\u00bb1.7&Prime; header_font_size_tablet=\u00a0\u00bb30&Prime; header_font_size_phone=\u00a0\u00bb30&Prime; header_letter_spacing_tablet=\u00a0\u00bb0&Prime; header_letter_spacing_phone=\u00a0\u00bb0&Prime; header_line_height_tablet=\u00a0\u00bb1&Prime; header_line_height_phone=\u00a0\u00bb1&Prime; use_border_color=\u00a0\u00bboff\u00a0\u00bb border_color=\u00a0\u00bb#ffffff\u00a0\u00bb border_width=\u00a0\u00bb1&Prime; border_style=\u00a0\u00bbsolid\u00a0\u00bb global_colors_info=\u00a0\u00bb{}\u00a0\u00bb]<\/p>\n<p>The CPA\u2019s Annual National Convention features continuous professional development opportunities both before and during the convention.<\/p>\n<h3>Pre-Convention Workshops<\/h3>\n<p>As of now, pre-convention workshops are scheduled to take place on June 16th.  These workshops will be 3-hours or 6-hours in duration for corresponding CE credits.  A separate registration system and fee, over and apart from the CPA\u2019s convention registration system and fee, will be required. <\/p>\n<h3>Workshops During Convention<\/h3>\n<p>During the convention, the Scientific Program will feature a number of 85-minutes workshops, some of which will qualify for 1 CE credit, that are free to attend as part of one\u2019s convention registration.  Check the program and back here (in late February) for a listing of all workshops.<\/p>\n<p><!--\n\n\n<p>Le congr\u00e8s national annuel de la SCP offre des possibilit\u00e9s de perfectionnement professionnel continu, \u00e0 la fois avant et pendant le congr\u00e8s.<\/p>\n\n\n\n\n<h3><a href=\"\"><\/a>Ateliers pr\u00e9congr\u00e8s<\/h3>\n\n\n\n\n<p>La semaine pr\u00e9c\u00e9dant imm\u00e9diatement le congr\u00e8s (le 31 mai - 5 juin, 2021), divers ateliers pr\u00e9congr\u00e8s d\u2019une demi-journ\u00e9e ou d\u2019une journ\u00e9e vous sont propos\u00e9s. Utilisez le lien \u00e0 droite pour en savoir plus sur ces ateliers et sur les frais d\u2019inscription aux ateliers. L'inscription aux ateliers est maintenant ouverte.<\/p>\n\n\n\n\n<h3><a href=\"\"><\/a>Ateliers gratuits offerts pendant le congr\u00e8s<\/h3>\n\n\n\n\n<p>Pendant le congr\u00e8s, le programme scientifique propose plusieurs ateliers gratuits pour les personnes qui sont inscrites au congr\u00e8s. Certains ateliers offerts pendant le congr\u00e8s donnent droit \u00e0 des cr\u00e9dits d\u2019\u00e9ducation permanente; consultez le programme et revenez sur cette page pour conna\u00eetre la liste compl\u00e8te des ateliers.<\/p>\n\n\n-->[\/et_pb_text][\/et_pb_column][et_pb_column type=\u00a0\u00bb1_4&Prime; _builder_version=\u00a0\u00bb3.25&Prime; custom_padding=\u00a0\u00bb|||\u00a0\u00bb global_colors_info=\u00a0\u00bb{}\u00a0\u00bb custom_padding__hover=\u00a0\u00bb|||\u00a0\u00bb][et_pb_text disabled_on=\u00a0\u00bboff|off|off\u00a0\u00bb _builder_version=\u00a0\u00bb4.14.1&Prime; background_size=\u00a0\u00bbinitial\u00a0\u00bb background_position=\u00a0\u00bbtop_left\u00a0\u00bb background_repeat=\u00a0\u00bbrepeat\u00a0\u00bb hover_enabled=\u00a0\u00bb0&Prime; z_index_tablet=\u00a0\u00bb500&Prime; text_text_shadow_horizontal_length_tablet=\u00a0\u00bb0px\u00a0\u00bb text_text_shadow_vertical_length_tablet=\u00a0\u00bb0px\u00a0\u00bb text_text_shadow_blur_strength_tablet=\u00a0\u00bb1px\u00a0\u00bb link_text_shadow_horizontal_length_tablet=\u00a0\u00bb0px\u00a0\u00bb link_text_shadow_vertical_length_tablet=\u00a0\u00bb0px\u00a0\u00bb link_text_shadow_blur_strength_tablet=\u00a0\u00bb1px\u00a0\u00bb ul_text_shadow_horizontal_length_tablet=\u00a0\u00bb0px\u00a0\u00bb ul_text_shadow_vertical_length_tablet=\u00a0\u00bb0px\u00a0\u00bb ul_text_shadow_blur_strength_tablet=\u00a0\u00bb1px\u00a0\u00bb ol_text_shadow_horizontal_length_tablet=\u00a0\u00bb0px\u00a0\u00bb ol_text_shadow_vertical_length_tablet=\u00a0\u00bb0px\u00a0\u00bb ol_text_shadow_blur_strength_tablet=\u00a0\u00bb1px\u00a0\u00bb quote_text_shadow_horizontal_length_tablet=\u00a0\u00bb0px\u00a0\u00bb quote_text_shadow_vertical_length_tablet=\u00a0\u00bb0px\u00a0\u00bb quote_text_shadow_blur_strength_tablet=\u00a0\u00bb1px\u00a0\u00bb header_text_shadow_horizontal_length_tablet=\u00a0\u00bb0px\u00a0\u00bb header_text_shadow_vertical_length_tablet=\u00a0\u00bb0px\u00a0\u00bb header_text_shadow_blur_strength_tablet=\u00a0\u00bb1px\u00a0\u00bb header_2_text_shadow_horizontal_length_tablet=\u00a0\u00bb0px\u00a0\u00bb header_2_text_shadow_vertical_length_tablet=\u00a0\u00bb0px\u00a0\u00bb header_2_text_shadow_blur_strength_tablet=\u00a0\u00bb1px\u00a0\u00bb header_3_text_shadow_horizontal_length_tablet=\u00a0\u00bb0px\u00a0\u00bb header_3_text_shadow_vertical_length_tablet=\u00a0\u00bb0px\u00a0\u00bb header_3_text_shadow_blur_strength_tablet=\u00a0\u00bb1px\u00a0\u00bb header_4_text_shadow_horizontal_length_tablet=\u00a0\u00bb0px\u00a0\u00bb header_4_text_shadow_vertical_length_tablet=\u00a0\u00bb0px\u00a0\u00bb header_4_text_shadow_blur_strength_tablet=\u00a0\u00bb1px\u00a0\u00bb header_5_text_shadow_horizontal_length_tablet=\u00a0\u00bb0px\u00a0\u00bb header_5_text_shadow_vertical_length_tablet=\u00a0\u00bb0px\u00a0\u00bb header_5_text_shadow_blur_strength_tablet=\u00a0\u00bb1px\u00a0\u00bb header_6_text_shadow_horizontal_length_tablet=\u00a0\u00bb0px\u00a0\u00bb header_6_text_shadow_vertical_length_tablet=\u00a0\u00bb0px\u00a0\u00bb header_6_text_shadow_blur_strength_tablet=\u00a0\u00bb1px\u00a0\u00bb box_shadow_horizontal_tablet=\u00a0\u00bb0px\u00a0\u00bb box_shadow_vertical_tablet=\u00a0\u00bb0px\u00a0\u00bb box_shadow_blur_tablet=\u00a0\u00bb40px\u00a0\u00bb box_shadow_spread_tablet=\u00a0\u00bb0px\u00a0\u00bb use_border_color=\u00a0\u00bboff\u00a0\u00bb global_colors_info=\u00a0\u00bb{}\u00a0\u00bb sticky_enabled=\u00a0\u00bb0&Prime;]<\/p>\n<h3><a class=\"buttonmenu\" style=\"float: right; width: 250px;\" href=\"\/fr\/conference-pleniere\/\">Conf\u00e9rence pl\u00e9ni\u00e8re<\/a><\/h3>\n<h3><a class=\"buttonmenu\" style=\"float: right; width: 250px;\" href=\"\/fr\/apprendre-et-grandir\/pre-convention-program\/\">Ateliers pr\u00e9congr\u00e8s<\/a><\/h3>\n<h3><a class=\"buttonmenu\" style=\"float: right; width: 250px;\" href=\"https:\/\/convention.cpa.ca\/fr\/apprendre-et-grandir\/in-conference-pd-workshops\/\">In-Conference PD Workshops<\/a><\/h3>\n<p><!--\n\n\n<p>&nbsp;<\/p>\n\n\n\n\n<h2><a href=\"\/fr\/apprendre-et-grandir\/instructions-pour-presentateurs\/\">Instructions pour pr\u00e9sentateurs<\/a><\/h2>\n\n\n-->[\/et_pb_text][\/et_pb_column][\/et_pb_row][\/et_pb_section]<\/p>\n","protected":false},"excerpt":{"rendered":"<p>Congr\u00e8s annuel de 2022 de la SC Conventions are an opportunity to share knowledge and experience with others in our profession, and to learn about new ways of thinking, working, and benefiting others in the clinical, professional, and technical realms. Planning continues so that we can offer professional development workshops that complement the eventual delivery [&hellip;]<\/p>\n","protected":false},"author":1,"featured_media":0,"parent":0,"menu_order":0,"comment_status":"closed","ping_status":"closed","template":"","meta":{"_et_pb_use_builder":"on","_et_pb_old_content":"","_et_gb_content_width":"","_monsterinsights_skip_tracking":false,"_monsterinsights_sitenote_active":false,"_monsterinsights_sitenote_note":"","_monsterinsights_sitenote_category":0,"footnotes":""},"class_list":["post-578","page","type-page","status-publish","hentry"],"aioseo_notices":[],"publishpress_future_action":{"enabled":false,"date":"2026-04-23 16:18:39","action":"change-status","newStatus":"draft","terms":[],"taxonomy":"translation_priority","extraData":[]},"publishpress_future_workflow_manual_trigger":{"enabledWorkflows":[]},"_links":{"self":[{"href":"https:\/\/convention.cpa.ca\/fr\/wp-json\/wp\/v2\/pages\/578","targetHints":{"allow":["GET"]}}],"collection":[{"href":"https:\/\/convention.cpa.ca\/fr\/wp-json\/wp\/v2\/pages"}],"about":[{"href":"https:\/\/convention.cpa.ca\/fr\/wp-json\/wp\/v2\/types\/page"}],"author":[{"embeddable":true,"href":"https:\/\/convention.cpa.ca\/fr\/wp-json\/wp\/v2\/users\/1"}],"replies":[{"embeddable":true,"href":"https:\/\/convention.cpa.ca\/fr\/wp-json\/wp\/v2\/comments?post=578"}],"version-history":[{"count":32,"href":"https:\/\/convention.cpa.ca\/fr\/wp-json\/wp\/v2\/pages\/578\/revisions"}],"predecessor-version":[{"id":14076,"href":"https:\/\/convention.cpa.ca\/fr\/wp-json\/wp\/v2\/pages\/578\/revisions\/14076"}],"wp:attachment":[{"href":"https:\/\/convention.cpa.ca\/fr\/wp-json\/wp\/v2\/media?parent=578"}],"curies":[{"name":"wp","href":"https:\/\/api.w.org\/{rel}","templated":true}]}}