{"id":586,"date":"2017-03-19T23:51:47","date_gmt":"2017-03-20T03:51:47","guid":{"rendered":"http:\/\/convention.cpa.ca\/assistez-au-congres\/frais-dinscription\/"},"modified":"2026-03-24T11:03:41","modified_gmt":"2026-03-24T15:03:41","slug":"inscription","status":"publish","type":"page","link":"https:\/\/convention.cpa.ca\/fr\/inscription\/","title":{"rendered":"Inscription"},"content":{"rendered":"<p>[et_pb_section fb_built=\u00a0\u00bb1&Prime; admin_label=\u00a0\u00bbsection\u00a0\u00bb _builder_version=\u00a0\u00bb4.16&Prime; global_colors_info=\u00a0\u00bb{}\u00a0\u00bb][et_pb_row disabled_on=\u00a0\u00bboff|off|off\u00a0\u00bb _builder_version=\u00a0\u00bb4.16&Prime; global_colors_info=\u00a0\u00bb{}\u00a0\u00bb][et_pb_column type=\u00a0\u00bb4_4&Prime; _builder_version=\u00a0\u00bb4.16&Prime; global_colors_info=\u00a0\u00bb{}\u00a0\u00bb][\/et_pb_column][\/et_pb_row][et_pb_row column_structure=\u00a0\u00bb3_5,2_5&Prime; disabled_on=\u00a0\u00bboff|off|off\u00a0\u00bb admin_label=\u00a0\u00bbrow\u00a0\u00bb _builder_version=\u00a0\u00bb4.16&Prime; background_size=\u00a0\u00bbinitial\u00a0\u00bb background_position=\u00a0\u00bbtop_left\u00a0\u00bb background_repeat=\u00a0\u00bbrepeat\u00a0\u00bb global_colors_info=\u00a0\u00bb{}\u00a0\u00bb][et_pb_column type=\u00a0\u00bb3_5&Prime; _builder_version=\u00a0\u00bb4.16&Prime; custom_padding=\u00a0\u00bb|||\u00a0\u00bb global_colors_info=\u00a0\u00bb{}\u00a0\u00bb custom_padding__hover=\u00a0\u00bb|||\u00a0\u00bb][et_pb_text disabled_on=\u00a0\u00bbon|on|on\u00a0\u00bb _builder_version=\u00a0\u00bb4.27.4&Prime; disabled=\u00a0\u00bbon\u00a0\u00bb global_colors_info=\u00a0\u00bb{}\u00a0\u00bb]<\/p>\n<h1><strong>Inscription<\/strong><\/h1>\n<h2>La p\u00e9riode d\u2019inscription au 87e congr\u00e8s national annuel de la SCP de 2026 ouvrira au d\u00e9but de f\u00e9vrier 2026!<\/h2>\n<div style=\"padding-bottom: 15px;\">\n<p>Prochain arr\u00eat\u00a0: Montr\u00e9al! Le mois de juin est un mois anim\u00e9, riche en festivals et \u00e9v\u00e9nements, o\u00f9 les rues encombr\u00e9es se transforment en promenades pi\u00e9tonnes.\u00a0 Le <strong>87<sup>e<\/sup> congr\u00e8s national annuel de la SCP<\/strong> se tiendra dans la <strong>bouillonnante ville de Montr\u00e9al en juin 2026<\/strong>, et nous en sommes ravis! Rejoignez vos coll\u00e8gues de partout au pays pour prendre part \u00e0 un rassemblement inoubliable plac\u00e9 sous le signe des rencontres, de l\u2019apprentissage et de la c\u00e9l\u00e9bration, tout en d\u00e9couvrant la culture, la cuisine et le charme uniques de Montr\u00e9al. Revenez en f\u00e9vrier 2026 pour vous inscrire!<\/p>\n<\/div>\n<p><!--<\/p>\n\n\n\n\n<h2>Les inscriptions sont maintenant ferm\u00e9es pour CPA2025 : 85e congr\u00e8s national annuel<\/h2>\n\n\n\n\n<div style=\"padding-bottom:150px;\">\n\n\n<p>Les inscriptions sont maintenant ferm\u00e9es pour CPA2024 : 86e Congr\u00e8s national annuel. CPA2025 aura lieu du 12 au 14 juin, 2025 au St. John's Convention Center \u00e0 St. John's, Terre-Neuve. C'est un \u00e9v\u00e9nement \u00e0 ne pas manquer !<\/p>\n\n\n\n\n<p>Les inscriptions ouvriront d\u00e9but 2025.<\/p><\/div>\n\n\n\n\n<p>---><\/p>\n<p>[\/et_pb_text][et_pb_text disabled_on=\u00a0\u00bboff|off|off\u00a0\u00bb admin_label=\u00a0\u00bbText\u00a0\u00bb _builder_version=\u00a0\u00bb4.27.4&Prime; background_size=\u00a0\u00bbinitial\u00a0\u00bb background_position=\u00a0\u00bbtop_left\u00a0\u00bb background_repeat=\u00a0\u00bbrepeat\u00a0\u00bb text_orientation=\u00a0\u00bbjustified\u00a0\u00bb use_border_color=\u00a0\u00bboff\u00a0\u00bb border_color=\u00a0\u00bb#ffffff\u00a0\u00bb border_style=\u00a0\u00bbsolid\u00a0\u00bb global_colors_info=\u00a0\u00bb{}\u00a0\u00bb]<\/p>\n<h1><strong>Inscription<\/strong><\/h1>\n<h2>La p\u00e9riode d\u2019inscription au congr\u00e8s national de la SCP de 2026 est maintenant ouvert : 87e congr\u00e8s national annuel<\/h2>\n<p>La p\u00e9riode d\u2019inscription au congr\u00e8s national de la SCP de 2026 est ouverte : 87e congr\u00e8s national annuel. Le congr\u00e8s de la SCP de 2026 se tiendra du 4 au 6 juin 2026, au Le Westin Montr\u00e9al ,  Montr\u00e9al, PQ.<br \/>C\u2019est un \u00e9v\u00e9nement \u00e0 ne pas manquer!<\/p>\n<p><center><a class=\"myButton\" href=\"https:\/\/secure.cpa.ca\/Apps\/frPages\/ams-event-details\/299635?isPreview=Falsee\" target=\"_blank\" rel=\"noopener noreferrer\">Inscrivez-vous au<br \/>SCP 2026<\/a><center><\/center><\/center><\/p>\n<p>[\/et_pb_text][\/et_pb_column][et_pb_column type=\u00a0\u00bb2_5&Prime; _builder_version=\u00a0\u00bb4.16&Prime; custom_padding=\u00a0\u00bb|||\u00a0\u00bb global_colors_info=\u00a0\u00bb{}\u00a0\u00bb custom_padding__hover=\u00a0\u00bb|||\u00a0\u00bb][et_pb_text _builder_version=\u00a0\u00bb4.16&Prime; global_colors_info=\u00a0\u00bb{}\u00a0\u00bb]<\/p>\n<h3><a class=\"buttonmenu\" style=\"float: right; width: 300px;\" href=\"https:\/\/convention.cpa.ca\/fr\/inscription\/registration-fees\/?lang=fr\">Frais d&rsquo;inscription<\/a><\/h3>\n<h3><a class=\"buttonmenu\" style=\"float: right; width: 300px;\" href=\"http:\/\/convention.cpa.ca\/apprendre-et-grandir\/pre-convention-program\/?lang=fr\">Ateliers de perfectionnement professionnel pr\u00e9congr\u00e8s<\/a><\/h3>\n<p><!----<\/p>\n\n\n\n\n<h3><a class=\"buttonmenu\" style=\"float: right; width: 300px;\" href=\"http:\/\/convention.cpa.ca\/a-propos\/n5\/n5-registration-fees\/?lang=fr\">N5 frais d'inscription et rabais <\/a><\/h3>\n\n\n\n\n<p>----><\/p>\n<p>[\/et_pb_text][et_pb_text disabled_on=\u00a0\u00bbon|on|on\u00a0\u00bb _builder_version=\u00a0\u00bb4.16&Prime; _module_preset=\u00a0\u00bbdefault\u00a0\u00bb disabled=\u00a0\u00bbon\u00a0\u00bb global_colors_info=\u00a0\u00bb{}\u00a0\u00bb]<\/p>\n<h2>&nbsp;<\/h2>\n<h2>La p\u00e9riode d\u2019inscription au N5 est maintenant ferm\u00e9e<\/h2>\n<p><a class=\"anchor\" id=\"N5\"><\/a><br \/>\n<!----\n\n\n<h2>La p\u00e9riode d\u2019inscription au N5 est maintenant ouverte<\/h2>\n\n\n<a class=\"anchor\" id=\"N5\"><\/a>\t\n<strong>N5<\/strong>, the <a href=\"https:\/\/convention.cpa.ca\/fr\/?page_id=8494\">5th North American Correctional and Criminal Justice Psychology Conference<\/a>, will take place concurrently with CPA2023. \u00a0\n<!--<strong>The Registration Link for N5 will be available shortly.<\/strong>--><!---\n\n\n<p><a class=\"myButton\" href=\"https:\/\/secure.cpa.ca\/apps\/Pages\/ams-event-details\/231378?isPreview=False\" target=\"_blank\" rel=\"noopener noreferrer\">Register for<br \/>N5<\/a><\/p>\n\n----><\/p>\n<hr \/>\n<p>[\/et_pb_text][\/et_pb_column][\/et_pb_row][et_pb_row disabled_on=\u00a0\u00bboff|off|off\u00a0\u00bb _builder_version=\u00a0\u00bb4.16&Prime; global_colors_info=\u00a0\u00bb{}\u00a0\u00bb][et_pb_column type=\u00a0\u00bb4_4&Prime; _builder_version=\u00a0\u00bb4.16&Prime; global_colors_info=\u00a0\u00bb{}\u00a0\u00bb][et_pb_text disabled_on=\u00a0\u00bboff|off|off\u00a0\u00bb _builder_version=\u00a0\u00bb4.27.4&Prime; global_colors_info=\u00a0\u00bb{}\u00a0\u00bb]<\/p>\n<p>Le congr\u00e8s national de la SCP de 2026 offrira une s\u00e9lection captivante de discours principaux en s\u00e9ance pl\u00e9ni\u00e8re, des pr\u00e9sentations en direct et discours th\u00e9matiques des sections anim\u00e9s, de nombreuses occasions de r\u00e9seautage et d\u2019\u00e9changes avec les d\u00e9l\u00e9gu\u00e9s et les exposants, ainsi que de multiples possibilit\u00e9s d\u2019approfondir ses connaissances et d\u2019acqu\u00e9rir de nouvelles comp\u00e9tences (<a href=\"https:\/\/convention.cpa.ca\/fr\/scientific-program\/\">https:\/\/convention.cpa.ca\/fr\/scientific-program\/<\/a>).<\/p>\n<p>Les <a href=\"https:\/\/convention.cpa.ca\/fr\/apprendre-et-grandir\/pre-convention-program\/\">ateliers pr\u00e9congr\u00e8s de perfectionnement professionnel<\/a>\u00a0de la SCP auront lieu le 3 juin 2026. Pour vous inscrire UNIQUEMENT \u00e0 ces ateliers et non au congr\u00e8s, veuillez utiliser le bouton sur la page des <a href=\"https:\/\/convention.cpa.ca\/fr\/apprendre-et-grandir\/pre-convention-program\/\">ateliers pr\u00e9congr\u00e8s de perfectionnement professionnel<\/a> Pour vous inscrire \u00e0 la fois au congr\u00e8s et aux ateliers pr\u00e9congr\u00e8s de perfectionnement professionnel en une seule transaction, veuillez utiliser le lien de l\u2019inscription au congr\u00e8s ci-dessus. Les inscriptions pour les ateliers pr\u00e9congr\u00e8s et le congr\u00e8s de la SCP sont d\u00e9sormais ouvertes. <\/p>\n<p><em><strong>Note concernant le renouvellement de l\u2019adh\u00e9sion <\/strong><\/em><em>: En raison du temps et des documents n\u00e9cessaires pour \u00e9valuer pleinement l\u2019admissibilit\u00e9 d\u2019une personne \u00e0 l\u2019adh\u00e9sion, les demandes d\u2019adh\u00e9sion et les demandes d\u2019exon\u00e9ration des frais d\u2019inscription ne seront pas trait\u00e9es sur place au bureau d\u2019inscription au congr\u00e8s ni pendant le congr\u00e8s.<\/em><\/p>\n<p><strong><em>Inscription au congr\u00e8s national annuel de la SCP \u2013 politique d\u2019annulation et de remboursement<\/em><\/strong><\/p>\n<ul>\n<li>La SCP remboursera 25 % des frais d\u2019inscription jusqu\u2019au vendredi 3 avril<\/li>\n<li>La SCP n\u2019effectuera aucun remboursement \u00e0 compter du samedi 4 avril 2026<\/li>\n<\/ul>\n<p><!-----------<\/p>\n\n\n\n\n<hr \/>\n\n\n\n\n<p>CPA2025 will feature an amazing line up of plenary keynote addresses, many dynamic section featured addresses and live presentations, numerous opportunities for networking and engagement with delegates and exhibitors, and a wealth of opportunities for knowledge sharing and skills development (<a href=\"https:\/\/convention.cpa.ca\/fr\/scientific-program\/\">http:\/\/convention.cpa.ca\/scientific-program\/<\/a>).<\/p>\n\n\n\n\n<p>The CPA\u2019s <a href=\"https:\/\/convention.cpa.ca\/fr\/apprendre-et-grandir\/pre-convention-program\/\">Pre-Convention PD Workshops<\/a> (PCPDW) will take place on June 11th. To register for Pre-Conference Professional Development Workshops ONLY and not the CPA Conference, use the button on the <a href=\"https:\/\/convention.cpa.ca\/fr\/apprendre-et-grandir\/pre-convention-program\/\">Pre-Convention PD Workshops<\/a> page. Use the Convention Registration link above to register for both the Convention and Pre-Conference Professional Development Workshops in the same transaction.<\/p>\n\n\n\n\n<p><em>Note: Due to the time and documentation requirements needed to fully assess one's eligibility for membership, membership applications and fee waivers will not be processed on site at the convention registration desk, or during the convention.<\/em><\/p>\n\n\n\n\n<hr \/>\n\n\n\n\n<h3 class=\"entry-title\">CPA Annual National Convention Registration \u2013 Cancellation Refund Policy<\/h3>\n\n\n\n\n<p>\u2022 25% of the registration fees refunded up until April 5th\n\n\n\u2022 NO REFUND as of April 6th<\/p>\n\n\n\n\n<p>----><\/p>\n<hr \/>\n<p><!---<\/p>\n\n\n\n\n<h3 class=\"entry-title\">La date limite des frais de pr\u00e9-inscription approche \u00e0 grands pas !<\/h3>\n\n\n\n\n<p>Inscrivez-vous avant 23 h 59 HE le 5 avril et profitez des tarifs pr\u00e9f\u00e9rentiels. Le 6 avril, les tarifs augmentent !<\/p>\n\n\n\n\n<p>----><!----\n\n\nLe congr\u00e8s de 2025 aura \u00e0 son programme une foule d\u2019intervenants et de conf\u00e9renciers passionnants, plusieurs conf\u00e9rences dynamiques et communications en direct organis\u00e9es par les sections, de nombreuses possibilit\u00e9s de r\u00e9seautage et d\u2019\u00e9changes avec les d\u00e9l\u00e9gu\u00e9s et les exposants, ainsi qu\u2019une multitude de possibilit\u00e9s de partage des connaissances et de perfectionnement des comp\u00e9tences (<a href=\"https:\/\/convention.cpa.ca\/fr\/scientific-program\/?lang=fr\">http:\/\/convention.cpa.ca\/scientific-program\/?lang=fr<\/a>).<\/p>\n\n\n\n\n<p>Le congr\u00e8s sera pr\u00e9c\u00e9d\u00e9 par les <a href=\"http:\/\/convention.cpa.ca\/apprendre-et-grandir\/pre-convention-program\/?lang=fr\">Ateliers de perfectionnement professionnel pr\u00e9congr\u00e8s<\/a>, qui se d\u00e9rouleront le 11 juin. Pour vous inscrire UNIQUEMENT aux ateliers de perfectionnement professionnel pr\u00e9-congr\u00e8s et non au congr\u00e8s de la SCP, utilisez le bouton sur la page des <a lang=\"fr&quot;\">ateliers de perfectionnement professionnel pr\u00e9-congr\u00e8s<\/a>. Utilisez le lien d'inscription au congr\u00e8s ci-dessus pour vous inscrire au congr\u00e8s et aux ateliers de d\u00e9veloppement professionnel pr\u00e9-conf\u00e9rence dans le cadre de la m\u00eame transaction.<\/p>\n\n\n\n\n<hr \/>\n\n\n\n\n<h3 class=\"entry-title\">Inscription au Congr\u00e8s national annuel de la SCP \u2013 Politique de remboursement en cas d'annulation<\/h3>\n\n\n\n\n<p>\u2022 25% des frais d'inscription rembours\u00e9s jusqu'au 3 avril 2026\n\n\n\u2022 AUCUN REMBOURSEMENT \u00e0 compter du 4 avril 2026<\/p>\n\n\n\n\n<p>----><\/p>\n<hr \/>\n<p>[\/et_pb_text][et_pb_text disabled_on=\u00a0\u00bboff|off|off\u00a0\u00bb _builder_version=\u00a0\u00bb4.27.6&Prime; _module_preset=\u00a0\u00bbdefault\u00a0\u00bb hover_enabled=\u00a0\u00bb0&Prime; global_colors_info=\u00a0\u00bb{}\u00a0\u00bb sticky_enabled=\u00a0\u00bb0&Prime;]<\/p>\n<div style=\"xfloat: right; padding: 5px; border: thin #e5ad00 solid; xmax-width: 450px;\"><strong>Dispense de frais pour les \u00e9tudiants affili\u00e9s autochtones du SCP<\/strong><br \/>En phase avec les recommandations formul\u00e9es dans la r\u00e9ponse de la SCP au rapport final de la Commission de v\u00e9rit\u00e9 et r\u00e9conciliation du Canada (CVR), \u00e9labor\u00e9e en 2018, la SCP souhaite offrir \u00e0 ses affili\u00e9s etudiants qui s\u2019identifient comme Autochtone l\u2019inscription gratuite au congr\u00e8s de 2025. Veuillez-vous inscrire avant le <strong>3 juin<\/strong> pour recevoir une inscription gratuite. Apr\u00e8s le <strong>3 juin<\/strong>, les frais d&rsquo;inscription complets s&rsquo;appliqueront.<br \/>Guided by the recommendations in the CPA\u2019s 2018 Response to the Truth and Reconciliation Commission (TRC) of Canada\u2019s Final Report, for our upcoming 2026 convention, the CPA is once again offering Student Affiliates of the CPA, who self-identify as Indigenous and whose membership is in good standing, a complimentary registration to attend. Please register by\u00a0<strong>Tuesday, May 26, 2026<\/strong>\u00a0to receive complimentary registration. After\u00a0<strong>Wednesday, May 27, 2026<\/strong>, full registration fees will apply.<\/p>\n<p><!----CPA Indigenous Student Affiliates Registration Fee Waiver \u2013 Available early 2026---->Formulaire de demande d\u2019exon\u00e9ration de frais pour les \u00e9tudiants affili\u00e9s autochtones de la SCP : <a href=\"https:\/\/cpa.ca\/machform\/view.php?id=79455\" target=\"machform\" rel=\"noopener\">https:\/\/cpa.ca\/machform\/view.php?id=79455<\/a>&nbsp;<\/p>\n<p>Toutes les questions peuvent \u00eatre adress\u00e9es \u00e0 <a href=\"mailto:convention@cpa.ca\">convention@cpa.ca<\/a>.<\/p>\n<p><strong>Membres autochtones de la SPC<\/strong><br \/>Si des obstacles financiers emp\u00eachent les membres autochtones de la SPC de participer \u00e0 la convention, ils sont encourag\u00e9s \u00e0 contacter l&rsquo;\u00e9quipe de la convention (<a href=\"mailto:convention@cpa.ca\">convention@cpa.ca<\/a>) pour en savoir plus sur les options qui pourraient \u00eatre disponibles pour eux.<\/p>\n<\/div>\n<p>[\/et_pb_text][\/et_pb_column][\/et_pb_row][\/et_pb_section]<\/p>\n","protected":false},"excerpt":{"rendered":"<p>Inscription La p\u00e9riode d\u2019inscription au 87e congr\u00e8s national annuel de la SCP de 2026 ouvrira au d\u00e9but de f\u00e9vrier 2026! Prochain arr\u00eat\u00a0: Montr\u00e9al! Le mois de juin est un mois anim\u00e9, riche en festivals et \u00e9v\u00e9nements, o\u00f9 les rues encombr\u00e9es se transforment en promenades pi\u00e9tonnes.\u00a0 Le 87e congr\u00e8s national annuel de la SCP se tiendra [&hellip;]<\/p>\n","protected":false},"author":1,"featured_media":0,"parent":0,"menu_order":0,"comment_status":"closed","ping_status":"closed","template":"","meta":{"_et_pb_use_builder":"on","_et_pb_old_content":"","_et_gb_content_width":"","_monsterinsights_skip_tracking":false,"_monsterinsights_sitenote_active":false,"_monsterinsights_sitenote_note":"","_monsterinsights_sitenote_category":0,"footnotes":""},"class_list":["post-586","page","type-page","status-publish","hentry"],"aioseo_notices":[],"publishpress_future_action":{"enabled":false,"date":"2026-04-19 21:54:51","action":"change-status","newStatus":"draft","terms":[],"taxonomy":"translation_priority","extraData":[]},"publishpress_future_workflow_manual_trigger":{"enabledWorkflows":[]},"_links":{"self":[{"href":"https:\/\/convention.cpa.ca\/fr\/wp-json\/wp\/v2\/pages\/586","targetHints":{"allow":["GET"]}}],"collection":[{"href":"https:\/\/convention.cpa.ca\/fr\/wp-json\/wp\/v2\/pages"}],"about":[{"href":"https:\/\/convention.cpa.ca\/fr\/wp-json\/wp\/v2\/types\/page"}],"author":[{"embeddable":true,"href":"https:\/\/convention.cpa.ca\/fr\/wp-json\/wp\/v2\/users\/1"}],"replies":[{"embeddable":true,"href":"https:\/\/convention.cpa.ca\/fr\/wp-json\/wp\/v2\/comments?post=586"}],"version-history":[{"count":207,"href":"https:\/\/convention.cpa.ca\/fr\/wp-json\/wp\/v2\/pages\/586\/revisions"}],"predecessor-version":[{"id":17737,"href":"https:\/\/convention.cpa.ca\/fr\/wp-json\/wp\/v2\/pages\/586\/revisions\/17737"}],"wp:attachment":[{"href":"https:\/\/convention.cpa.ca\/fr\/wp-json\/wp\/v2\/media?parent=586"}],"curies":[{"name":"wp","href":"https:\/\/api.w.org\/{rel}","templated":true}]}}