{"id":592,"date":"2017-03-20T00:07:02","date_gmt":"2017-03-20T04:07:02","guid":{"rendered":"http:\/\/convention.cpa.ca\/participez\/salon-des-exposants\/"},"modified":"2019-08-30T13:09:05","modified_gmt":"2019-08-30T17:09:05","slug":"salon-des-exposants","status":"publish","type":"page","link":"https:\/\/convention.cpa.ca\/fr\/commanditaires-exposants\/salon-des-exposants\/","title":{"rendered":"Salon des exposants"},"content":{"rendered":"<p>[et_pb_section bb_built=\u00a0\u00bb1&Prime; admin_label=\u00a0\u00bbsection\u00a0\u00bb inner_width=\u00a0\u00bb90%\u00a0\u00bb inner_max_width=\u00a0\u00bb1200px\u00a0\u00bb][et_pb_row admin_label=\u00a0\u00bbrow\u00a0\u00bb background_position=\u00a0\u00bbtop_left\u00a0\u00bb background_repeat=\u00a0\u00bbrepeat\u00a0\u00bb background_size=\u00a0\u00bbinitial\u00a0\u00bb width=\u00a0\u00bb90%\u00a0\u00bb max_width=\u00a0\u00bb1200px\u00a0\u00bb][et_pb_column type=\u00a0\u00bb4_4&Prime;][et_pb_text text_orientation=\u00a0\u00bbjustified\u00a0\u00bb text_line_height=\u00a0\u00bb1.7em\u00a0\u00bb use_border_color=\u00a0\u00bboff\u00a0\u00bb background_position=\u00a0\u00bbtop_left\u00a0\u00bb background_repeat=\u00a0\u00bbrepeat\u00a0\u00bb background_size=\u00a0\u00bbinitial\u00a0\u00bb _builder_version=\u00a0\u00bb3.25.1&Prime; text_text_shadow_horizontal_length=\u00a0\u00bbtext_text_shadow_style,%91object Object%93&Prime; text_text_shadow_horizontal_length_tablet=\u00a0\u00bb0px\u00a0\u00bb text_text_shadow_vertical_length=\u00a0\u00bbtext_text_shadow_style,%91object Object%93&Prime; text_text_shadow_vertical_length_tablet=\u00a0\u00bb0px\u00a0\u00bb text_text_shadow_blur_strength=\u00a0\u00bbtext_text_shadow_style,%91object Object%93&Prime; text_text_shadow_blur_strength_tablet=\u00a0\u00bb1px\u00a0\u00bb link_text_shadow_horizontal_length=\u00a0\u00bblink_text_shadow_style,%91object Object%93&Prime; link_text_shadow_horizontal_length_tablet=\u00a0\u00bb0px\u00a0\u00bb link_text_shadow_vertical_length=\u00a0\u00bblink_text_shadow_style,%91object Object%93&Prime; link_text_shadow_vertical_length_tablet=\u00a0\u00bb0px\u00a0\u00bb link_text_shadow_blur_strength=\u00a0\u00bblink_text_shadow_style,%91object Object%93&Prime; link_text_shadow_blur_strength_tablet=\u00a0\u00bb1px\u00a0\u00bb ul_text_shadow_horizontal_length=\u00a0\u00bbul_text_shadow_style,%91object Object%93&Prime; ul_text_shadow_horizontal_length_tablet=\u00a0\u00bb0px\u00a0\u00bb ul_text_shadow_vertical_length=\u00a0\u00bbul_text_shadow_style,%91object Object%93&Prime; ul_text_shadow_vertical_length_tablet=\u00a0\u00bb0px\u00a0\u00bb ul_text_shadow_blur_strength=\u00a0\u00bbul_text_shadow_style,%91object Object%93&Prime; ul_text_shadow_blur_strength_tablet=\u00a0\u00bb1px\u00a0\u00bb ol_text_shadow_horizontal_length=\u00a0\u00bbol_text_shadow_style,%91object Object%93&Prime; ol_text_shadow_horizontal_length_tablet=\u00a0\u00bb0px\u00a0\u00bb ol_text_shadow_vertical_length=\u00a0\u00bbol_text_shadow_style,%91object Object%93&Prime; ol_text_shadow_vertical_length_tablet=\u00a0\u00bb0px\u00a0\u00bb ol_text_shadow_blur_strength=\u00a0\u00bbol_text_shadow_style,%91object Object%93&Prime; ol_text_shadow_blur_strength_tablet=\u00a0\u00bb1px\u00a0\u00bb quote_text_shadow_horizontal_length=\u00a0\u00bbquote_text_shadow_style,%91object Object%93&Prime; quote_text_shadow_horizontal_length_tablet=\u00a0\u00bb0px\u00a0\u00bb quote_text_shadow_vertical_length=\u00a0\u00bbquote_text_shadow_style,%91object Object%93&Prime; quote_text_shadow_vertical_length_tablet=\u00a0\u00bb0px\u00a0\u00bb quote_text_shadow_blur_strength=\u00a0\u00bbquote_text_shadow_style,%91object Object%93&Prime; quote_text_shadow_blur_strength_tablet=\u00a0\u00bb1px\u00a0\u00bb header_text_shadow_horizontal_length=\u00a0\u00bbheader_text_shadow_style,%91object Object%93&Prime; header_text_shadow_horizontal_length_tablet=\u00a0\u00bb0px\u00a0\u00bb header_text_shadow_vertical_length=\u00a0\u00bbheader_text_shadow_style,%91object Object%93&Prime; header_text_shadow_vertical_length_tablet=\u00a0\u00bb0px\u00a0\u00bb header_text_shadow_blur_strength=\u00a0\u00bbheader_text_shadow_style,%91object Object%93&Prime; header_text_shadow_blur_strength_tablet=\u00a0\u00bb1px\u00a0\u00bb header_2_text_shadow_horizontal_length=\u00a0\u00bbheader_2_text_shadow_style,%91object Object%93&Prime; header_2_text_shadow_horizontal_length_tablet=\u00a0\u00bb0px\u00a0\u00bb header_2_text_shadow_vertical_length=\u00a0\u00bbheader_2_text_shadow_style,%91object Object%93&Prime; header_2_text_shadow_vertical_length_tablet=\u00a0\u00bb0px\u00a0\u00bb header_2_text_shadow_blur_strength=\u00a0\u00bbheader_2_text_shadow_style,%91object Object%93&Prime; header_2_text_shadow_blur_strength_tablet=\u00a0\u00bb1px\u00a0\u00bb header_3_text_shadow_horizontal_length=\u00a0\u00bbheader_3_text_shadow_style,%91object Object%93&Prime; header_3_text_shadow_horizontal_length_tablet=\u00a0\u00bb0px\u00a0\u00bb header_3_text_shadow_vertical_length=\u00a0\u00bbheader_3_text_shadow_style,%91object Object%93&Prime; header_3_text_shadow_vertical_length_tablet=\u00a0\u00bb0px\u00a0\u00bb header_3_text_shadow_blur_strength=\u00a0\u00bbheader_3_text_shadow_style,%91object Object%93&Prime; header_3_text_shadow_blur_strength_tablet=\u00a0\u00bb1px\u00a0\u00bb header_4_text_shadow_horizontal_length=\u00a0\u00bbheader_4_text_shadow_style,%91object Object%93&Prime; header_4_text_shadow_horizontal_length_tablet=\u00a0\u00bb0px\u00a0\u00bb header_4_text_shadow_vertical_length=\u00a0\u00bbheader_4_text_shadow_style,%91object Object%93&Prime; header_4_text_shadow_vertical_length_tablet=\u00a0\u00bb0px\u00a0\u00bb header_4_text_shadow_blur_strength=\u00a0\u00bbheader_4_text_shadow_style,%91object Object%93&Prime; header_4_text_shadow_blur_strength_tablet=\u00a0\u00bb1px\u00a0\u00bb header_5_text_shadow_horizontal_length=\u00a0\u00bbheader_5_text_shadow_style,%91object Object%93&Prime; header_5_text_shadow_horizontal_length_tablet=\u00a0\u00bb0px\u00a0\u00bb header_5_text_shadow_vertical_length=\u00a0\u00bbheader_5_text_shadow_style,%91object Object%93&Prime; header_5_text_shadow_vertical_length_tablet=\u00a0\u00bb0px\u00a0\u00bb header_5_text_shadow_blur_strength=\u00a0\u00bbheader_5_text_shadow_style,%91object Object%93&Prime; header_5_text_shadow_blur_strength_tablet=\u00a0\u00bb1px\u00a0\u00bb header_6_text_shadow_horizontal_length=\u00a0\u00bbheader_6_text_shadow_style,%91object Object%93&Prime; header_6_text_shadow_horizontal_length_tablet=\u00a0\u00bb0px\u00a0\u00bb header_6_text_shadow_vertical_length=\u00a0\u00bbheader_6_text_shadow_style,%91object Object%93&Prime; header_6_text_shadow_vertical_length_tablet=\u00a0\u00bb0px\u00a0\u00bb header_6_text_shadow_blur_strength=\u00a0\u00bbheader_6_text_shadow_style,%91object Object%93&Prime; header_6_text_shadow_blur_strength_tablet=\u00a0\u00bb1px\u00a0\u00bb box_shadow_horizontal_tablet=\u00a0\u00bb0px\u00a0\u00bb box_shadow_vertical_tablet=\u00a0\u00bb0px\u00a0\u00bb box_shadow_blur_tablet=\u00a0\u00bb40px\u00a0\u00bb box_shadow_spread_tablet=\u00a0\u00bb0px\u00a0\u00bb z_index_tablet=\u00a0\u00bb500&Prime;]<\/p>\n<h1><strong>Le salon des exposants de la SCP<\/strong><\/h1>\n<h2><a href=\"http:\/\/convention.cpa.ca\/wp-content\/uploads\/2019\/01\/Tradeshow-2019-2.jpg\"><img loading=\"lazy\" decoding=\"async\" class=\"size-medium wp-image-935 alignnone\" src=\"http:\/\/convention.cpa.ca\/wp-content\/uploads\/2019\/01\/Tradeshow-2019-2.jpg\" alt=\"\" width=\"300\" height=\"200\"><\/a>&nbsp; &nbsp; &nbsp; &nbsp;<a href=\"http:\/\/convention.cpa.ca\/wp-content\/uploads\/2019\/01\/Tradeshow-2019-1.jpg\"><img loading=\"lazy\" decoding=\"async\" class=\"size-medium wp-image-935 alignnone\" src=\"http:\/\/convention.cpa.ca\/wp-content\/uploads\/2019\/01\/Tradeshow-2019-1.jpg\" alt=\"\" width=\"300\" height=\"200\"><\/a><\/h2>\n<p><!--\n\n<p style=\"text-align:center;\"><a target=\"_blank\" class=\"myButton\" href=\"https:\/\/secure.cpa.ca\/apps\/Pages\/ams-event-details\/48756?isPreview=False\" rel=\"noopener noreferrer\"><strong>Inscription exposant<\/strong><\/a><\/p>\n\n--><br \/>\n<!--\n\n<h3 style=\"color:#b50029;font-weight:bold; font-style:italic; text-align:center\">Les stands des exposants sont en rupture de stock!<\/h3>\n\n--><\/p>\n<h2>\u00c0 propos du <strong>salon des exposants de la SCP<\/strong><\/h2>\n<p>Le congr\u00e8s national annuel de la SCP (et son salon des exposants) est le plus grand rassemblement annuel de personnes de partout au Canada qui gravitent dans le milieu de la psychologie, \u00e0 titre de scientifique, praticien ou enseignant. Le congr\u00e8s accueille chaque ann\u00e9e entre 1\u2009600 et 1\u2009900 scientifiques, praticiens et \u00e9tudiants en psychologie. Il couvre un vaste \u00e9ventail de sujets li\u00e9s \u00e0 la psychologie et utilise diff\u00e9rents formats de pr\u00e9sentation \u2013 affiches, ateliers, symposiums, conf\u00e9rences th\u00e9matiques \u2013 sans oublier le salon des exposants. Il s\u2019agit \u00e9galement du forum id\u00e9al pour r\u00e9seauter et \u00e9changer de l\u2019information sur les initiatives et les pratiques exemplaires, et pour d\u00e9velopper des collaborations avec des praticiens et des chercheurs de partout au pays.<br \/>\n<strong>O\u00d9<\/strong> : Halifax (Nouvelle-\u00c9cosse)<br \/>\n<strong>Quand<\/strong> : Le salon des exposants de la SCP se tiendra le 28 mai au 29 mai 2020.<br \/>\n<em><strong>Le congr\u00e8s national de la SCP a lieu du 28 mai au 30 mai 2020<\/strong><\/em>.<br \/>\n<!--\n\n<h5>Cliquez ici pour consulter la <a style=\"color: #3366ff;\" target=\"_blank\" href=\"http:\/\/convention.cpa.ca\/wp-content\/uploads\/2017\/03\/2017_CPA-Nat-Convention-SP-EX-Prospectus_3-6-2017sm-1.pdf\" rel=\"noopener noreferrer\">brochure \u00e0 l\u2019intention des exposants et des commanditaires du congr\u00e8s de 2019<\/a>.<\/h5>\n\n--><\/p>\n<p>D\u00e9veloppement associatif et services aux membres<\/p>\n<blockquote><p>\n\tKathryn McLaren<br \/>\n\tD\u00e9veloppement associatif et services aux membres<br \/>\n\t<a href=\"mailto:kmclaren@cpa.ca\">kmclaren@cpa.ca<\/a><br \/>\n\tT\u00e9l. : 613-237-2144 poste 325<br \/>\n\t(sans frais au Canada)<br \/>\n\t1-888-472-0657 poste 325\n<\/p><\/blockquote>\n<h2><strong>Pourquoi \u00eatre un exposant<\/strong> au salon des exposants de la SCP?<\/h2>\n<p>Les psychologues \u2013 praticiens, chercheurs, enseignants ou \u00e9tudiants \u2013 sont des professionnels hautement qualifi\u00e9s et comp\u00e9tents dans diff\u00e9rents domaines, dont les services de soins de sant\u00e9 mentale et les interventions psychologiques, l\u2019\u00e9valuation de programme, la recherche, l\u2019enseignement sup\u00e9rieur, l\u2019analyse statistique, la m\u00e9thodologie, et de nombreux probl\u00e8mes qui touchent la soci\u00e9t\u00e9, les milieux de travail et le bien-\u00eatre des gens. Ils occupent des postes influents au gouvernement, dans les \u00e9tablissements de soins de sant\u00e9, le milieu universitaire, les organismes sans but lucratif et le secteur priv\u00e9.<br \/>\nVotre association avec la SCP \u00e0 titre d\u2019exposant vous offre l\u2019occasion unique d\u2019aller \u00e0 la rencontre de votre march\u00e9 cible, de prendre part aux progr\u00e8s de la psychologie et d\u2019en apprendre davantage sur les diverses fa\u00e7ons dont la psychologie contribue \u00e0 la soci\u00e9t\u00e9.<br \/>\nJoignez-vous \u00e0 nous \u00e0 Halifax! Vous aurez alors la possibilit\u00e9 de rencontrer en personne des psychologues et des futurs psychologues, qui utilisent les types de produits et de services que vous offrez.<br \/>\n\u2022 Sensibiliser le public et pr\u00e9senter votre recherche et vos produits<br \/>\n\u2022 Atteindre sous un m\u00eame toit les \u00e9tudiants, les psychologues, les enseignants et les chercheurs<br \/>\n\u2022 Faire conna\u00eetre votre marque et accro\u00eetre votre visibilit\u00e9 au congr\u00e8s<br \/>\n\u2022 \u00c9tablir des relations avec vos clients et vos partenaires commerciaux et am\u00e9liorer les relations existantes<br \/>\n\u2022 Vous informer sur les derniers d\u00e9veloppements et travaux de recherche au sein de l\u2019industrie<br \/>\n\u2022 Asseoir votre cr\u00e9dibilit\u00e9 tout en \u00e9tant reconnu comme un partenaire pr\u00e9cieux d\u2019un congr\u00e8s national bien \u00e9tabli<br \/>\nLes organisations peuvent cr\u00e9er leur propre plan de partenariat en optant pour les forfaits de commandites qui leur sont offerts. La valeur totale des options choisies servira de base au niveau de reconnaissance de l\u2019organisation. Chaque cat\u00e9gorie dispose d\u2019un ensemble particulier de \u00ab Droits et avantages \u00bb, qui donneront \u00e0 votre organisation une plus grande visibilit\u00e9 au congr\u00e8s. Cela accro\u00eetra l\u2019exposition de votre organisation aupr\u00e8s des d\u00e9l\u00e9gu\u00e9s et vous distinguera comme un partenaire de choix dans le domaine de la psychologie. Nous nous sommes efforc\u00e9s de mettre \u00e0 votre disposition un large \u00e9ventail de possibilit\u00e9s de commandites. Mais les options que nous vous offrons ne se limitent pas \u00e0 celles qui sont \u00e9num\u00e9r\u00e9es ci-dessous; si vous n\u2019y trouvez pas ce que vous recherchez, ou si vous avez vu quelque chose de nouveau que vous aimeriez essayer, nous serons heureux de travailler avec vous pour cr\u00e9er un forfait sur mesure, qui correspond \u00e0 votre budget et \u00e0 votre marque.<br \/>\nProfitez de la convergence que procure la commandite du congr\u00e8s, non seulement pour pr\u00e9senter vos produits et services au sein de l\u2019industrie, mais aussi pour montrer votre soutien au domaine de la psychologie et aux personnes qui y travaillent.<br \/>\nR\u00e9partition d\u00e9mographique des d\u00e9l\u00e9gu\u00e9s<\/p>\n<p>[\/et_pb_text][et_pb_text text_orientation=\u00a0\u00bbjustified\u00a0\u00bb header_font_size=\u00a0\u00bb30&Prime; header_letter_spacing=\u00a0\u00bb0&Prime; header_line_height=\u00a0\u00bb1&Prime; text_letter_spacing=\u00a0\u00bb0&Prime; text_line_height=\u00a0\u00bb1.7&Prime; background_layout=\u00a0\u00bblight\u00a0\u00bb use_border_color=\u00a0\u00bboff\u00a0\u00bb border_color=\u00a0\u00bb#ffffff\u00a0\u00bb border_style=\u00a0\u00bbsolid\u00a0\u00bb background_position=\u00a0\u00bbtop_left\u00a0\u00bb background_repeat=\u00a0\u00bbrepeat\u00a0\u00bb background_size=\u00a0\u00bbinitial\u00a0\u00bb]<\/p>\n<h2>R\u00e9partition d\u00e9mographique des d\u00e9l\u00e9gu\u00e9s<\/h2>\n<h4>EMPLOI DANS CHAQUE SECTEUR<\/h4>\n<h2><img loading=\"lazy\" decoding=\"async\" class=\"wp-image-299 size-medium alignnone\" src=\"http:\/\/convention.cpa.ca\/wp-content\/uploads\/2019\/01\/2019_employment_graph.png\" alt=\"2019 Employment Sector Statistics\" width=\"309\" height=\"316\">&nbsp;&nbsp;<img decoding=\"async\" src=\"http:\/\/convention.cpa.ca\/wp-content\/uploads\/2019\/01\/2019_employment_graph_legend.png\" alt=\"2019 Demographics\"><\/h2>\n<h4>Nombre de d\u00e9l\u00e9gu\u00e9s aux congr\u00e8s pr\u00e9c\u00e9dents<\/h4>\n<p>TORONTO\t 2011 environ 2 000<br \/>\nHALIFAX \t2012 environ 1 600<br \/>\nQU\u00c9BEC \t2013 environ 1 600<br \/>\nVANCOUVER \t2014 environ 1 500<br \/>\nOTTAWA \t2015 environ 1 800<br \/>\nVICTORIA \t2016 environ 1 300<br \/>\nTORONTO \t2017 environ 1 800<br \/>\nMONTR\u00c9AL \tICAP 2018 environ 3 000<br \/>\nHALIFAX \t2019 environ 1\u2009400 (attendus)<\/p>\n<p>[\/et_pb_text][\/et_pb_column][\/et_pb_row][et_pb_row background_position=\u00a0\u00bbtop_left\u00a0\u00bb background_repeat=\u00a0\u00bbrepeat\u00a0\u00bb background_size=\u00a0\u00bbinitial\u00a0\u00bb width=\u00a0\u00bb90%\u00a0\u00bb max_width=\u00a0\u00bb1200px\u00a0\u00bb][et_pb_column type=\u00a0\u00bb4_4&Prime;][et_pb_text background_layout=\u00a0\u00bblight\u00a0\u00bb text_orientation=\u00a0\u00bbleft\u00a0\u00bb use_border_color=\u00a0\u00bboff\u00a0\u00bb border_color=\u00a0\u00bb#ffffff\u00a0\u00bb border_style=\u00a0\u00bbsolid\u00a0\u00bb background_position=\u00a0\u00bbtop_left\u00a0\u00bb background_repeat=\u00a0\u00bbrepeat\u00a0\u00bb background_size=\u00a0\u00bbinitial\u00a0\u00bb]<\/p>\n<h2>\u00c0 propos du salon des exposants de la SCP<\/h2>\n<p>Le congr\u00e8s national annuel de la SCP (et son salon des exposants) est le plus grand rassemblement annuel de personnes, de partout au Canada, qui gravitent dans le milieu de la psychologie, \u00e0 titre de scientifique, praticien ou enseignant. Le congr\u00e8s accueille chaque ann\u00e9e entre 1\u2009600 et 1\u2009900 scientifiques, praticiens et \u00e9tudiants en psychologie. Il couvre un vaste \u00e9ventail de sujets li\u00e9s \u00e0 la psychologie et utilise diff\u00e9rents formats de pr\u00e9sentation \u2013 affiches, ateliers, symposiums, conf\u00e9rences th\u00e9matiques \u2013 sans oublier le salon des exposants. Il s\u2019agit \u00e9galement du forum id\u00e9al pour r\u00e9seauter et \u00e9changer de l\u2019information sur les initiatives et les pratiques exemplaires, et pour d\u00e9velopper des collaborations entre praticiens et chercheurs avec des psychologues de partout au pays.<\/p>\n<p>O\u00d9 : Toronto, Ontario<\/p>\n<p>Quand : Le salon des exposants se tient les 8 et 9 juin 2017. Le congr\u00e8s national de la SCP a lieu du 8 au 10 juin 2017.<\/p>\n<p>[\/et_pb_text][\/et_pb_column][\/et_pb_row][et_pb_row background_position=\u00a0\u00bbtop_left\u00a0\u00bb background_repeat=\u00a0\u00bbrepeat\u00a0\u00bb background_size=\u00a0\u00bbinitial\u00a0\u00bb width=\u00a0\u00bb90%\u00a0\u00bb max_width=\u00a0\u00bb1200px\u00a0\u00bb][et_pb_column type=\u00a0\u00bb1_2&Prime;][et_pb_text text_line_height=\u00a0\u00bb1.7em\u00a0\u00bb use_border_color=\u00a0\u00bboff\u00a0\u00bb background_position=\u00a0\u00bbtop_left\u00a0\u00bb background_repeat=\u00a0\u00bbrepeat\u00a0\u00bb background_size=\u00a0\u00bbinitial\u00a0\u00bb _builder_version=\u00a0\u00bb3.25.1&Prime; text_text_shadow_horizontal_length=\u00a0\u00bbtext_text_shadow_style,%91object Object%93&Prime; text_text_shadow_horizontal_length_tablet=\u00a0\u00bb0px\u00a0\u00bb text_text_shadow_vertical_length=\u00a0\u00bbtext_text_shadow_style,%91object Object%93&Prime; text_text_shadow_vertical_length_tablet=\u00a0\u00bb0px\u00a0\u00bb text_text_shadow_blur_strength=\u00a0\u00bbtext_text_shadow_style,%91object Object%93&Prime; text_text_shadow_blur_strength_tablet=\u00a0\u00bb1px\u00a0\u00bb link_text_shadow_horizontal_length=\u00a0\u00bblink_text_shadow_style,%91object Object%93&Prime; link_text_shadow_horizontal_length_tablet=\u00a0\u00bb0px\u00a0\u00bb link_text_shadow_vertical_length=\u00a0\u00bblink_text_shadow_style,%91object Object%93&Prime; link_text_shadow_vertical_length_tablet=\u00a0\u00bb0px\u00a0\u00bb link_text_shadow_blur_strength=\u00a0\u00bblink_text_shadow_style,%91object Object%93&Prime; link_text_shadow_blur_strength_tablet=\u00a0\u00bb1px\u00a0\u00bb ul_text_shadow_horizontal_length=\u00a0\u00bbul_text_shadow_style,%91object Object%93&Prime; ul_text_shadow_horizontal_length_tablet=\u00a0\u00bb0px\u00a0\u00bb ul_text_shadow_vertical_length=\u00a0\u00bbul_text_shadow_style,%91object Object%93&Prime; ul_text_shadow_vertical_length_tablet=\u00a0\u00bb0px\u00a0\u00bb ul_text_shadow_blur_strength=\u00a0\u00bbul_text_shadow_style,%91object Object%93&Prime; ul_text_shadow_blur_strength_tablet=\u00a0\u00bb1px\u00a0\u00bb ol_text_shadow_horizontal_length=\u00a0\u00bbol_text_shadow_style,%91object Object%93&Prime; ol_text_shadow_horizontal_length_tablet=\u00a0\u00bb0px\u00a0\u00bb ol_text_shadow_vertical_length=\u00a0\u00bbol_text_shadow_style,%91object Object%93&Prime; ol_text_shadow_vertical_length_tablet=\u00a0\u00bb0px\u00a0\u00bb ol_text_shadow_blur_strength=\u00a0\u00bbol_text_shadow_style,%91object Object%93&Prime; ol_text_shadow_blur_strength_tablet=\u00a0\u00bb1px\u00a0\u00bb quote_text_shadow_horizontal_length=\u00a0\u00bbquote_text_shadow_style,%91object Object%93&Prime; quote_text_shadow_horizontal_length_tablet=\u00a0\u00bb0px\u00a0\u00bb quote_text_shadow_vertical_length=\u00a0\u00bbquote_text_shadow_style,%91object Object%93&Prime; quote_text_shadow_vertical_length_tablet=\u00a0\u00bb0px\u00a0\u00bb quote_text_shadow_blur_strength=\u00a0\u00bbquote_text_shadow_style,%91object Object%93&Prime; quote_text_shadow_blur_strength_tablet=\u00a0\u00bb1px\u00a0\u00bb header_text_shadow_horizontal_length=\u00a0\u00bbheader_text_shadow_style,%91object Object%93&Prime; header_text_shadow_horizontal_length_tablet=\u00a0\u00bb0px\u00a0\u00bb header_text_shadow_vertical_length=\u00a0\u00bbheader_text_shadow_style,%91object Object%93&Prime; header_text_shadow_vertical_length_tablet=\u00a0\u00bb0px\u00a0\u00bb header_text_shadow_blur_strength=\u00a0\u00bbheader_text_shadow_style,%91object Object%93&Prime; header_text_shadow_blur_strength_tablet=\u00a0\u00bb1px\u00a0\u00bb header_2_text_shadow_horizontal_length=\u00a0\u00bbheader_2_text_shadow_style,%91object Object%93&Prime; header_2_text_shadow_horizontal_length_tablet=\u00a0\u00bb0px\u00a0\u00bb header_2_text_shadow_vertical_length=\u00a0\u00bbheader_2_text_shadow_style,%91object Object%93&Prime; header_2_text_shadow_vertical_length_tablet=\u00a0\u00bb0px\u00a0\u00bb header_2_text_shadow_blur_strength=\u00a0\u00bbheader_2_text_shadow_style,%91object Object%93&Prime; header_2_text_shadow_blur_strength_tablet=\u00a0\u00bb1px\u00a0\u00bb header_3_text_shadow_horizontal_length=\u00a0\u00bbheader_3_text_shadow_style,%91object Object%93&Prime; header_3_text_shadow_horizontal_length_tablet=\u00a0\u00bb0px\u00a0\u00bb header_3_text_shadow_vertical_length=\u00a0\u00bbheader_3_text_shadow_style,%91object Object%93&Prime; header_3_text_shadow_vertical_length_tablet=\u00a0\u00bb0px\u00a0\u00bb header_3_text_shadow_blur_strength=\u00a0\u00bbheader_3_text_shadow_style,%91object Object%93&Prime; header_3_text_shadow_blur_strength_tablet=\u00a0\u00bb1px\u00a0\u00bb header_4_text_shadow_horizontal_length=\u00a0\u00bbheader_4_text_shadow_style,%91object Object%93&Prime; header_4_text_shadow_horizontal_length_tablet=\u00a0\u00bb0px\u00a0\u00bb header_4_text_shadow_vertical_length=\u00a0\u00bbheader_4_text_shadow_style,%91object Object%93&Prime; header_4_text_shadow_vertical_length_tablet=\u00a0\u00bb0px\u00a0\u00bb header_4_text_shadow_blur_strength=\u00a0\u00bbheader_4_text_shadow_style,%91object Object%93&Prime; header_4_text_shadow_blur_strength_tablet=\u00a0\u00bb1px\u00a0\u00bb header_5_text_shadow_horizontal_length=\u00a0\u00bbheader_5_text_shadow_style,%91object Object%93&Prime; header_5_text_shadow_horizontal_length_tablet=\u00a0\u00bb0px\u00a0\u00bb header_5_text_shadow_vertical_length=\u00a0\u00bbheader_5_text_shadow_style,%91object Object%93&Prime; header_5_text_shadow_vertical_length_tablet=\u00a0\u00bb0px\u00a0\u00bb header_5_text_shadow_blur_strength=\u00a0\u00bbheader_5_text_shadow_style,%91object Object%93&Prime; header_5_text_shadow_blur_strength_tablet=\u00a0\u00bb1px\u00a0\u00bb header_6_text_shadow_horizontal_length=\u00a0\u00bbheader_6_text_shadow_style,%91object Object%93&Prime; header_6_text_shadow_horizontal_length_tablet=\u00a0\u00bb0px\u00a0\u00bb header_6_text_shadow_vertical_length=\u00a0\u00bbheader_6_text_shadow_style,%91object Object%93&Prime; header_6_text_shadow_vertical_length_tablet=\u00a0\u00bb0px\u00a0\u00bb header_6_text_shadow_blur_strength=\u00a0\u00bbheader_6_text_shadow_style,%91object Object%93&Prime; header_6_text_shadow_blur_strength_tablet=\u00a0\u00bb1px\u00a0\u00bb box_shadow_horizontal_tablet=\u00a0\u00bb0px\u00a0\u00bb box_shadow_vertical_tablet=\u00a0\u00bb0px\u00a0\u00bb box_shadow_blur_tablet=\u00a0\u00bb40px\u00a0\u00bb box_shadow_spread_tablet=\u00a0\u00bb0px\u00a0\u00bb z_index_tablet=\u00a0\u00bb500&Prime;]<\/p>\n<h2>Renseignements sur le salon des exposants et les commandites<\/h2>\n<blockquote><p>\nKathryn McLaren<br \/>\nD\u00e9veloppement associatif et services aux membres<br \/>\n<a href=\"mailto:kmclaren@cpa.ca\">kmclaren@cpa.ca<\/a><br \/>\nT\u00e9l. : 613-237-2144 poste 325<br \/>\n(sans frais au Canada)<br \/>\n1-888-472-0657 poste 325\n<\/p><\/blockquote>\n<p>[\/et_pb_text][\/et_pb_column][et_pb_column type=\u00a0\u00bb1_2&Prime;][\/et_pb_column][\/et_pb_row][\/et_pb_section]<\/p>\n","protected":false},"excerpt":{"rendered":"<p>Le salon des exposants de la SCP &nbsp; &nbsp; &nbsp; &nbsp; \u00c0 propos du salon des exposants de la SCP Le congr\u00e8s national annuel de la SCP (et son salon des exposants) est le plus grand rassemblement annuel de personnes de partout au Canada qui gravitent dans le milieu de la psychologie, \u00e0 titre de [&hellip;]<\/p>\n","protected":false},"author":1,"featured_media":0,"parent":560,"menu_order":0,"comment_status":"closed","ping_status":"closed","template":"","meta":{"_et_pb_use_builder":"on","_et_pb_old_content":"","_et_gb_content_width":"","_monsterinsights_skip_tracking":false,"_monsterinsights_sitenote_active":false,"_monsterinsights_sitenote_note":"","_monsterinsights_sitenote_category":0,"footnotes":""},"class_list":["post-592","page","type-page","status-publish","hentry"],"aioseo_notices":[],"publishpress_future_action":{"enabled":false,"date":"2026-04-14 16:38:17","action":"change-status","newStatus":"draft","terms":[],"taxonomy":"translation_priority","extraData":[]},"publishpress_future_workflow_manual_trigger":{"enabledWorkflows":[]},"_links":{"self":[{"href":"https:\/\/convention.cpa.ca\/fr\/wp-json\/wp\/v2\/pages\/592","targetHints":{"allow":["GET"]}}],"collection":[{"href":"https:\/\/convention.cpa.ca\/fr\/wp-json\/wp\/v2\/pages"}],"about":[{"href":"https:\/\/convention.cpa.ca\/fr\/wp-json\/wp\/v2\/types\/page"}],"author":[{"embeddable":true,"href":"https:\/\/convention.cpa.ca\/fr\/wp-json\/wp\/v2\/users\/1"}],"replies":[{"embeddable":true,"href":"https:\/\/convention.cpa.ca\/fr\/wp-json\/wp\/v2\/comments?post=592"}],"version-history":[{"count":16,"href":"https:\/\/convention.cpa.ca\/fr\/wp-json\/wp\/v2\/pages\/592\/revisions"}],"predecessor-version":[{"id":2144,"href":"https:\/\/convention.cpa.ca\/fr\/wp-json\/wp\/v2\/pages\/592\/revisions\/2144"}],"up":[{"embeddable":true,"href":"https:\/\/convention.cpa.ca\/fr\/wp-json\/wp\/v2\/pages\/560"}],"wp:attachment":[{"href":"https:\/\/convention.cpa.ca\/fr\/wp-json\/wp\/v2\/media?parent=592"}],"curies":[{"name":"wp","href":"https:\/\/api.w.org\/{rel}","templated":true}]}}