{"id":6405,"date":"2021-11-18T14:59:07","date_gmt":"2021-11-18T19:59:07","guid":{"rendered":"http:\/\/convention.cpa.ca\/sitemap\/"},"modified":"2021-11-18T14:59:07","modified_gmt":"2021-11-18T19:59:07","slug":"sitemap","status":"publish","type":"page","link":"https:\/\/convention.cpa.ca\/fr\/sitemap\/","title":{"rendered":"Sitemap"},"content":{"rendered":"<div class=\"wsp-container\"><h2 class=\"wsp-pages-title\">Pages<\/h2>\n<ul class=\"wsp-pages-list\">\n<li class=\"page_item page-item-548 page_item_has_children\"><a href=\"https:\/\/convention.cpa.ca\/fr\/a-propos\/\">\u00c0 propos<\/a>\n<ul class='children'>\n\t<li class=\"page_item page-item-1710\"><a href=\"https:\/\/convention.cpa.ca\/fr\/a-propos\/benevolat\/\">B\u00e9n\u00e9volat<\/a><\/li>\n\t<li class=\"page_item page-item-13880\"><a href=\"https:\/\/convention.cpa.ca\/fr\/a-propos\/student-awards\/\">Prix 2026 de la Section des \u00e9tudiants<\/a><\/li>\n\t<li class=\"page_item page-item-17361\"><a href=\"https:\/\/convention.cpa.ca\/fr\/a-propos\/cpa-student-travel-bursary\/\">Subvention de voyage \u00e9tudiante pour le congr\u00e8s de la SCP 2026<\/a><\/li>\n\t<li class=\"page_item page-item-2868\"><a href=\"https:\/\/convention.cpa.ca\/fr\/a-propos\/important-dates\/\">Dates importantes &#8211; Congr\u00e8s de la SCP de 2026, Montr\u00e9al, Qu\u00e9bec<\/a><\/li>\n<\/ul>\n<\/li>\n<li class=\"page_item page-item-699\"><a href=\"https:\/\/convention.cpa.ca\/fr\/\">Accueil<\/a><\/li>\n<li class=\"page_item page-item-3350\"><a href=\"https:\/\/convention.cpa.ca\/fr\/social-activities\/\">Activit\u00e9s sociales et visites<\/a><\/li>\n<li class=\"page_item page-item-578 page_item_has_children\"><a href=\"https:\/\/convention.cpa.ca\/fr\/apprendre-et-grandir\/\">Ateliers et possibilit\u00e9s de perfectionnement professionnel continu<\/a>\n<ul class='children'>\n\t<li class=\"page_item page-item-581\"><a href=\"https:\/\/convention.cpa.ca\/fr\/apprendre-et-grandir\/pre-convention-program\/\">Ateliers de perfectionnement professionnel pr\u00e9congr\u00e8s<\/a><\/li>\n\t<li class=\"page_item page-item-5686\"><a href=\"https:\/\/convention.cpa.ca\/fr\/apprendre-et-grandir\/in-conference-pd-workshops\/\">In-Conference PD Workshops<\/a><\/li>\n<\/ul>\n<\/li>\n<li class=\"page_item page-item-560 page_item_has_children\"><a href=\"https:\/\/convention.cpa.ca\/fr\/commanditaires-exposants\/\">Commanditaires et exposants<\/a>\n<ul class='children'>\n\t<li class=\"page_item page-item-592\"><a href=\"https:\/\/convention.cpa.ca\/fr\/commanditaires-exposants\/salon-des-exposants\/\">Salon des exposants<\/a><\/li>\n\t<li class=\"page_item page-item-1832\"><a href=\"https:\/\/convention.cpa.ca\/fr\/commanditaires-exposants\/sponsors\/\">Sponsors &#038; Exhibitors<\/a><\/li>\n<\/ul>\n<\/li>\n<li class=\"page_item page-item-563\"><a href=\"https:\/\/convention.cpa.ca\/fr\/conference-pleniere\/\">Conf\u00e9renciers vedette<\/a><\/li>\n<li class=\"page_item page-item-1424\"><a href=\"https:\/\/convention.cpa.ca\/fr\/past-future\/\">Congr\u00e8s pass\u00e9es et futures<\/a><\/li>\n<li class=\"page_item page-item-3112\"><a href=\"https:\/\/convention.cpa.ca\/fr\/discover-calgary\/\">D\u00e9couvrir Calgary<\/a><\/li>\n<li class=\"page_item page-item-9329\"><a href=\"https:\/\/convention.cpa.ca\/fr\/discover-st-johns\/\">Discover St. John&rsquo;s<\/a><\/li>\n<li class=\"page_item page-item-553\"><a href=\"https:\/\/convention.cpa.ca\/fr\/evenements-speciaux\/\">\u00c9v\u00e9nements sp\u00e9ciaux<\/a><\/li>\n<li class=\"page_item page-item-6423\"><a href=\"https:\/\/convention.cpa.ca\/fr\/faq\/\">Foire aux questions et instructions pour les pr\u00e9sentateurs<\/a><\/li>\n<li class=\"page_item page-item-3208\"><a href=\"https:\/\/convention.cpa.ca\/fr\/hebergement\/\">H\u00e9bergement<\/a><\/li>\n<li class=\"page_item page-item-586 page_item_has_children\"><a href=\"https:\/\/convention.cpa.ca\/fr\/inscription\/\">Inscription<\/a>\n<ul class='children'>\n\t<li class=\"page_item page-item-3089\"><a href=\"https:\/\/convention.cpa.ca\/fr\/inscription\/registration-fees\/\">Frais d&rsquo;inscription<\/a><\/li>\n<\/ul>\n<\/li>\n<li class=\"page_item page-item-3547\"><a href=\"https:\/\/convention.cpa.ca\/fr\/printed-poster\/\">Instructions pour les pr\u00e9sentations d&rsquo;affiches imprim\u00e9es<\/a><\/li>\n<li class=\"page_item page-item-7554\"><a href=\"https:\/\/convention.cpa.ca\/fr\/welcome\/\">Messages de bienvenue<\/a><\/li>\n<li class=\"page_item page-item-10561\"><a href=\"https:\/\/convention.cpa.ca\/fr\/app-support\/\">MyConferenceSuite App Support<\/a><\/li>\n<li class=\"page_item page-item-2507 page_item_has_children\"><a href=\"https:\/\/convention.cpa.ca\/fr\/scientific-program\/\">Programme scientifique<\/a>\n<ul class='children'>\n\t<li class=\"page_item page-item-4226\"><a href=\"https:\/\/convention.cpa.ca\/fr\/scientific-program\/program-schedule-and-themes\/\">Calendrier du programme et th\u00e8mes<\/a><\/li>\n\t<li class=\"page_item page-item-7038\"><a href=\"https:\/\/convention.cpa.ca\/fr\/scientific-program\/pre-conference-events\/\">Pre-Convention Events<\/a><\/li>\n\t<li class=\"page_item page-item-6412\"><a href=\"https:\/\/convention.cpa.ca\/fr\/scientific-program\/presentation-types\/\">Types de pr\u00e9sentations du programme scientifique du congr\u00e8s national annuel de la SCP<\/a><\/li>\n\t<li class=\"page_item page-item-5710\"><a href=\"https:\/\/convention.cpa.ca\/fr\/scientific-program\/section-and-thematic-featured-speakers\/\">Intervenants invit\u00e9s par les sections<\/a><\/li>\n\t<li class=\"page_item page-item-9465 page_item_has_children\"><a href=\"https:\/\/convention.cpa.ca\/fr\/scientific-program\/in-convention-events\/\">\u00c9v\u00e9nements et salons tenus au congr\u00e8s<\/a>\n\t<ul class='children'>\n\t\t<li class=\"page_item page-item-9797\"><a href=\"https:\/\/convention.cpa.ca\/fr\/scientific-program\/in-convention-events\/job-fair-employers\/\">Salon de l\u2019emploi du congr\u00e8s<\/a><\/li>\n\t<\/ul>\n<\/li>\n<\/ul>\n<\/li>\n<li class=\"page_item page-item-3005\"><a href=\"https:\/\/convention.cpa.ca\/fr\/abstract\/\">Proposition de r\u00e9sum\u00e9s<\/a><\/li>\n<li class=\"page_item page-item-6405\"><a href=\"https:\/\/convention.cpa.ca\/fr\/sitemap\/\">Sitemap<\/a><\/li>\n<li class=\"page_item page-item-15972\"><a href=\"https:\/\/convention.cpa.ca\/fr\/testimonials\/\">T\u00e9moignages<\/a><\/li>\n<li class=\"page_item page-item-6591\"><a href=\"https:\/\/convention.cpa.ca\/fr\/testing\/\">Testing-F<\/a><\/li>\n<li class=\"page_item page-item-546 page_item_has_children\"><a href=\"https:\/\/convention.cpa.ca\/fr\/transport_et_hebergement\/\">Transport et h\u00e9bergement<\/a>\n<ul class='children'>\n\t<li class=\"page_item page-item-3168\"><a href=\"https:\/\/convention.cpa.ca\/fr\/transport_et_hebergement\/transport\/\">Transport<\/a><\/li>\n<\/ul>\n<\/li>\n<\/ul>\n<\/div>\n","protected":false},"excerpt":{"rendered":"","protected":false},"author":5,"featured_media":0,"parent":0,"menu_order":0,"comment_status":"closed","ping_status":"closed","template":"","meta":{"_et_pb_use_builder":"","_et_pb_old_content":"","_et_gb_content_width":"","_monsterinsights_skip_tracking":false,"_monsterinsights_sitenote_active":false,"_monsterinsights_sitenote_note":"","_monsterinsights_sitenote_category":0,"footnotes":""},"class_list":["post-6405","page","type-page","status-publish","hentry"],"aioseo_notices":[],"publishpress_future_action":{"enabled":false,"date":"2026-04-23 14:35:21","action":"change-status","newStatus":"draft","terms":[],"taxonomy":"translation_priority","extraData":[]},"publishpress_future_workflow_manual_trigger":{"enabledWorkflows":[]},"_links":{"self":[{"href":"https:\/\/convention.cpa.ca\/fr\/wp-json\/wp\/v2\/pages\/6405","targetHints":{"allow":["GET"]}}],"collection":[{"href":"https:\/\/convention.cpa.ca\/fr\/wp-json\/wp\/v2\/pages"}],"about":[{"href":"https:\/\/convention.cpa.ca\/fr\/wp-json\/wp\/v2\/types\/page"}],"author":[{"embeddable":true,"href":"https:\/\/convention.cpa.ca\/fr\/wp-json\/wp\/v2\/users\/5"}],"replies":[{"embeddable":true,"href":"https:\/\/convention.cpa.ca\/fr\/wp-json\/wp\/v2\/comments?post=6405"}],"version-history":[{"count":0,"href":"https:\/\/convention.cpa.ca\/fr\/wp-json\/wp\/v2\/pages\/6405\/revisions"}],"wp:attachment":[{"href":"https:\/\/convention.cpa.ca\/fr\/wp-json\/wp\/v2\/media?parent=6405"}],"curies":[{"name":"wp","href":"https:\/\/api.w.org\/{rel}","templated":true}]}}