{"id":9465,"date":"2023-03-23T12:52:20","date_gmt":"2023-03-23T16:52:20","guid":{"rendered":"http:\/\/convention.cpa.ca\/scientific-program\/in-conference-events\/"},"modified":"2026-01-06T13:52:48","modified_gmt":"2026-01-06T18:52:48","slug":"in-convention-events","status":"publish","type":"page","link":"https:\/\/convention.cpa.ca\/fr\/scientific-program\/in-convention-events\/","title":{"rendered":"\u00c9v\u00e9nements et salons tenus au congr\u00e8s"},"content":{"rendered":"<p>[et_pb_section fb_built=\u00a0\u00bb1&Prime; _builder_version=\u00a0\u00bb4.16&Prime; _module_preset=\u00a0\u00bbdefault\u00a0\u00bb global_colors_info=\u00a0\u00bb{}\u00a0\u00bb][et_pb_row _builder_version=\u00a0\u00bb4.16&Prime; _module_preset=\u00a0\u00bbdefault\u00a0\u00bb global_colors_info=\u00a0\u00bb{}\u00a0\u00bb][et_pb_column type=\u00a0\u00bb4_4&Prime; _builder_version=\u00a0\u00bb4.16&Prime; _module_preset=\u00a0\u00bbdefault\u00a0\u00bb global_colors_info=\u00a0\u00bb{}\u00a0\u00bb][et_pb_text _builder_version=\u00a0\u00bb4.16&Prime; _module_preset=\u00a0\u00bbdefault\u00a0\u00bb global_colors_info=\u00a0\u00bb{}\u00a0\u00bb]<\/p>\n<h1>\u00c9v\u00e9nements et salons tenus au congr\u00e8s<\/h1>\n<p>[\/et_pb_text][\/et_pb_column][\/et_pb_row][et_pb_row column_structure=\u00a0\u00bb1_2,1_2&Prime; _builder_version=\u00a0\u00bb4.16&Prime; _module_preset=\u00a0\u00bbdefault\u00a0\u00bb global_colors_info=\u00a0\u00bb{}\u00a0\u00bb][et_pb_column type=\u00a0\u00bb1_2&Prime; _builder_version=\u00a0\u00bb4.16&Prime; _module_preset=\u00a0\u00bbdefault\u00a0\u00bb global_colors_info=\u00a0\u00bb{}\u00a0\u00bb][et_pb_text _builder_version=\u00a0\u00bb4.27.4&Prime; _module_preset=\u00a0\u00bbdefault\u00a0\u00bb global_colors_info=\u00a0\u00bb{}\u00a0\u00bb]<\/p>\n<h3>Au fur et \u00e0 mesure que le programme prendra forme, nous aurons davantage d\u2019informations \u00e0 partager. N\u2019h\u00e9sitez pas \u00e0 revenir r\u00e9guli\u00e8rement sur cette page pour vous tenir au courant des derni\u00e8res mises \u00e0 jour.<\/h3>\n<p>Inscription de l&#8217;employeur\u00a0: <a target=\"_blank\" href=\"https:\/\/cpa.ca\/machform\/view.php?id=118738\">https:\/\/cpa.ca\/machform\/view.php?id=118738<\/a>[\/et_pb_text][\/et_pb_column][et_pb_column type=\u00a0\u00bb1_2&Prime; _builder_version=\u00a0\u00bb4.16&Prime; _module_preset=\u00a0\u00bbdefault\u00a0\u00bb global_colors_info=\u00a0\u00bb{}\u00a0\u00bb][et_pb_slider _builder_version=\u00a0\u00bb4.27.4&Prime; _module_preset=\u00a0\u00bbdefault\u00a0\u00bb global_colors_info=\u00a0\u00bb{}\u00a0\u00bb][et_pb_slide _builder_version=\u00a0\u00bb4.27.4&Prime; _module_preset=\u00a0\u00bbdefault\u00a0\u00bb background_image=\u00a0\u00bbhttps:\/\/convention.cpa.ca\/wp-content\/uploads\/2025\/08\/Convention-page-Banner-FR-2026.jpg\u00a0\u00bb background_enable_image=\u00a0\u00bbon\u00a0\u00bb global_colors_info=\u00a0\u00bb{}\u00a0\u00bb sticky_transition=\u00a0\u00bbon\u00a0\u00bb][\/et_pb_slide][\/et_pb_slider][\/et_pb_column][\/et_pb_row][et_pb_row disabled_on=\u00a0\u00bboff|off|off\u00a0\u00bb _builder_version=\u00a0\u00bb4.16&Prime; _module_preset=\u00a0\u00bbdefault\u00a0\u00bb global_colors_info=\u00a0\u00bb{}\u00a0\u00bb][et_pb_column type=\u00a0\u00bb4_4&Prime; _builder_version=\u00a0\u00bb4.16&Prime; _module_preset=\u00a0\u00bbdefault\u00a0\u00bb global_colors_info=\u00a0\u00bb{}\u00a0\u00bb][et_pb_divider _builder_version=\u00a0\u00bb4.16&Prime; _module_preset=\u00a0\u00bbdefault\u00a0\u00bb global_colors_info=\u00a0\u00bb{}\u00a0\u00bb][\/et_pb_divider][et_pb_text _builder_version=\u00a0\u00bb4.27.4&Prime; _module_preset=\u00a0\u00bbdefault\u00a0\u00bb hover_enabled=\u00a0\u00bb0&Prime; global_colors_info=\u00a0\u00bb{}\u00a0\u00bb sticky_enabled=\u00a0\u00bb0&Prime;]<\/p>\n<h2 style=\"display: inline-block;\">Salon de l\u2019emploi de la SCP \u2013 jeudi 4 juin 2026<\/h2>\n<p>La SCP est heureuse de tenir son 4e salon de l\u2019emploi en personne, qui aura lieu de 14 h \u00e0 16 h.<\/p>\n<p>Inscription de l\u2019employeur\u00a0:\u00a0<a href=\"https:\/\/cpa.ca\/machform\/view.php?id=118738\" target=\"_blank\" rel=\"noopener\">https:\/\/cpa.ca\/machform\/view.php?id=118738<\/a><\/p>\n<p>En tant que <strong>d\u00e9l\u00e9gu\u00e9 du congr\u00e8s de la SCP,<\/strong> vous aurez le privil\u00e8ge de participer \u00e0 cet \u00e9v\u00e9nement. Le salon de l\u2019emploi vous donnera l\u2019occasion de rencontrer des employeurs de plusieurs secteurs, d\u2019en apprendre davantage sur diverses organisations, de prendre connaissance des possibilit\u00e9s d\u2019emploi actuelles et futures et d\u2019y postuler.<\/p>\n<p>En tant qu\u2019<strong>employeur<\/strong>, vous pourrez pr\u00e9senter tout ce que votre organisation a \u00e0 offrir et rencontrer des candidats qualifi\u00e9s pour pourvoir des postes actuels ou futurs.<\/p>\n<article style=\"-webkit-column-width: 450px; -moz-column-width: 450px; column-width: 450px;\">\n<div style=\"margin-top: 0px;\">\n<div style=\"-webkit-column-break-inside: avoid; page-break-inside: avoid; break-inside: avoid;\">\n<p>En tant que\u00a0<strong>d\u00e9l\u00e9gu\u00e9 du congr\u00e8s de la SCP<\/strong>, vous aurez la possibilit\u00e9 de\u00a0:<\/p>\n<ul>\n<li>Rencontrer de nombreux employeurs de plusieurs secteurs.<\/li>\n<li>Vous renseigner sur les employeurs, les possibilit\u00e9s d\u2019emploi qu\u2019ils offrent ou qu\u2019ils offriront et les comp\u00e9tences qu\u2019ils recherchent.<\/li>\n<li>D\u00e9velopper vos comp\u00e9tences en r\u00e9seautage et \u00e9tablir des contacts dans divers domaines.<\/li>\n<li>Distribuer votre curriculum vit\u00e6 apr\u00e8s le salon de l\u2019emploi.<\/li>\n<\/ul>\n<p>Cet \u00e9v\u00e9nement est gratuit et r\u00e9serv\u00e9 aux personnes inscrites au congr\u00e8s national annuel de la SCP.<\/p>\n<\/div>\n<div style=\"-webkit-column-break-inside: avoid; page-break-inside: avoid; break-inside: avoid; padding-top: -10px;\">\n<p>En tant qu\u2019<strong>EMPLOYEUR<\/strong> participant, vous aurez la possibilit\u00e9 de\u00a0:<\/p>\n<ul>\n<li>Augmenter la visibilit\u00e9 de votre organisation, r\u00e9seauter avec des dipl\u00f4m\u00e9s du domaine de la psychologie hautement qualifi\u00e9s, et faire conna\u00eetre les possibilit\u00e9s d\u2019emploi actuelles et futures et les comp\u00e9tences recherch\u00e9es.<\/li>\n<li>Rencontrer des candidats qualifi\u00e9s et recueillir les meilleurs curriculum vit\u00e6.<\/li>\n<li>Acc\u00e9der aux quelque 7\u00a0000 membres et affili\u00e9s de la SCP, \u00e9tudiants et jeunes dipl\u00f4m\u00e9s par la promotion du salon de l\u2019emploi.<\/li>\n<li>Partager le site Web de votre entreprise et vos coordonn\u00e9es avec les d\u00e9l\u00e9gu\u00e9s avant et apr\u00e8s le salon de l\u2019emploi.<\/li>\n<\/ul>\n<p>Le co\u00fbt de participation est de 395\u00a0$ pour le salon de l\u2019emploi seulement ou de 2\u00a0525\u00a0$ pour les employeurs-exposants. Pour vous inscrire en tant qu\u2019<strong>employeur<\/strong>, visitez le <a href=\"https:\/\/cpa.ca\/machform\/view.php?id=118738\" target=\"_blank\" rel=\"noopener\">https:\/\/cpa.ca\/machform\/view.php?id=118738<\/a>.<\/p>\n<\/div>\n<\/div>\n<\/article>\n<p>&nbsp;<\/p>\n<p>&nbsp;<\/p>\n<p><a href=\"https:\/\/convention.cpa.ca\/fr\/scientific-program\/in-convention-events\/job-fair-employers\/\" rel=\"noopener\">Cliquez ici pour conna\u00eetre les employeurs qui se sont inscrits au salon de l\u2019emploi.<\/a><\/p>\n<p>[\/et_pb_text][et_pb_divider disabled_on=\u00a0\u00bbon|on|on\u00a0\u00bb _builder_version=\u00a0\u00bb4.16&Prime; _module_preset=\u00a0\u00bbdefault\u00a0\u00bb disabled=\u00a0\u00bbon\u00a0\u00bb global_colors_info=\u00a0\u00bb{}\u00a0\u00bb][\/et_pb_divider][et_pb_text disabled_on=\u00a0\u00bbon|on|on\u00a0\u00bb _builder_version=\u00a0\u00bb4.16&Prime; _module_preset=\u00a0\u00bbdefault\u00a0\u00bb disabled=\u00a0\u00bbon\u00a0\u00bb global_colors_info=\u00a0\u00bb{}\u00a0\u00bb]<\/p>\n<h2 style=\"display: inline-block;\">Atelier de la SCP sur la recherche en psychologie et la pratique de la psychologie dans un environnement universitaire syndiqu\u00e9 \u2014 dimanche 23 juin<\/h2>\n<p>Comme plus de 80 % du personnel universitaire canadien travaillent dans un environnement syndiqu\u00e9, il est essentiel de comprendre comment nos relations de travail fa\u00e7onnent l\u2019exp\u00e9rience des psychologues, depuis leur premier poste universitaire jusqu\u2019\u00e0 leur retraite.<\/p>\n<p>Cet \u00e9v\u00e9nement aura lieu de 11 h \u00e0 12 h 30 et abordera les sujets suivants :<\/p>\n<ul>\n<li>Poser sa candidature et n\u00e9gocier son premier poste universitaire<\/li>\n<li>Le contexte des relations de travail en ce qui concerne l\u2019avancement professionnel et l\u2019\u00e9quilibre travail-vie personnelle<\/li>\n<li>Strat\u00e9gies de transition du milieu universitaire \u00e0 la retraite<\/li>\n<\/ul>\n<p>\u00c0 la fin de cette s\u00e9ance, vous devriez avoir une meilleure compr\u00e9hension des d\u00e9fis et des possibilit\u00e9s que pr\u00e9sente le travail de psychologue dans un environnement universitaire syndiqu\u00e9.<\/p>\n<p>[\/et_pb_text][et_pb_divider disabled_on=\u00a0\u00bbon|on|on\u00a0\u00bb _builder_version=\u00a0\u00bb4.16&Prime; _module_preset=\u00a0\u00bbdefault\u00a0\u00bb disabled=\u00a0\u00bbon\u00a0\u00bb global_colors_info=\u00a0\u00bb{}\u00a0\u00bb][\/et_pb_divider][et_pb_text disabled_on=\u00a0\u00bbon|on|on\u00a0\u00bb _builder_version=\u00a0\u00bb4.16&Prime; _module_preset=\u00a0\u00bbdefault\u00a0\u00bb disabled=\u00a0\u00bbon\u00a0\u00bb global_colors_info=\u00a0\u00bb{}\u00a0\u00bb]<\/p>\n<h2>Atelier sur les r\u00e9sidences en psychologie et salon des r\u00e9sidents (anciennement connu sous le nom de salon des internats) \u2013 vendredi 21 juin<\/h2>\n<p>Il s\u2019agit d\u2019un programme annuel (atelier suivi d\u2019un salon) r\u00e9unissant des intervenants exp\u00e9riment\u00e9s qui vous aideront \u00e0 pr\u00e9parer une demande d\u2019internat convaincante. Assistez \u00e0 l\u2019atelier du CCPPP \u00e0 14 h puis passez directement au salon des r\u00e9sidents, \u00e0 15 h.<\/p>\n<p>Posez aux intervenants des questions sur le processus de candidature et discutez avec les directeurs de la formation de diff\u00e9rents programmes de r\u00e9sidence. Les directeurs de la formation sont assis \u00e0 des tables rondes et les \u00e9tudiants sont encourag\u00e9s \u00e0 aller et venir \u00e0 leur guise.<\/p>\n<p>Les programmes de formation qui seront pr\u00e9sents ne sont g\u00e9n\u00e9ralement connus que peu de temps avant le congr\u00e8s. Assistez \u00e0 l\u2019\u00e9v\u00e9nement et d\u00e9couvrez s\u2019il y a des directeurs de la formation avec lesquels vous aimeriez vous entretenir. Si ce n\u2019est pas le cas, parcourez la salle en gardant l\u2019esprit ouvert, asseyez-vous aux tables et \u00e9coutez les questions, et prenez connaissance des diff\u00e9rents lieux de stage.<\/p>\n<p>Assistez au salon m\u00eame si vous ne faites pas de demande d\u2019admission aupr\u00e8s d\u2019un programme de r\u00e9sidence ou de stage cette ann\u00e9e! Il est important de se renseigner sur la proc\u00e9dure le plus t\u00f4t possible, et vous d\u00e9couvrirez peut-\u00eatre des moyens de mieux pr\u00e9parer votre candidature. Cela vous donnera une id\u00e9e de ce qui vous attend lorsque vous ferez votre demande, vous aurez l\u2019occasion d\u2019entendre le type de questions que posent les autres \u00e9tudiants et vous d\u00e9couvrirez peut-\u00eatre un lieu de stage auquel vous n\u2019auriez pas pens\u00e9 autrement!<\/p>\n<p>[\/et_pb_text][et_pb_text disabled_on=\u00a0\u00bbon|on|on\u00a0\u00bb _builder_version=\u00a0\u00bb4.27.4&Prime; _module_preset=\u00a0\u00bbdefault\u00a0\u00bb disabled=\u00a0\u00bbon\u00a0\u00bb global_colors_info=\u00a0\u00bb{}\u00a0\u00bb]<\/p>\n<div style=\"-webkit-column-break-inside: avoid; page-break-inside: avoid; break-inside: avoid; padding: 10px; max-width: 100%; text-align:center;\"><a href=\"htxg\" target=\"_blank\" rel=\"noopener noreferrer\"><\/a><img decoding=\"async\" class=\"aligncenter\" style=\"max-width: 750px; max-height: 400px;\" src=\"https:\/\/convention.cpa.ca\/wp-content\/uploads\/2025\/01\/NUVISTA-TRUENORTH.png\" alt=\"NUVISTA Psychedelic Medicine - TRUE NORTH Psychological Service\" \/><\/a><\/div>\n<p>[\/et_pb_text][\/et_pb_column][\/et_pb_row][\/et_pb_section]<\/p>\n","protected":false},"excerpt":{"rendered":"<p>[et_pb_section fb_built=\u00a0\u00bb1&Prime; _builder_version=\u00a0\u00bb4.16&Prime; _module_preset=\u00a0\u00bbdefault\u00a0\u00bb global_colors_info=\u00a0\u00bb{}\u00a0\u00bb][et_pb_row _builder_version=\u00a0\u00bb4.16&Prime; _module_preset=\u00a0\u00bbdefault\u00a0\u00bb global_colors_info=\u00a0\u00bb{}\u00a0\u00bb][et_pb_column type=\u00a0\u00bb4_4&Prime; _builder_version=\u00a0\u00bb4.16&Prime; _module_preset=\u00a0\u00bbdefault\u00a0\u00bb global_colors_info=\u00a0\u00bb{}\u00a0\u00bb][et_pb_text _builder_version=\u00a0\u00bb4.16&Prime; _module_preset=\u00a0\u00bbdefault\u00a0\u00bb global_colors_info=\u00a0\u00bb{}\u00a0\u00bb] \u00c9v\u00e9nements et salons tenus au congr\u00e8s [\/et_pb_text][\/et_pb_column][\/et_pb_row][et_pb_row column_structure=\u00a0\u00bb1_2,1_2&Prime; _builder_version=\u00a0\u00bb4.16&Prime; _module_preset=\u00a0\u00bbdefault\u00a0\u00bb global_colors_info=\u00a0\u00bb{}\u00a0\u00bb][et_pb_column type=\u00a0\u00bb1_2&Prime; _builder_version=\u00a0\u00bb4.16&Prime; _module_preset=\u00a0\u00bbdefault\u00a0\u00bb global_colors_info=\u00a0\u00bb{}\u00a0\u00bb][et_pb_text _builder_version=\u00a0\u00bb4.27.4&Prime; _module_preset=\u00a0\u00bbdefault\u00a0\u00bb global_colors_info=\u00a0\u00bb{}\u00a0\u00bb] Au fur et \u00e0 mesure que le programme prendra forme, nous aurons davantage d\u2019informations \u00e0 partager. N\u2019h\u00e9sitez pas \u00e0 revenir r\u00e9guli\u00e8rement sur [&hellip;]<\/p>\n","protected":false},"author":5,"featured_media":0,"parent":2507,"menu_order":5,"comment_status":"closed","ping_status":"closed","template":"","meta":{"_et_pb_use_builder":"on","_et_pb_old_content":"","_et_gb_content_width":"","_monsterinsights_skip_tracking":false,"_monsterinsights_sitenote_active":false,"_monsterinsights_sitenote_note":"","_monsterinsights_sitenote_category":0,"footnotes":""},"class_list":["post-9465","page","type-page","status-publish","hentry"],"aioseo_notices":[],"publishpress_future_action":{"enabled":false,"date":"2026-04-16 10:55:37","action":"change-status","newStatus":"draft","terms":[],"taxonomy":"translation_priority","extraData":[]},"publishpress_future_workflow_manual_trigger":{"enabledWorkflows":[]},"_links":{"self":[{"href":"https:\/\/convention.cpa.ca\/fr\/wp-json\/wp\/v2\/pages\/9465","targetHints":{"allow":["GET"]}}],"collection":[{"href":"https:\/\/convention.cpa.ca\/fr\/wp-json\/wp\/v2\/pages"}],"about":[{"href":"https:\/\/convention.cpa.ca\/fr\/wp-json\/wp\/v2\/types\/page"}],"author":[{"embeddable":true,"href":"https:\/\/convention.cpa.ca\/fr\/wp-json\/wp\/v2\/users\/5"}],"replies":[{"embeddable":true,"href":"https:\/\/convention.cpa.ca\/fr\/wp-json\/wp\/v2\/comments?post=9465"}],"version-history":[{"count":53,"href":"https:\/\/convention.cpa.ca\/fr\/wp-json\/wp\/v2\/pages\/9465\/revisions"}],"predecessor-version":[{"id":17055,"href":"https:\/\/convention.cpa.ca\/fr\/wp-json\/wp\/v2\/pages\/9465\/revisions\/17055"}],"up":[{"embeddable":true,"href":"https:\/\/convention.cpa.ca\/fr\/wp-json\/wp\/v2\/pages\/2507"}],"wp:attachment":[{"href":"https:\/\/convention.cpa.ca\/fr\/wp-json\/wp\/v2\/media?parent=9465"}],"curies":[{"name":"wp","href":"https:\/\/api.w.org\/{rel}","templated":true}]}}